{"id":17712,"date":"2023-02-02T16:08:20","date_gmt":"2023-02-02T16:08:20","guid":{"rendered":"https:\/\/demo01.houzez.co\/?page_id=17712"},"modified":"2026-02-06T15:19:05","modified_gmt":"2026-02-06T14:19:05","slug":"anuncios-de-propiedades-en-la-costa-blanca","status":"publish","type":"page","link":"https:\/\/brokla.com\/es\/anuncios-de-propiedades-en-la-costa-blanca\/","title":{"rendered":"Anuncios de Inmuebles en la Costa Blanca"},"content":{"rendered":"<div data-elementor-type=\"wp-page\" data-elementor-id=\"17712\" class=\"elementor elementor-17712\">\n\t\t\t\t<div class=\"elementor-element elementor-element-dc6afca e-flex e-con-boxed e-con e-parent\" data-id=\"dc6afca\" data-element_type=\"container\" data-e-type=\"container\">\n\t\t\t\t\t<div class=\"e-con-inner\">\n\t\t\t\t<div class=\"elementor-element elementor-element-43c43c5 elementor-widget elementor-widget-text-editor\" data-id=\"43c43c5\" data-element_type=\"widget\" data-e-type=\"widget\" data-widget_type=\"text-editor.default\">\n\t\t\t\t\t\t\t\t\t<pre style=\"text-align: center;\"><strong>Anuncios de Inmuebles en la Costa Blanca<\/strong><\/pre><p data-path-to-node=\"8\">Acceder a los datos m\u00e1s fiables <a href=\"https:\/\/brokla.com\/es\/listings\/\"><b>anuncios inmobiliarios de la Costa Blanca<\/b><\/a> es el primer paso para asegurar el estilo de vida mediterr\u00e1neo de sus sue\u00f1os. Abarcando m\u00e1s de 200 kil\u00f3metros de la impresionante costa alicantina, esta regi\u00f3n sigue siendo uno de los mercados inmobiliarios m\u00e1s resilientes y codiciados de Europa. Seg\u00fan datos a largo plazo del <a class=\"ng-star-inserted\" href=\"https:\/\/www.ine.es\/en\/\" target=\"_blank\" rel=\"noopener\" data-hveid=\"0\" data-ved=\"0CAAQ_4QMahgKEwiu8dP65MSRAxUAAAAAHQAAAAAQmAU\">Instituto Nacional de Estad\u00edstica (INE)<\/a>, la Comunidad Valenciana lidera consistentemente las transacciones internacionales gracias a su microclima \u00fanico y su infraestructura de primer nivel.<\/p><h2 data-path-to-node=\"8\">Base de datos de inmuebles en la Costa Blanca<\/h2><p data-path-to-node=\"9\">Nuestra base de datos est\u00e1 dise\u00f1ada para ofrecer una experiencia de b\u00fasqueda fluida a quienes buscan <a class=\"ng-star-inserted\" href=\"https:\/\/brokla.com\/es\/tipo-de-propiedad\/villa\/\" target=\"_blank\" rel=\"noopener\" data-hveid=\"0\" data-ved=\"0CAAQ_4QMahgKEwiu8dP65MSRAxUAAAAAHQAAAAAQmQU\">villas de lujo en venta<\/a> en el monta\u00f1oso norte o modernos <a href=\"https:\/\/brokla.com\/es\/tipo-de-propiedad\/apartamento\/\">apartamentos<\/a> frente al mar en el vibrante sur. Centralizando las <b>anuncios inmobiliarios de la Costa Blanca<\/b>, ofertas m\u00e1s activas.<\/p><p data-path-to-node=\"10\">, garantizamos acceso inmediato a la evoluci\u00f3n de precios, propiedades nuevas en el mercado y oportunidades exclusivas de obra nueva. <a class=\"ng-star-inserted\" href=\"https:\/\/brokla.com\/es\/guia-mas-reciente-para-comprar-propiedades-en-la-costa-blanca\/\" target=\"_blank\" rel=\"noopener\" data-hveid=\"0\" data-ved=\"0CAAQ_4QMahgKEwiu8dP65MSRAxUAAAAAHQAAAAAQmwU\">Ya sea que busque una residencia permanente o una inversi\u00f3n de alto rendimiento, nuestra<\/a> gu\u00eda de compra.<\/p>\t\t\t\t\t\t\t\t<\/div>\n\t\t\t\t\t<\/div>\n\t\t\t\t<\/div>\n\t\t\t\t<\/div>","protected":false},"excerpt":{"rendered":"<p>Costa Blanca Real Estate Listings Accessing the most reliable Costa Blanca real estate listings is the first step toward securing your dream Mediterranean lifestyle. Spanning over 200 kilometers of the stunning Alicante coastline, this region remains one of Europe\u2019s most resilient and sought-after property markets. According to long-term data from the Spanish National Institute of [&hellip;]<\/p>\n","protected":false},"author":1,"featured_media":16167,"parent":0,"menu_order":0,"comment_status":"closed","ping_status":"closed","template":"template\/template-listing-list-v2-fullwidth.php","meta":{"googlesitekit_rrm_CAowzI3FDA:productID":"","footnotes":""},"class_list":["post-17712","page","type-page","status-publish","has-post-thumbnail","hentry"],"_links":{"self":[{"href":"https:\/\/brokla.com\/es\/wp-json\/wp\/v2\/pages\/17712","targetHints":{"allow":["GET"]}}],"collection":[{"href":"https:\/\/brokla.com\/es\/wp-json\/wp\/v2\/pages"}],"about":[{"href":"https:\/\/brokla.com\/es\/wp-json\/wp\/v2\/types\/page"}],"author":[{"embeddable":true,"href":"https:\/\/brokla.com\/es\/wp-json\/wp\/v2\/users\/1"}],"replies":[{"embeddable":true,"href":"https:\/\/brokla.com\/es\/wp-json\/wp\/v2\/comments?post=17712"}],"version-history":[{"count":0,"href":"https:\/\/brokla.com\/es\/wp-json\/wp\/v2\/pages\/17712\/revisions"}],"wp:featuredmedia":[{"embeddable":true,"href":"https:\/\/brokla.com\/es\/wp-json\/wp\/v2\/media\/16167"}],"wp:attachment":[{"href":"https:\/\/brokla.com\/es\/wp-json\/wp\/v2\/media?parent=17712"}],"curies":[{"name":"wp","href":"https:\/\/api.w.org\/{rel}","templated":true}]}}