{"id":20684,"date":"2026-02-02T14:04:44","date_gmt":"2026-02-02T13:04:44","guid":{"rendered":"https:\/\/brokla.com\/?page_id=20684"},"modified":"2026-02-02T14:06:12","modified_gmt":"2026-02-02T13:06:12","slug":"numero-nie-espana-2026","status":"publish","type":"page","link":"https:\/\/brokla.com\/es\/numero-nie-espana-2026\/","title":{"rendered":"N\u00famero de Identificaci\u00f3n de Extranjero en Espa\u00f1a: La Gu\u00eda Definitiva para Compradores de Propiedades en 2026"},"content":{"rendered":"<p><strong><em>N\u00famero de NIE Espa\u00f1a 2026<\/em><\/strong>Si est\u00e1s planeando comprar una propiedad en la Costa Blanca, ya sea un apartamento moderno en <strong>Benidorm<\/strong> o una villa de lujo en <strong>Altea<\/strong>, hay un tr\u00e1mite administrativo que debes completar antes que nada: obtener tu <strong>Reserva vs. Arras en Espa\u00f1a: La Gu\u00eda 2026 para Proteger tu Dep\u00f3sito 4<\/strong>.<\/p>\n\n\n\n<p>En <strong>En Brokla.com<\/strong>, vemos que muchos compradores internacionales\u2014especialmente de EE.UU., Reino Unido y Canad\u00e1\u2014retrasan la compra de su hogar so\u00f1ado porque subestiman el tiempo que lleva obtener este documento. En esta gu\u00eda actualizada para 2026, explicamos exactamente qu\u00e9 es un NIE, por qu\u00e9 lo necesitas y c\u00f3mo conseguirlo sin estr\u00e9s.<\/p>\n\n\n\n<div id=\"ez-toc-container\" class=\"ez-toc-v2_0_82_2 counter-hierarchy ez-toc-counter ez-toc-light-blue ez-toc-container-direction\">\n<div class=\"ez-toc-title-container\">\n<p class=\"ez-toc-title\" style=\"cursor:inherit\">\u00cdndice de Contenidos<\/p>\n<span class=\"ez-toc-title-toggle\"><a href=\"#\" class=\"ez-toc-pull-right ez-toc-btn ez-toc-btn-xs ez-toc-btn-default ez-toc-toggle\" aria-label=\"Alternar tabla de contenidos\"><span class=\"ez-toc-js-icon-con\"><span class=\"\"><span class=\"eztoc-hide\" style=\"display:none;\">Alternar<\/span><span class=\"ez-toc-icon-toggle-span\"><svg style=\"fill: #999;color:#999\" xmlns=\"http:\/\/www.w3.org\/2000\/svg\" class=\"list-377408\" width=\"20px\" height=\"20px\" viewbox=\"0 0 24 24\" fill=\"none\"><path d=\"M6 6H4v2h2V6zm14 0H8v2h12V6zM4 11h2v2H4v-2zm16 0H8v2h12v-2zM4 16h2v2H4v-2zm16 0H8v2h12v-2z\" fill=\"currentColor\"><\/path><\/svg><svg style=\"fill: #999;color:#999\" class=\"arrow-unsorted-368013\" xmlns=\"http:\/\/www.w3.org\/2000\/svg\" width=\"10px\" height=\"10px\" viewbox=\"0 0 24 24\" version=\"1.2\" baseprofile=\"tiny\"><path d=\"M18.2 9.3l-6.2-6.3-6.2 6.3c-.2.2-.3.4-.3.7s.1.5.3.7c.2.2.4.3.7.3h11c.3 0 .5-.1.7-.3.2-.2.3-.5.3-.7s-.1-.5-.3-.7zM5.8 14.7l6.2 6.3 6.2-6.3c.2-.2.3-.5.3-.7s-.1-.5-.3-.7c-.2-.2-.4-.3-.7-.3h-11c-.3 0-.5.1-.7.3-.2.2-.3.5-.3.7s.1.5.3.7z\"\/><\/svg><\/span><\/span><\/span><\/a><\/span><\/div>\n<nav><ul class='ez-toc-list ez-toc-list-level-1' ><li class='ez-toc-page-1 ez-toc-heading-level-2'><a class=\"ez-toc-link ez-toc-heading-1\" href=\"https:\/\/brokla.com\/es\/numero-nie-espana-2026\/#What_is_an_NIE_Number\" >\u00bfQu\u00e9 es el N\u00famero NIE?<\/a><\/li><li class='ez-toc-page-1 ez-toc-heading-level-2'><a class=\"ez-toc-link ez-toc-heading-2\" href=\"https:\/\/brokla.com\/es\/numero-nie-espana-2026\/#Why_Do_You_Need_an_NIE_to_Buy_Property\" >\u00bfPor qu\u00e9 necesitas un NIE para comprar una propiedad?<\/a><\/li><li class='ez-toc-page-1 ez-toc-heading-level-2'><a class=\"ez-toc-link ez-toc-heading-3\" href=\"https:\/\/brokla.com\/es\/numero-nie-espana-2026\/#How_to_Apply_for_an_NIE_Number_Spain_2026_Two_Main_Paths\" >C\u00f3mo solicitar el NIE en Espa\u00f1a 2026: Dos v\u00edas principales<\/a><ul class='ez-toc-list-level-3' ><li class='ez-toc-heading-level-3'><a class=\"ez-toc-link ez-toc-heading-4\" href=\"https:\/\/brokla.com\/es\/numero-nie-espana-2026\/#1_Applying_From_Outside_Spain_Recommended\" >1. Solicitud desde fuera de Espa\u00f1a (Recomendado)<\/a><\/li><li class='ez-toc-page-1 ez-toc-heading-level-3'><a class=\"ez-toc-link ez-toc-heading-5\" href=\"https:\/\/brokla.com\/es\/numero-nie-espana-2026\/#2_Applying_in_Spain_Alicante_Province\" >2. Solicitud en Espa\u00f1a (Provincia de Alicante)<\/a><\/li><\/ul><\/li><li class='ez-toc-page-1 ez-toc-heading-level-2'><a class=\"ez-toc-link ez-toc-heading-6\" href=\"https:\/\/brokla.com\/es\/numero-nie-espana-2026\/#Required_Documents_for_the_NIE_Application\" >Documentaci\u00f3n requerida para la solicitud del NIE<\/a><\/li><li class='ez-toc-page-1 ez-toc-heading-level-2'><a class=\"ez-toc-link ez-toc-heading-7\" href=\"https:\/\/brokla.com\/es\/numero-nie-espana-2026\/#Special_Advice_for_Americans_and_Canadians\" >Consejos especiales para estadounidenses y canadienses<\/a><\/li><li class='ez-toc-page-1 ez-toc-heading-level-2'><a class=\"ez-toc-link ez-toc-heading-8\" href=\"https:\/\/brokla.com\/es\/numero-nie-espana-2026\/#NIE_vs_TIE_Whats_the_Difference\" >NIE vs. TIE: \u00bfCu\u00e1l es la diferencia?<\/a><\/li><li class='ez-toc-page-1 ez-toc-heading-level-2'><a class=\"ez-toc-link ez-toc-heading-9\" href=\"https:\/\/brokla.com\/es\/numero-nie-espana-2026\/#Common_Pitfalls_to_Avoid\" >Errores comunes que debes evitar<\/a><\/li><li class='ez-toc-page-1 ez-toc-heading-level-2'><a class=\"ez-toc-link ez-toc-heading-10\" href=\"https:\/\/brokla.com\/es\/numero-nie-espana-2026\/#Frequently_Asked_Questions_FAQ\" >Preguntas frecuentes (FAQ)<\/a><\/li><li class='ez-toc-page-1 ez-toc-heading-level-2'><a class=\"ez-toc-link ez-toc-heading-11\" href=\"https:\/\/brokla.com\/es\/numero-nie-espana-2026\/#Moving_Forward_with_Broklacom\" >Avanzando con Brokla.com<\/a><ul class='ez-toc-list-level-3' ><li class='ez-toc-heading-level-3'><a class=\"ez-toc-link ez-toc-heading-12\" href=\"https:\/\/brokla.com\/es\/numero-nie-espana-2026\/#Ready_to_Start_Your_Costa_Blanca_Journey\" >\u00bfListo para comenzar tu aventura en la Costa Blanca?<\/a><\/li><\/ul><\/li><\/ul><\/nav><\/div>\n<h2 class=\"wp-block-heading\"><span class=\"ez-toc-section\" id=\"What_is_an_NIE_Number\"><\/span>\u00bfQu\u00e9 es el N\u00famero NIE?<span class=\"ez-toc-section-end\"><\/span><\/h2>\n\n\n\n<p>La <em>N\u00famero de Identidad de Extranjero<\/em> El NIE es un n\u00famero de identificaci\u00f3n fiscal personal, \u00fanico y secuencial para extranjeros en Espa\u00f1a. Consid\u00e9ralo tu \u201cpase de acceso total\u201d al sistema administrativo y financiero espa\u00f1ol.<\/p>\n\n\n\n<p>Es importante se\u00f1alar que el NIE <strong>permite una \"ruptura limpia\". Si una parte intenta cancelar, la otra puede llevarla a juicio para<\/strong> no es un permiso de residencia. Es simplemente un n\u00famero que te identifica ante la Agencia Tributaria espa\u00f1ola (<em>Hacienda<\/em>). Incluso si nunca piensas vivir en Espa\u00f1a a tiempo completo, <strong>debes<\/strong> tener este n\u00famero para comprar bienes inmuebles.<\/p>\n\n\n\n<figure class=\"wp-block-image size-full\"><img fetchpriority=\"high\" decoding=\"async\" width=\"2560\" height=\"1441\" src=\"https:\/\/brokla.com\/wp-content\/uploads\/2025\/12\/Costa-Blanca-Benidorm-scaled.jpg\" alt=\"Costa Blanca, Benidorm\" class=\"wp-image-18013\" title=\"\" srcset=\"https:\/\/brokla.com\/wp-content\/uploads\/2025\/12\/Costa-Blanca-Benidorm-scaled.jpg 2560w, https:\/\/brokla.com\/wp-content\/uploads\/2025\/12\/Costa-Blanca-Benidorm-1536x865.jpg 1536w, https:\/\/brokla.com\/wp-content\/uploads\/2025\/12\/Costa-Blanca-Benidorm-2048x1153.jpg 2048w\" sizes=\"(max-width: 2560px) 100vw, 2560px\" \/><\/figure>\n\n\n\n<blockquote class=\"wp-block-quote is-layout-flow wp-block-quote-is-layout-flow\">\n<p><strong><em>Vida de lujo en Benidorm Costa Blanca<\/em><\/strong><\/p>\n<\/blockquote>\n\n\n\n<h2 class=\"wp-block-heading\"><span class=\"ez-toc-section\" id=\"Why_Do_You_Need_an_NIE_to_Buy_Property\"><\/span>\u00bfPor qu\u00e9 necesitas un NIE para comprar una propiedad?<span class=\"ez-toc-section-end\"><\/span><\/h2>\n\n\n\n<p>En Espa\u00f1a, no puedes completar legalmente una transacci\u00f3n inmobiliaria sin un NIE. Lo necesitar\u00e1s para:<\/p>\n\n\n\n<ul class=\"wp-block-list\">\n<li><strong>Firmar la Escritura P\u00fablica:<\/strong> El Notario no permitir\u00e1 la firma de la <em>Pago:<\/em> escritura sin NIEs v\u00e1lidos de todos los compradores.<\/li>\n\n\n\n<li><strong>Pagar Impuestos:<\/strong> Para pagar el ITP (Impuesto de Transmisiones Patrimoniales) o AJD, necesitas un n\u00famero de identificaci\u00f3n.<\/li>\n\n\n\n<li><strong>Contratar Servicios:<\/strong> Dar de alta el agua, la electricidad y la conexi\u00f3n a internet de alta velocidad en tu nueva vivienda.<\/li>\n\n\n\n<li><strong>Abrir una Cuenta Bancaria:<\/strong> La mayor\u00eda de los bancos espa\u00f1oles requieren un NIE para abrir una cuenta de no residente.<\/li>\n<\/ul>\n\n\n\n<p>Para m\u00e1s informaci\u00f3n sobre todo el proceso, consulta nuestra <a href=\"https:\/\/brokla.com\/es\/guia-del-comprador-para-espana-2026\/\" target=\"_blank\" rel=\"noreferrer noopener\">Gu\u00eda del Comprador en Espa\u00f1a 2026<\/a>.<\/p>\n\n\n\n<h2 class=\"wp-block-heading\"><span class=\"ez-toc-section\" id=\"How_to_Apply_for_an_NIE_Number_Spain_2026_Two_Main_Paths\"><\/span>C\u00f3mo solicitar el NIE en Espa\u00f1a 2026: Dos v\u00edas principales<span class=\"ez-toc-section-end\"><\/span><\/h2>\n\n\n\n<p>El proceso var\u00eda ligeramente dependiendo de si ya est\u00e1s en Espa\u00f1a o solicitas desde el extranjero.<\/p>\n\n\n\n<h3 class=\"wp-block-heading\"><span class=\"ez-toc-section\" id=\"1_Applying_From_Outside_Spain_Recommended\"><\/span>1. Solicitud desde fuera de Espa\u00f1a (Recomendado)<span class=\"ez-toc-section-end\"><\/span><\/h3>\n\n\n\n<p>Esta es la forma m\u00e1s eficiente para compradores norteamericanos y del Reino Unido. Se solicita a trav\u00e9s del Consulado espa\u00f1ol en tu pa\u00eds de origen (por ejemplo, Nueva York, Los \u00c1ngeles, Toronto o Londres).<\/p>\n\n\n\n<ul class=\"wp-block-list\">\n<li><strong>Paso 1:<\/strong> Reserva una cita online en tu consulado local.<\/li>\n\n\n\n<li><strong>Paso 2:<\/strong> Presenta el formulario EX-15 y tu pasaporte.<\/li>\n\n\n\n<li><strong>Paso 3:<\/strong> El NIE suele enviarse por correo electr\u00f3nico en un plazo de 1 a 3 semanas.<\/li>\n<\/ul>\n\n\n\n<h3 class=\"wp-block-heading\"><span class=\"ez-toc-section\" id=\"2_Applying_in_Spain_Alicante_Province\"><\/span>2. Solicitud en Espa\u00f1a (Provincia de Alicante)<span class=\"ez-toc-section-end\"><\/span><\/h3>\n\n\n\n<p>Si ya est\u00e1s viendo propiedades en <strong>Torrevieja<\/strong> da\u00f1os adicionales. <strong>Calpe<\/strong>, puedes solicitarlo en la <em>Comisar\u00eda de Polic\u00eda<\/em>. Sin embargo, debes conseguir una <em>Cita Previa<\/em> a trav\u00e9s del <a href=\"https:\/\/sede.administracionespublicas.gob.es\" target=\"_blank\" rel=\"noreferrer noopener\">portal oficial del gobierno<\/a>.<\/p>\n\n\n\n<h2 class=\"wp-block-heading\"><span class=\"ez-toc-section\" id=\"Required_Documents_for_the_NIE_Application\"><\/span>Documentaci\u00f3n requerida para la solicitud del NIE<span class=\"ez-toc-section-end\"><\/span><\/h2>\n\n\n\n<p>Para evitar que tu solicitud sea rechazada, debes tener preparados los siguientes documentos:<\/p>\n\n\n\n<ol start=\"1\" class=\"wp-block-list\">\n<li><strong>Formulario de Solicitud EX-15:<\/strong> Debe completarse en espa\u00f1ol. Puedes descargarlo de la <a href=\"https:\/\/www.interior.gob.es\/\" target=\"_blank\" rel=\"noreferrer noopener\">web oficial del Ministerio del Interior<\/a>.<\/li>\n\n\n\n<li><strong>Pasaporte en Vigor:<\/strong> Original y fotocopia completa de todas las p\u00e1ginas.<\/li>\n\n\n\n<li><strong>Justificante de Inter\u00e9s Econ\u00f3mico:<\/strong> Una copia de tu contrato de reserva con Brokla.com o una carta de un abogado que certifique que est\u00e1s en proceso de compra de una vivienda.<\/li>\n\n\n\n<li><strong>Modelo 790-012:<\/strong> Es el impreso para pagar la tasa administrativa (aprox. 10 \u20ac). Debes llevarlo a un banco, pagar la tasa y presentar el resguardo sellado en la comisar\u00eda.<\/li>\n<\/ol>\n\n\n\n<h2 class=\"wp-block-heading\"><span class=\"ez-toc-section\" id=\"Special_Advice_for_Americans_and_Canadians\"><\/span>Consejos especiales para estadounidenses y canadienses<span class=\"ez-toc-section-end\"><\/span><\/h2>\n\n\n\n<p>En 2026, estamos viendo una gran afluencia de compradores norteamericanos. A diferencia de los ciudadanos de la UE, los estadounidenses y canadienses est\u00e1n sujetos a la <strong>regla de los 90 d\u00edas<\/strong>. Aunque el NIE te permite comprar una propiedad, no te otorga el derecho a permanecer m\u00e1s de 90 d\u00edas cada 180.<\/p>\n\n\n\n<p>Si planeas vivir en Espa\u00f1a por m\u00e1s tiempo, deber\u00edas informarte sobre la <a href=\"https:\/\/brokla.com\/es\/guia-para-nomadas-digitales-en-la-costa-blanca\/\" target=\"_blank\" rel=\"noreferrer noopener\">Gu\u00eda para N\u00f3madas Digitales<\/a> o el Visado No Lucrativo. Para ciudadanos estadounidenses y canadienses, algunas zonas costeras de la provincia de Alicante tambi\u00e9n pueden requerir un <strong>Permiso Militar<\/strong> para compradores no comunitarios. Es un tr\u00e1mite independiente en el que podemos ayudarte.<\/p>\n\n\n\n<h2 class=\"wp-block-heading\"><span class=\"ez-toc-section\" id=\"NIE_vs_TIE_Whats_the_Difference\"><\/span>NIE vs. TIE: \u00bfCu\u00e1l es la diferencia?<span class=\"ez-toc-section-end\"><\/span><\/h2>\n\n\n\n<p>Es com\u00fan que los compradores confundan estos dos t\u00e9rminos.<\/p>\n\n\n\n<ul class=\"wp-block-list\">\n<li><strong>NIE:<\/strong> El n\u00famero en s\u00ed. Nunca caduca y te acompa\u00f1a de por vida.<\/li>\n\n\n\n<li><strong>TIE:<\/strong> La tarjeta f\u00edsica de pl\u00e1stico (<em>Tarjeta de Identidad de Extranjero<\/em>) que incluye tu foto y datos de residencia. Solo los residentes necesitan un TIE, pero todo el mundo requiere un NIE.<\/li>\n<\/ul>\n\n\n\n<h2 class=\"wp-block-heading\"><span class=\"ez-toc-section\" id=\"Common_Pitfalls_to_Avoid\"><\/span>Errores comunes que debes evitar<span class=\"ez-toc-section-end\"><\/span><\/h2>\n\n\n\n<ul class=\"wp-block-list\">\n<li><strong>Uso de Pasaportes Caducados:<\/strong> Tu pasaporte debe tener al menos 6 meses de validez.<\/li>\n\n\n\n<li><strong>Cumplimentaci\u00f3n Incorrecta del Formulario:<\/strong> Peque\u00f1os errores en el EX-15 pueden llevar al rechazo.<\/li>\n\n\n\n<li><strong>Perder la Cita Previa:<\/strong> En zonas de alta demanda como <strong>Alicante<\/strong> da\u00f1os adicionales. <strong>Denia<\/strong>, las citas pueden agotarse con semanas de antelaci\u00f3n. \u00a1Planifica con tiempo!<\/li>\n<\/ul>\n\n\n\n<figure class=\"wp-block-image size-full\"><img decoding=\"async\" width=\"1620\" height=\"1080\" src=\"https:\/\/brokla.com\/wp-content\/uploads\/2026\/01\/Amazing-apartment-for-sale-in-Torrevieja-Alicante-Costa-Blanca-15.jpg\" alt=\"Documentos para solicitar el NIE para compradores de propiedades\" class=\"wp-image-20605\" title=\"\" srcset=\"https:\/\/brokla.com\/wp-content\/uploads\/2026\/01\/Amazing-apartment-for-sale-in-Torrevieja-Alicante-Costa-Blanca-15.jpg 1620w, https:\/\/brokla.com\/wp-content\/uploads\/2026\/01\/Amazing-apartment-for-sale-in-Torrevieja-Alicante-Costa-Blanca-15-1536x1024.jpg 1536w\" sizes=\"(max-width: 1620px) 100vw, 1620px\" \/><\/figure>\n\n\n\n<h2 class=\"wp-block-heading\"><span class=\"ez-toc-section\" id=\"Frequently_Asked_Questions_FAQ\"><\/span>Preguntas frecuentes (FAQ)<span class=\"ez-toc-section-end\"><\/span><\/h2>\n\n\n\n<p><strong>\u00bfCu\u00e1nto se tarda en obtener el NIE en 2026?<\/strong> Si solicitas en persona en Espa\u00f1a, podr\u00edas recibirlo el mismo d\u00eda o en un plazo de 5 d\u00edas. Si lo gestionas a trav\u00e9s de un consulado en el extranjero, calcula entre 2 y 4 semanas.<\/p>\n\n\n\n<p><strong>\u00bfPuedo comprar una propiedad sin NIE?<\/strong> No. Puedes firmar un contrato de reserva privado, pero no la escritura notarial oficial.<\/p>\n\n\n\n<p><strong>\u00bfMi c\u00f3nyuge necesita NIE si solo figure mi nombre en la escritura?<\/strong> Si solo una persona compra, solo esa necesita el NIE. No obstante, recomendamos que ambos miembros de la pareja lo obtengan para facilitar futuras gestiones de suministros o herencias.<\/p>\n\n\n\n<h2 class=\"wp-block-heading\"><span class=\"ez-toc-section\" id=\"Moving_Forward_with_Broklacom\"><\/span>Avanzando con Brokla.com<span class=\"ez-toc-section-end\"><\/span><\/h2>\n\n\n\n<p>Una vez tengas tu NIE, empieza la parte divertida: buscar la casa de tus sue\u00f1os. Ya te interese el lujo de los rascacielos de <strong>Benidorm<\/strong>, el encanto tradicional de <strong>Villajoyosa<\/strong>, o la serenidad de las colinas de <strong>La Nuc\u00eda<\/strong>, estamos aqu\u00ed para guiarte.<\/p>\n\n\n\n<p>Explore nuestro <a href=\"https:\/\/brokla.com\/es\/estrategia-de-inversion-inmobiliaria-en-la-costa-blanca\/\" target=\"_blank\" rel=\"noreferrer noopener\">Estrategia de Inversi\u00f3n Inmobiliaria<\/a> para maximizar tu ROI en el mercado de 2026, o explora nuestros \u00faltimos <a href=\"https:\/\/brokla.com\/es\/ciudad\/albir\/\">anuncios en <strong>Albir<\/strong><\/a> y <strong><a href=\"https:\/\/brokla.com\/es\/ciudad\/finestrat\/\">Finestrat<\/a><\/strong>.<\/p>\n\n\n\n<h3 class=\"wp-block-heading\"><span class=\"ez-toc-section\" id=\"Ready_to_Start_Your_Costa_Blanca_Journey\"><\/span><strong>\u00bfListo para comenzar tu aventura en la Costa Blanca?<\/strong><span class=\"ez-toc-section-end\"><\/span><\/h3>\n\n\n\n<figure class=\"wp-block-image size-full\"><img decoding=\"async\" width=\"1920\" height=\"1361\" src=\"https:\/\/brokla.com\/wp-content\/uploads\/2026\/01\/Amazing-apartment-for-sale-in-Torrevieja-Alicante-Costa-Blanca-21.jpg\" alt=\"Con su NIE en mano, podr\u00eda estar recogiendo las llaves de un apartamento moderno como este en Torrevieja\" class=\"wp-image-20611\" title=\"\" srcset=\"https:\/\/brokla.com\/wp-content\/uploads\/2026\/01\/Amazing-apartment-for-sale-in-Torrevieja-Alicante-Costa-Blanca-21.jpg 1920w, https:\/\/brokla.com\/wp-content\/uploads\/2026\/01\/Amazing-apartment-for-sale-in-Torrevieja-Alicante-Costa-Blanca-21-1536x1089.jpg 1536w\" sizes=\"(max-width: 1920px) 100vw, 1920px\" \/><\/figure>\n\n\n\n<blockquote class=\"wp-block-quote is-layout-flow wp-block-quote-is-layout-flow\">\n<p><em>Con su NIE en mano, podr\u00eda estar recogiendo las llaves de un apartamento moderno como este en Torrevieja<\/em><\/p>\n<\/blockquote>\n\n\n\n<p>Obtener tu NIE es solo el primer paso para tener tu propio para\u00edso mediterr\u00e1neo. Ya busques un apartamento moderno para invertir en <strong>Benidorm<\/strong> o un retiro tranquilo en <strong>Villajoyosa<\/strong>, el equipo de Brokla est\u00e1 aqu\u00ed para que el proceso sea fluido.<\/p>\n\n\n\n<ul class=\"wp-block-list\">\n<li><strong>Paso 1: Explora el Mercado<\/strong> \u2013 Consulta nuestros <a href=\"https:\/\/brokla.com\/es\/anuncios-de-propiedades-en-la-costa-blanca\/\" target=\"_blank\" rel=\"noreferrer noopener\">\u00daltimos Anuncios de Propiedades en la Costa Blanca<\/a>.<\/li>\n\n\n\n<li><strong>Paso 2: Recibe Asesoramiento Experto<\/strong> \u2013 \u00bfNo sabes qu\u00e9 zona se adapta a tu estilo de vida? Lee nuestra <a href=\"https:\/\/brokla.com\/es\/costa-blanca-norte-frente-a-sur\/\" target=\"_blank\" rel=\"noreferrer noopener\">Comparaci\u00f3n entre Costa Blanca Norte y Sur<\/a>.<\/li>\n\n\n\n<li><strong>Paso 3: Cont\u00e1ctanos<\/strong> \u2013 \u00bfTienes dudas sobre el NIE o el proceso de compra? <a href=\"https:\/\/brokla.com\/es\/contacte-con-costa-blanca-real-estate\/\" target=\"_blank\" rel=\"noreferrer noopener\">Env\u00edanos un mensaje hoy mismo<\/a>, y comencemos.<\/li>\n<\/ul>\n\n\n\n<p><strong>N\u00famero NIE Espa\u00f1a 2026 por <a href=\"https:\/\/brokla.com\/es\/agencia-inmobiliaria-costa-blanca\/\">Brokla Realty<\/a><\/strong><\/p>","protected":false},"excerpt":{"rendered":"<p>NIE Number Spain 2026: If you are planning to purchase property in the Costa Blanca, whether it is a modern apartment in Benidorm or a luxury villa in Altea, there is one administrative hurdle you must clear before anything else: obtaining your NIE Number. At Brokla.com, we see many international buyers\u2014especially from the US, UK, [&hellip;]<\/p>\n","protected":false},"author":1,"featured_media":20686,"parent":0,"menu_order":0,"comment_status":"closed","ping_status":"closed","template":"","meta":{"googlesitekit_rrm_CAowzI3FDA:productID":"","footnotes":""},"class_list":["post-20684","page","type-page","status-publish","has-post-thumbnail","hentry"],"_links":{"self":[{"href":"https:\/\/brokla.com\/es\/wp-json\/wp\/v2\/pages\/20684","targetHints":{"allow":["GET"]}}],"collection":[{"href":"https:\/\/brokla.com\/es\/wp-json\/wp\/v2\/pages"}],"about":[{"href":"https:\/\/brokla.com\/es\/wp-json\/wp\/v2\/types\/page"}],"author":[{"embeddable":true,"href":"https:\/\/brokla.com\/es\/wp-json\/wp\/v2\/users\/1"}],"replies":[{"embeddable":true,"href":"https:\/\/brokla.com\/es\/wp-json\/wp\/v2\/comments?post=20684"}],"version-history":[{"count":0,"href":"https:\/\/brokla.com\/es\/wp-json\/wp\/v2\/pages\/20684\/revisions"}],"wp:featuredmedia":[{"embeddable":true,"href":"https:\/\/brokla.com\/es\/wp-json\/wp\/v2\/media\/20686"}],"wp:attachment":[{"href":"https:\/\/brokla.com\/es\/wp-json\/wp\/v2\/media?parent=20684"}],"curies":[{"name":"wp","href":"https:\/\/api.w.org\/{rel}","templated":true}]}}