{"id":54,"date":"2020-02-18T11:54:46","date_gmt":"2020-02-18T11:54:46","guid":{"rendered":"https:\/\/demo01.houzez.co\/?page_id=54"},"modified":"2026-01-29T16:14:57","modified_gmt":"2026-01-29T15:14:57","slug":"mapa-de-propiedades-de-la-costa-blanca","status":"publish","type":"page","link":"https:\/\/brokla.com\/es\/mapa-de-propiedades-de-la-costa-blanca\/","title":{"rendered":"Mapa Inmobiliario de la Costa Blanca"},"content":{"rendered":"<div data-elementor-type=\"wp-page\" data-elementor-id=\"54\" class=\"elementor elementor-54\">\n\t\t\t\t<div class=\"elementor-element elementor-element-15806d19 e-flex e-con-boxed e-con e-parent\" data-id=\"15806d19\" data-element_type=\"container\" data-e-type=\"container\">\n\t\t\t\t\t<div class=\"e-con-inner\">\n\t\t\t\t<div class=\"elementor-element elementor-element-35c5a44f elementor-widget elementor-widget-text-editor\" data-id=\"35c5a44f\" data-element_type=\"widget\" data-e-type=\"widget\" data-widget_type=\"text-editor.default\">\n\t\t\t\t\t\t\t\t\t\n<div id=\"ez-toc-container\" class=\"ez-toc-v2_0_82_2 counter-hierarchy ez-toc-counter ez-toc-light-blue ez-toc-container-direction\">\n<div class=\"ez-toc-title-container\">\n<p class=\"ez-toc-title\" style=\"cursor:inherit\">\u00cdndice de Contenidos<\/p>\n<span class=\"ez-toc-title-toggle\"><a href=\"#\" class=\"ez-toc-pull-right ez-toc-btn ez-toc-btn-xs ez-toc-btn-default ez-toc-toggle\" aria-label=\"Alternar tabla de contenidos\"><span class=\"ez-toc-js-icon-con\"><span class=\"\"><span class=\"eztoc-hide\" style=\"display:none;\">Alternar<\/span><span class=\"ez-toc-icon-toggle-span\"><svg style=\"fill: #999;color:#999\" xmlns=\"http:\/\/www.w3.org\/2000\/svg\" class=\"list-377408\" width=\"20px\" height=\"20px\" viewbox=\"0 0 24 24\" fill=\"none\"><path d=\"M6 6H4v2h2V6zm14 0H8v2h12V6zM4 11h2v2H4v-2zm16 0H8v2h12v-2zM4 16h2v2H4v-2zm16 0H8v2h12v-2z\" fill=\"currentColor\"><\/path><\/svg><svg style=\"fill: #999;color:#999\" class=\"arrow-unsorted-368013\" xmlns=\"http:\/\/www.w3.org\/2000\/svg\" width=\"10px\" height=\"10px\" viewbox=\"0 0 24 24\" version=\"1.2\" baseprofile=\"tiny\"><path d=\"M18.2 9.3l-6.2-6.3-6.2 6.3c-.2.2-.3.4-.3.7s.1.5.3.7c.2.2.4.3.7.3h11c.3 0 .5-.1.7-.3.2-.2.3-.5.3-.7s-.1-.5-.3-.7zM5.8 14.7l6.2 6.3 6.2-6.3c.2-.2.3-.5.3-.7s-.1-.5-.3-.7c-.2-.2-.4-.3-.7-.3h-11c-.3 0-.5.1-.7.3-.2.2-.3.5-.3.7s.1.5.3.7z\"\/><\/svg><\/span><\/span><\/span><\/a><\/span><\/div>\n<nav><ul class='ez-toc-list ez-toc-list-level-1' ><li class='ez-toc-page-1 ez-toc-heading-level-1'><a class=\"ez-toc-link ez-toc-heading-1\" href=\"https:\/\/brokla.com\/es\/mapa-de-propiedades-de-la-costa-blanca\/#Costa_Blanca_Property_Map\" >Mapa Inmobiliario de la Costa Blanca<\/a><ul class='ez-toc-list-level-2' ><li class='ez-toc-heading-level-2'><a class=\"ez-toc-link ez-toc-heading-2\" href=\"https:\/\/brokla.com\/es\/mapa-de-propiedades-de-la-costa-blanca\/#Interactive_Costa_Blanca_Property_Map\" >Mapa Interactivo de Propiedades en la Costa Blanca<\/a><ul class='ez-toc-list-level-3' ><li class='ez-toc-heading-level-3'><a class=\"ez-toc-link ez-toc-heading-3\" href=\"https:\/\/brokla.com\/es\/mapa-de-propiedades-de-la-costa-blanca\/#Our_Costa_Blanca_property_map\" >Nuestro mapa de propiedades de la Costa Blanca<\/a><\/li><\/ul><\/li><\/ul><\/li><\/ul><\/nav><\/div>\n<h1 class=\"wp-block-heading\" style=\"text-align: center;\"><span class=\"ez-toc-section\" id=\"Costa_Blanca_Property_Map\"><\/span>Mapa Inmobiliario de la Costa Blanca<span class=\"ez-toc-section-end\"><\/span><\/h1>\n<h2 class=\"wp-block-heading\" style=\"font-size: 38px; line-height: 1.4; text-align: center;\"><span class=\"ez-toc-section\" id=\"Interactive_Costa_Blanca_Property_Map\"><\/span>Mapa Interactivo de Propiedades en la Costa Blanca<span class=\"ez-toc-section-end\"><\/span><\/h2>\n\n<p data-path-to-node=\"9\">Encontrar la casa de sus sue\u00f1os en Espa\u00f1a es ahora m\u00e1s f\u00e1cil gracias a nuestro completo <b>mapa de propiedades de la Costa Blanca<\/b>. Esta herramienta interactiva le permite visualizar exactamente d\u00f3nde se encuentra su pr\u00f3xima inversi\u00f3n, ya sea una <a href=\"https:\/\/brokla.com\/es\/tipo-de-propiedad\/villa\/\">villa<\/a> en primera l\u00ednea en <a href=\"https:\/\/brokla.com\/es\/ciudad\/javea\/\">J\u00e1vea<\/a> o un moderno <a href=\"https:\/\/brokla.com\/es\/tipo-de-propiedad\/apartamento\/\">apartamento<\/a> en primera l\u00ednea en <a href=\"https:\/\/brokla.com\/es\/ciudad\/alicante\/\">Alicante<\/a>. La ubicaci\u00f3n es el factor m\u00e1s determinante en el valor inmobiliario; seg\u00fan el <a class=\"ng-star-inserted\" href=\"https:\/\/www.registradores.org\/\" target=\"_blank\" rel=\"noopener\" data-hveid=\"0\" data-ved=\"0CAAQ_4QMahgKEwiu8dP65MSRAxUAAAAAHQAAAAAQuwU\">Colegio de Registradores de Espa\u00f1a<\/a>, la proximidad a la costa y a los servicios locales sigue siendo el principal motor de revalorizaci\u00f3n a largo plazo en la Comunidad Valenciana.<\/p>\n<h3 data-path-to-node=\"10\"><span class=\"ez-toc-section\" id=\"Our_Costa_Blanca_property_map\"><\/span><strong>Nuestros<\/strong> <b>mapa de propiedades de la Costa Blanca<\/b><span class=\"ez-toc-section-end\"><\/span><\/h3>\n<p data-path-to-node=\"10\">se actualiza en tiempo real, garantizando que vea las \u00faltimas disponibilidades tanto en la zona norte como en la sur. Usando la vista de mapa, podr\u00e1 identificar f\u00e1cilmente propiedades cerca de colegios internacionales de primer nivel, campos de golf y las famosas playas con Bandera Azul de la regi\u00f3n.<\/p>\n<p data-path-to-node=\"11\">Ya sea que est\u00e9 buscando una inversi\u00f3n en alquiler de alto rendimiento o un retiro tranquilo para su jubilaci\u00f3n, nuestro <a class=\"ng-star-inserted\" href=\"https:\/\/brokla.com\/es\/guia-mas-reciente-para-comprar-propiedades-en-la-costa-blanca\/\" target=\"_blank\" rel=\"noopener\" data-hveid=\"0\" data-ved=\"0CAAQ_4QMahgKEwiu8dP65MSRAxUAAAAAHQAAAAAQvAU\">Ya sea que busque una residencia permanente o una inversi\u00f3n de alto rendimiento, nuestra<\/a> le ofrece toda la informaci\u00f3n local que necesita para tomar una decisi\u00f3n informada. Comience su b\u00fasqueda visual hoy mismo y descubra por qu\u00e9 la Costa Blanca sigue siendo el destino principal en Europa para disfrutar de la vida mediterr\u00e1nea.<\/p>\n\n<p>\u00a0<\/p>\n\n<p>\u00a0<\/p>\n\n<p>\u00a0<\/p>\n\n<p>\u00a0<\/p>\n\n<p>\u00a0<\/p>\n\n<p>\u00a0<\/p>\n\n<p>\u00a0<\/p>\n\n<p>\u00a0<\/p>\n\n<p>\u00a0<\/p>\n\t\t\t\t\t\t\t\t<\/div>\n\t\t\t\t\t<\/div>\n\t\t\t\t<\/div>\n\t\t\t\t<\/div>","protected":false},"excerpt":{"rendered":"<p>Costa Blanca Property Map Interactive Costa Blanca Property Map Finding your ideal home in Spain is now easier with our comprehensive Costa Blanca property map. This interactive tool allows you to visualize exactly where your next investment sits, whether it\u2019s a frontline villa in Javea or a modern apartment in Alicante. Location is the most [&hellip;]<\/p>\n","protected":false},"author":1,"featured_media":18068,"parent":0,"menu_order":0,"comment_status":"closed","ping_status":"closed","template":"template\/property-listings-map.php","meta":{"googlesitekit_rrm_CAowzI3FDA:productID":"","footnotes":""},"class_list":["post-54","page","type-page","status-publish","has-post-thumbnail","hentry"],"_links":{"self":[{"href":"https:\/\/brokla.com\/es\/wp-json\/wp\/v2\/pages\/54","targetHints":{"allow":["GET"]}}],"collection":[{"href":"https:\/\/brokla.com\/es\/wp-json\/wp\/v2\/pages"}],"about":[{"href":"https:\/\/brokla.com\/es\/wp-json\/wp\/v2\/types\/page"}],"author":[{"embeddable":true,"href":"https:\/\/brokla.com\/es\/wp-json\/wp\/v2\/users\/1"}],"replies":[{"embeddable":true,"href":"https:\/\/brokla.com\/es\/wp-json\/wp\/v2\/comments?post=54"}],"version-history":[{"count":0,"href":"https:\/\/brokla.com\/es\/wp-json\/wp\/v2\/pages\/54\/revisions"}],"wp:featuredmedia":[{"embeddable":true,"href":"https:\/\/brokla.com\/es\/wp-json\/wp\/v2\/media\/18068"}],"wp:attachment":[{"href":"https:\/\/brokla.com\/es\/wp-json\/wp\/v2\/media?parent=54"}],"curies":[{"name":"wp","href":"https:\/\/api.w.org\/{rel}","templated":true}]}}