{"id":745,"date":"2016-03-10T18:51:46","date_gmt":"2016-03-10T18:51:46","guid":{"rendered":"https:\/\/default.houzez.co\/?page_id=745"},"modified":"2026-01-29T16:38:27","modified_gmt":"2026-01-29T15:38:27","slug":"condiciones-generales-de-los-bienes-inmuebles-de-la-costa-blanca","status":"publish","type":"page","link":"https:\/\/brokla.com\/es\/condiciones-generales-de-los-bienes-inmuebles-de-la-costa-blanca\/","title":{"rendered":"T\u00e9rminos y Condiciones de Costa Blanca Real Estate"},"content":{"rendered":"<div data-elementor-type=\"wp-page\" data-elementor-id=\"745\" class=\"elementor elementor-745\">\n\t\t\t\t<div class=\"elementor-element elementor-element-1dfd055b e-flex e-con-boxed e-con e-parent\" data-id=\"1dfd055b\" data-element_type=\"container\" data-e-type=\"container\">\n\t\t\t\t\t<div class=\"e-con-inner\">\n\t\t\t\t<div class=\"elementor-element elementor-element-276cc055 elementor-widget elementor-widget-text-editor\" data-id=\"276cc055\" data-element_type=\"widget\" data-e-type=\"widget\" data-widget_type=\"text-editor.default\">\n\t\t\t\t\t\t\t\t\t<p style=\"text-align: center;\" data-path-to-node=\"7\"><em><strong>T\u00e9rminos y Condiciones de Costa Blanca Real Estate<\/strong><\/em><\/p><p data-path-to-node=\"8\"><b>\u00daltima Actualizaci\u00f3n: A\u00f1o 2025<\/b><\/p><p data-path-to-node=\"9\">Bienvenido a Brokla. Al acceder a nuestro sitio web y utilizar nuestros servicios, usted acepta cumplir y quedar vinculado por los siguientes <b>t\u00e9rminos y condiciones inmobiliarios de la Costa Blanca<\/b>. Estos t\u00e9rminos regulan la relaci\u00f3n entre Brokla y nuestros usuarios en relaci\u00f3n con este sitio web y los servicios inmobiliarios que proporcionamos en toda la provincia de Alicante.<\/p><h2 data-path-to-node=\"10\"><b>1. Aceptaci\u00f3n de los T\u00e9rminos y Condiciones<\/b><\/h2><p data-path-to-node=\"11\">Su uso de este sitio web constituye la aceptaci\u00f3n plena de estos <b>t\u00e9rminos y condiciones inmobiliarios de la Costa Blanca<\/b>. Si no est\u00e1 de acuerdo con cualquier parte de estos t\u00e9rminos, no debe utilizar nuestro sitio web. Operamos bajo la legislaci\u00f3n espa\u00f1ola, cumpliendo espec\u00edficamente con la <a class=\"ng-star-inserted\" href=\"https:\/\/www.boe.es\/buscar\/act.php?id=BOE-A-2002-13758\" target=\"_blank\" rel=\"noopener\" data-hveid=\"0\" data-ved=\"0CAAQ_4QMahgKEwiu8dP65MSRAxUAAAAAHQAAAAAQ1Ac\">Ley de Servicios de la Sociedad de la Informaci\u00f3n y Comercio Electr\u00f3nico (LSSI-CE)<\/a>.<\/p><h2 data-path-to-node=\"12\"><b>2. Exactitud de los Anuncios Inmobiliarios<\/b><\/h2><p data-path-to-node=\"13\">Brokla se esfuerza por garantizar que todos los <b><a class=\"ng-star-inserted\" href=\"https:\/\/brokla.com\/es\/anuncios-de-propiedades-en-la-costa-blanca\/\" target=\"_blank\" rel=\"noopener\" data-hveid=\"0\" data-ved=\"0CAAQ_4QMahgKEwiu8dP65MSRAxUAAAAAHQAAAAAQ1Qc\">anuncios inmobiliarios de la Costa Blanca<\/a><\/b> sean exactos y est\u00e9n actualizados. Sin embargo, la informaci\u00f3n proporcionada \u2014incluyendo precios, dimensiones y disponibilidad\u2014 tiene \u00fanicamente fines informativos.<\/p><ul data-path-to-node=\"14\"><li><p data-path-to-node=\"14,0,0\"><b>Sin Valor Contractual:<\/b> Los detalles de las propiedades en este sitio no constituyen una oferta formal ni un contrato.<\/p><\/li><li><p data-path-to-node=\"14,1,0\"><b>Datos de Terceros:<\/b> Parte de la informaci\u00f3n es proporcionada por promotores o vendedores privados. Aunque verificamos los datos, no podemos garantizar su absoluta ausencia de errores.<\/p><\/li><li><p data-path-to-node=\"14,2,0\"><b>Cambios de Precio:<\/b> Los precios est\u00e1n sujetos a las fluctuaciones del mercado y al criterio del vendedor.<\/p><\/li><\/ul><h2 data-path-to-node=\"15\"><b>3. Derechos de Propiedad Intelectual<\/b><\/h2><p data-path-to-node=\"16\">Todo el contenido incluido en este sitio, como texto, gr\u00e1ficos, logotipos, im\u00e1genes y nuestro <b><a class=\"ng-star-inserted\" href=\"https:\/\/brokla.com\/es\/mapa-de-propiedades-de-la-costa-blanca\/\" target=\"_blank\" rel=\"noopener\" data-hveid=\"0\" data-ved=\"0CAAQ_4QMahgKEwiu8dP65MSRAxUAAAAAHQAAAAAQ1gc\">mapa de propiedades de la Costa Blanca<\/a><\/b>, es propiedad de Brokla o de sus proveedores de contenido y est\u00e1 protegido por las leyes de propiedad intelectual espa\u00f1olas e internacionales. Se proh\u00edbe estrictamente el uso, reproducci\u00f3n o distribuci\u00f3n no autorizada de cualquier material de este sitio.<\/p><h2 data-path-to-node=\"17\"><b>4. Conducta y Responsabilidades del Usuario<\/b><\/h2><p data-path-to-node=\"18\">Al utilizar nuestros servicios, usted acepta:<\/p><ol start=\"1\" data-path-to-node=\"19\"><li><p data-path-to-node=\"19,0,0\">Proporcionar informaci\u00f3n veraz al utilizar nuestros <b><a class=\"ng-star-inserted\" href=\"https:\/\/brokla.com\/es\/contacte-con-costa-blanca-real-estate\/\" target=\"_blank\" rel=\"noopener\" data-hveid=\"0\" data-ved=\"0CAAQ_4QMahgKEwiu8dP65MSRAxUAAAAAHQAAAAAQ1wc\">formularios de contacto<\/a><\/b>.<\/p><\/li><li><p data-path-to-node=\"19,1,0\">No utilizar el sitio web de manera que cause, o pueda causar, da\u00f1os al sitio web o perjuicio a la disponibilidad o accesibilidad del servicio.<\/p><\/li><li><p data-path-to-node=\"19,2,0\">No utilizar nuestro sitio web para copiar, almacenar, alojar, transmitir, enviar, utilizar, publicar o distribuir cualquier material que consista en (o est\u00e9 vinculado a) software esp\u00eda, virus inform\u00e1tico u otro software malicioso.<\/p><\/li><\/ol><h2 data-path-to-node=\"20\"><b>5. Limitaci\u00f3n de Responsabilidad<\/b><\/h2><p data-path-to-node=\"21\">Brokla no ser\u00e1 responsable de ninguna p\u00e9rdida o da\u00f1o directo, indirecto o consecuente que surja en virtud de estos <b>t\u00e9rminos y condiciones inmobiliarios de la Costa Blanca<\/b> o en relaci\u00f3n con nuestro sitio web. No garantizamos que el sitio web est\u00e9 disponible constantemente ni que la informaci\u00f3n en este sitio web sea completa, veraz o no enga\u00f1osa. Para asesoramiento legal y financiero oficial, recomendamos consultar con un abogado independiente, como se menciona en nuestras <b><a class=\"ng-star-inserted\" href=\"https:\/\/brokla.com\/es\/noticias-inmobiliarias-de-la-costa-blanca\/\" target=\"_blank\" rel=\"noopener\" data-hveid=\"0\" data-ved=\"0CAAQ_4QMahgKEwiu8dP65MSRAxUAAAAAHQAAAAAQ2Ac\">noticias y actualizaciones del blog<\/a><\/b>.<\/p><h2 data-path-to-node=\"22\"><b>6. Enlaces a Recursos de Terceros<\/b><\/h2><p data-path-to-node=\"23\">Para su comodidad, podemos proporcionar enlaces a sitios web externos, como el <a class=\"ng-star-inserted\" href=\"https:\/\/www.registradores.org\/\" target=\"_blank\" rel=\"noopener\" data-hveid=\"0\" data-ved=\"0CAAQ_4QMahgKEwiu8dP65MSRAxUAAAAAHQAAAAAQ2Qc\">Registro de la Propiedad de Espa\u00f1a (Registradores)<\/a>. Brokla no tiene control sobre el contenido de estos sitios y no acepta responsabilidad por ellos ni por cualquier p\u00e9rdida o da\u00f1o que pueda surgir de su uso.<\/p><h2 data-path-to-node=\"24\"><b>7. Ley Aplicable y Jurisdicci\u00f3n<\/b><\/h2><p data-path-to-node=\"25\">Estos <b>t\u00e9rminos y condiciones inmobiliarios de la Costa Blanca<\/b> se rigen e interpretan de acuerdo con la legislaci\u00f3n espa\u00f1ola. Cualquier disputa relacionada con estos t\u00e9rminos y condiciones estar\u00e1 sujeta a la jurisdicci\u00f3n exclusiva de los tribunales de Alicante, Espa\u00f1a.<\/p><h2 data-path-to-node=\"26\"><b>8. Modificaciones del Servicio<\/b><\/h2><p data-path-to-node=\"27\">Brokla se reserva el derecho de editar o eliminar cualquier material enviado a este sitio web, o almacenado en nuestros servidores, o alojado o publicado en este sitio web en cualquier momento y sin previo aviso.<\/p><p style=\"text-align: center;\" data-path-to-node=\"27\"><strong>t\u00e9rminos y condiciones inmobiliarios de la Costa Blanca @ <a href=\"https:\/\/brokla.com\/es\/\">Brokla Realty<\/a><\/strong><\/p>\t\t\t\t\t\t\t\t<\/div>\n\t\t\t\t\t<\/div>\n\t\t\t\t<\/div>\n\t\t<div class=\"elementor-element elementor-element-18026e4 e-flex e-con-boxed e-con e-parent\" data-id=\"18026e4\" data-element_type=\"container\" data-e-type=\"container\">\n\t\t\t\t\t<div class=\"e-con-inner\">\n\t\t\t\t<div class=\"elementor-element elementor-element-e2ea7f9 elementor-widget elementor-widget-houzez_elementor_testimonials_v3\" data-id=\"e2ea7f9\" data-element_type=\"widget\" data-e-type=\"widget\" data-widget_type=\"houzez_elementor_testimonials_v3.default\">\n\t\t\t\t<div class=\"elementor-widget-container\">\n\t\t\t\t\t\n        <div class=\"testimonials-module testimonials-module-slider-v3 testimonials-module-v3\">\n            <div class=\"testimonials-slider-wrap-v3\">\n                <div class=\"testimonial-item testimonial-item-v3\">\n    <div class=\"testimonial-body\">\n        Brokla Realty me guio en cada paso del proceso de compra. Comunicaci\u00f3n excelente y un servicio realmente fiable. \u00a1Totalmente recomendable!    <\/div><!-- testimonial-body -->\n    <div class=\"d-flex align-items-center\">\n                <div class=\"testimonial-thumb\">\n            <img decoding=\"async\" width=\"150\" height=\"150\" src=\"https:\/\/brokla.com\/wp-content\/uploads\/2026\/01\/Clients-1.jpg\" class=\"img-fluid rounded-circle\" alt=\"rese\u00f1a de cliente\" srcset=\"https:\/\/brokla.com\/wp-content\/uploads\/2026\/01\/Clients-1.jpg 1024w, https:\/\/brokla.com\/wp-content\/uploads\/2026\/01\/Clients-1-780x780.jpg 780w\" sizes=\"(max-width: 150px) 100vw, 150px\" title=\"\">        <\/div><!-- testimonial-thumb -->\n                <div class=\"testimonial-info\">\n            <strong class=\"testimonial-name\">Marco<\/strong><br>\n                        <em class=\"testimonial-position\">Abogado<\/em>\n                    <\/div><!-- testimonial-info -->\n    <\/div><!-- d-flex -->\n<\/div><!-- testimonial-item --><div class=\"testimonial-item testimonial-item-v3\">\n    <div class=\"testimonial-body\">\n        Trabajar con Brokla Realty fue una gran experiencia. Entendieron exactamente lo que buscaba y me ayudaron a encontrar la propiedad adecuada r\u00e1pidamente.    <\/div><!-- testimonial-body -->\n    <div class=\"d-flex align-items-center\">\n                <div class=\"testimonial-thumb\">\n            <img decoding=\"async\" width=\"150\" height=\"150\" src=\"https:\/\/brokla.com\/wp-content\/uploads\/2026\/01\/Clients-4.jpg\" class=\"img-fluid rounded-circle\" alt=\"Rese\u00f1a de cliente\" srcset=\"https:\/\/brokla.com\/wp-content\/uploads\/2026\/01\/Clients-4.jpg 1024w, https:\/\/brokla.com\/wp-content\/uploads\/2026\/01\/Clients-4-780x780.jpg 780w\" sizes=\"(max-width: 150px) 100vw, 150px\" title=\"\">        <\/div><!-- testimonial-thumb -->\n                <div class=\"testimonial-info\">\n            <strong class=\"testimonial-name\">Kim<\/strong><br>\n                        <em class=\"testimonial-job\">Aut\u00f3nomo<\/em>\n                    <\/div><!-- testimonial-info -->\n    <\/div><!-- d-flex -->\n<\/div><!-- testimonial-item --><div class=\"testimonial-item testimonial-item-v3\">\n    <div class=\"testimonial-body\">\n        Brokla Realty simplific\u00f3 todo el proceso, haci\u00e9ndolo f\u00e1cil y sin estr\u00e9s. Su profesionalismo y atenci\u00f3n al detalle realmente superaron mis expectativas.    <\/div><!-- testimonial-body -->\n    <div class=\"d-flex align-items-center\">\n                <div class=\"testimonial-thumb\">\n            <img decoding=\"async\" width=\"150\" height=\"150\" src=\"https:\/\/brokla.com\/wp-content\/uploads\/2026\/01\/Clients-5.jpg\" class=\"img-fluid rounded-circle\" alt=\"rese\u00f1a de cliente\" srcset=\"https:\/\/brokla.com\/wp-content\/uploads\/2026\/01\/Clients-5.jpg 1024w, https:\/\/brokla.com\/wp-content\/uploads\/2026\/01\/Clients-5-780x780.jpg 780w\" sizes=\"(max-width: 150px) 100vw, 150px\" title=\"\">        <\/div><!-- testimonial-thumb -->\n                <div class=\"testimonial-info\">\n            <strong class=\"testimonial-name\">Diana<\/strong><br>\n                        <em class=\"testimonial-job\">Compa\u00f1\u00eda REM<\/em>\n                    <\/div><!-- testimonial-info -->\n    <\/div><!-- d-flex -->\n<\/div><!-- testimonial-item --><div class=\"testimonial-item testimonial-item-v3\">\n    <div class=\"testimonial-body\">\n        \u00a1Profesionales inmobiliarios y buena gente! Gran cantidad de propiedades en toda la Costa Blanca, especialmente en Benidorm.    <\/div><!-- testimonial-body -->\n    <div class=\"d-flex align-items-center\">\n                <div class=\"testimonial-thumb\">\n            <img loading=\"lazy\" decoding=\"async\" width=\"150\" height=\"150\" src=\"https:\/\/brokla.com\/wp-content\/uploads\/2026\/01\/Clients-3.jpg\" class=\"img-fluid rounded-circle\" alt=\"rese\u00f1a de cliente\" srcset=\"https:\/\/brokla.com\/wp-content\/uploads\/2026\/01\/Clients-3.jpg 1024w, https:\/\/brokla.com\/wp-content\/uploads\/2026\/01\/Clients-3-780x780.jpg 780w\" sizes=\"(max-width: 150px) 100vw, 150px\" title=\"\">        <\/div><!-- testimonial-thumb -->\n                <div class=\"testimonial-info\">\n            <strong class=\"testimonial-name\">Nicco<\/strong><br>\n                        <em class=\"testimonial-position\">Gerente<\/em>\n                    <\/div><!-- testimonial-info -->\n    <\/div><!-- d-flex -->\n<\/div><!-- testimonial-item --><div class=\"testimonial-item testimonial-item-v3\">\n    <div class=\"testimonial-body\">\n        Buen servicio, el proceso de compra fue sencillo. Pens\u00e9 que ser\u00eda m\u00e1s complicado. \u00a1Gracias a estas personas, ahora tengo una vista as\u00ed! https:\/\/maps.app.goo.gl\/V9jp9EvFYDDVGDiS9    <\/div><!-- testimonial-body -->\n    <div class=\"d-flex align-items-center\">\n                <div class=\"testimonial-thumb\">\n            <img loading=\"lazy\" decoding=\"async\" width=\"150\" height=\"150\" src=\"https:\/\/brokla.com\/wp-content\/uploads\/2026\/01\/Clients-6.jpg\" class=\"img-fluid rounded-circle\" alt=\"Rese\u00f1a de cliente\" srcset=\"https:\/\/brokla.com\/wp-content\/uploads\/2026\/01\/Clients-6.jpg 1024w, https:\/\/brokla.com\/wp-content\/uploads\/2026\/01\/Clients-6-780x780.jpg 780w\" sizes=\"(max-width: 150px) 100vw, 150px\" title=\"\">        <\/div><!-- testimonial-thumb -->\n                <div class=\"testimonial-info\">\n            <strong class=\"testimonial-name\">D. Goldstein<\/strong><br>\n                        <em class=\"testimonial-position\">Propietario del negocio<\/em>\n                    <\/div><!-- testimonial-info -->\n    <\/div><!-- d-flex -->\n<\/div><!-- testimonial-item -->            <\/div><!-- testimonials-slider -->\n            <div class=\"testimonials-slider-buttons-wrap testimonials-slider-wrap-v3-arrows\"><\/div><!-- .custom-carousel-module-header-right -->\n        <\/div><!-- testimonials-module -->\n\n        \t\t\t\t<\/div>\n\t\t\t\t<\/div>\n\t\t\t\t\t<\/div>\n\t\t\t\t<\/div>\n\t\t\t\t<\/div>","protected":false},"excerpt":{"rendered":"<p>Costa Blanca Real Estate Terms and Conditions Last Updated: 2025 Year Welcome to Brokla. By accessing our website and using our services, you agree to comply with and be bound by the following Costa Blanca real estate terms and conditions. These terms govern the relationship between Brokla and our users in relation to this website [&hellip;]<\/p>\n","protected":false},"author":1,"featured_media":18355,"parent":0,"menu_order":0,"comment_status":"closed","ping_status":"closed","template":"","meta":{"googlesitekit_rrm_CAowzI3FDA:productID":"","footnotes":""},"class_list":["post-745","page","type-page","status-publish","has-post-thumbnail","hentry"],"_links":{"self":[{"href":"https:\/\/brokla.com\/es\/wp-json\/wp\/v2\/pages\/745","targetHints":{"allow":["GET"]}}],"collection":[{"href":"https:\/\/brokla.com\/es\/wp-json\/wp\/v2\/pages"}],"about":[{"href":"https:\/\/brokla.com\/es\/wp-json\/wp\/v2\/types\/page"}],"author":[{"embeddable":true,"href":"https:\/\/brokla.com\/es\/wp-json\/wp\/v2\/users\/1"}],"replies":[{"embeddable":true,"href":"https:\/\/brokla.com\/es\/wp-json\/wp\/v2\/comments?post=745"}],"version-history":[{"count":0,"href":"https:\/\/brokla.com\/es\/wp-json\/wp\/v2\/pages\/745\/revisions"}],"wp:featuredmedia":[{"embeddable":true,"href":"https:\/\/brokla.com\/es\/wp-json\/wp\/v2\/media\/18355"}],"wp:attachment":[{"href":"https:\/\/brokla.com\/es\/wp-json\/wp\/v2\/media?parent=745"}],"curies":[{"name":"wp","href":"https:\/\/api.w.org\/{rel}","templated":true}]}}