{"id":748,"date":"2016-03-10T18:52:12","date_gmt":"2016-03-10T18:52:12","guid":{"rendered":"https:\/\/default.houzez.co\/?page_id=748"},"modified":"2026-01-29T16:37:59","modified_gmt":"2026-01-29T15:37:59","slug":"politica-de-privacidad-de-costa-blanca-real-estate","status":"publish","type":"page","link":"https:\/\/brokla.com\/es\/politica-de-privacidad-de-costa-blanca-real-estate\/","title":{"rendered":"Pol\u00edtica de Privacidad de Costa Blanca Real Estate"},"content":{"rendered":"<div data-elementor-type=\"wp-page\" data-elementor-id=\"748\" class=\"elementor elementor-748\">\n\t\t\t\t<div class=\"elementor-element elementor-element-7ac536b4 e-flex e-con-boxed e-con e-parent\" data-id=\"7ac536b4\" data-element_type=\"container\" data-e-type=\"container\">\n\t\t\t\t\t<div class=\"e-con-inner\">\n\t\t\t\t<div class=\"elementor-element elementor-element-299c3244 elementor-widget elementor-widget-text-editor\" data-id=\"299c3244\" data-element_type=\"widget\" data-e-type=\"widget\" data-widget_type=\"text-editor.default\">\n\t\t\t\t\t\t\t\t\t<p data-path-to-node=\"7\"><em><strong>Pol\u00edtica de Privacidad de Costa Blanca Real Estate<\/strong><\/em><\/p><p data-path-to-node=\"8\"><b>\u00daltima actualizaci\u00f3n: a\u00f1o 2025<\/b><\/p><p data-path-to-node=\"9\">En Brokla, nos tomamos muy en serio la protecci\u00f3n de su informaci\u00f3n personal. Esta <b>pol\u00edtica de privacidad de inmobiliaria en la Costa Blanca<\/b> explica c\u00f3mo recopilamos, utilizamos y protegemos sus datos cuando visita nuestro sitio web, se informa sobre propiedades o utiliza nuestros servicios. Operamos en pleno cumplimiento del <b>Reglamento General de Protecci\u00f3n de Datos (RGPD)<\/b> y de la <b>Ley Org\u00e1nica 3\/2018 (LOPD-GDD)<\/b>.<\/p><h2 data-path-to-node=\"10\"><b>1. Responsable del Tratamiento y Gobernanza<\/b><\/h2><p data-path-to-node=\"11\">La entidad responsable de sus datos (el \u201cResponsable del Tratamiento\u201d) es Brokla, una agencia l\u00edder especializada en el mercado inmobiliario espa\u00f1ol. Si tiene alguna pregunta sobre nuestra <b>pol\u00edtica de privacidad de inmobiliaria en la Costa Blanca<\/b>, por favor <a class=\"ng-star-inserted\" href=\"https:\/\/www.google.com\/search?q=https:\/\/brokla.com\/contact-us\" target=\"_blank\" rel=\"noopener\" data-hveid=\"0\" data-ved=\"0CAAQ_4QMahgKEwiu8dP65MSRAxUAAAAAHQAAAAAQmAc\">contacte a nuestro equipo<\/a> directamente.<\/p><ul data-path-to-node=\"12\"><li><p data-path-to-node=\"12,0,0\"><b>Nombre de la Empresa:<\/b> Brokla Realty<\/p><\/li><li><p data-path-to-node=\"12,2,0\"><b>Correo Electr\u00f3nico Oficial:<\/b> info@brokla.com<\/p><\/li><li><p data-path-to-node=\"12,3,0\"><b>Direcci\u00f3n:<\/b> Avinguda Masnou, 3, 03710 Calp (Alicante), Espa\u00f1a<\/p><\/li><\/ul><h2 data-path-to-node=\"13\"><b>2. Por qu\u00e9 Recopilamos su Informaci\u00f3n<\/b><\/h2><p data-path-to-node=\"14\">Recopilamos datos personales para ofrecerle una experiencia de b\u00fasqueda de propiedades personalizada. Como agencia especializada <b>Inmobiliaria en la Costa Blanca<\/b>, debemos recabar detalles espec\u00edficos para cumplir con la legislaci\u00f3n espa\u00f1ola de prevenci\u00f3n del blanqueo de capitales y facilitar la compra legal de inmuebles.<\/p><h3 data-path-to-node=\"15\"><b>Tipos de Datos Recopilados<\/b><\/h3><ul data-path-to-node=\"16\"><li><p data-path-to-node=\"16,0,0\"><b>Informaci\u00f3n de Identidad:<\/b> Nombre completo, n\u00famero de pasaporte\/NIE y situaci\u00f3n de residencia.<\/p><\/li><li><p data-path-to-node=\"16,1,0\"><b>Datos de Contacto:<\/b> Correo electr\u00f3nico, n\u00famero de tel\u00e9fono y direcci\u00f3n postal.<\/p><\/li><li><p data-path-to-node=\"16,2,0\"><b>Informaci\u00f3n Financiera:<\/b> Presupuesto requerido y justificante de fondos (necesario para ciertas visitas).<\/p><\/li><li><p data-path-to-node=\"16,3,0\"><b>Datos T\u00e9cnicos:<\/b> Direcci\u00f3n IP y comportamiento de navegaci\u00f3n a trav\u00e9s de cookies, para mejorar nuestro <b><a class=\"ng-star-inserted\" href=\"https:\/\/brokla.com\/es\/mapa-de-propiedades-de-la-costa-blanca\/\" target=\"_blank\" rel=\"noopener\" data-hveid=\"0\" data-ved=\"0CAAQ_4QMahgKEwiu8dP65MSRAxUAAAAAHQAAAAAQmQc\">mapa de propiedades de la Costa Blanca<\/a><\/b> sitio web e interfaz de usuario.<\/p><\/li><\/ul><h2 data-path-to-node=\"17\"><b>3. Base Legal para el Tratamiento<\/b><\/h2><p data-path-to-node=\"18\">Seg\u00fan el <b>pol\u00edtica de privacidad de inmobiliaria en la Costa Blanca<\/b>, En Brokla, solo tratamos sus datos cuando contamos con una base legal:<\/p><ol start=\"1\" data-path-to-node=\"19\"><li><p data-path-to-node=\"19,0,0\"><b>Consentimiento:<\/b> Cuando se suscribe a nuestro <a class=\"ng-star-inserted\" href=\"https:\/\/brokla.com\/es\/noticias-inmobiliarias-de-la-costa-blanca\/\" target=\"_blank\" rel=\"noopener\" data-hveid=\"0\" data-ved=\"0CAAQ_4QMahgKEwiu8dP65MSRAxUAAAAAHQAAAAAQmgc\">bolet\u00edn de noticias y blog del mercado<\/a>.<\/p><\/li><li><p data-path-to-node=\"19,1,0\"><b>Necesidad Contractual:<\/b> Cuando gestionamos la venta o compra de su vivienda.<\/p><\/li><li><p data-path-to-node=\"19,2,0\"><b>Obligaci\u00f3n Legal:<\/b> Para verificar identidades conforme a los requisitos de la <a class=\"ng-star-inserted\" href=\"https:\/\/www.agenciatributaria.es\/\" target=\"_blank\" rel=\"noopener\" data-hveid=\"0\" data-ved=\"0CAAQ_4QMahgKEwiu8dP65MSRAxUAAAAAHQAAAAAQmwc\">Agencia Tributaria Espa\u00f1ola<\/a>.<\/p><\/li><\/ol><h2 data-path-to-node=\"20\"><b>4. Conservaci\u00f3n de Datos y Medidas de Seguridad<\/b><\/h2><p data-path-to-node=\"21\">El tiempo que conservamos su informaci\u00f3n depende de la naturaleza de nuestra relaci\u00f3n. Para consultas b\u00e1sicas, los datos se guardan durante 2 a\u00f1os. Para transacciones inmobiliarias completadas, la ley espa\u00f1ola nos obliga a almacenar la documentaci\u00f3n durante un m\u00ednimo de <b>5 a 7 a\u00f1os<\/b>.<\/p><p data-path-to-node=\"22\">Utilizamos avanzada <b>encriptaci\u00f3n SSL<\/b> y servidores seguros para garantizar que cada interacci\u00f3n bajo esta <b>pol\u00edtica de privacidad de inmobiliaria en la Costa Blanca<\/b> pol\u00edtica est\u00e9 protegida contra accesos no autorizados. Seguimos las directrices establecidas por la <a class=\"ng-star-inserted\" href=\"https:\/\/www.aepd.es\/en\" target=\"_blank\" rel=\"noopener\" data-hveid=\"0\" data-ved=\"0CAAQ_4QMahgKEwiu8dP65MSRAxUAAAAAHQAAAAAQnAc\">Agencia Espa\u00f1ola de Protecci\u00f3n de Datos (AEPD)<\/a> para mantener los m\u00e1s altos est\u00e1ndares de seguridad.<\/p><h2 data-path-to-node=\"23\"><b>5. Compartici\u00f3n de Datos con Terceros<\/b><\/h2><p data-path-to-node=\"24\">Nunca vendemos sus datos a empresas de marketing. Sin embargo, para completar una venta inmobiliaria en Espa\u00f1a, debemos compartir los datos pertinentes con:<\/p><ul data-path-to-node=\"25\"><li><p data-path-to-node=\"25,0,0\"><b>Notarios y Abogados:<\/b> Para redactar la \u201cEscritura\u201d (T\u00edtulo de Propiedad).<\/p><\/li><li><p data-path-to-node=\"25,1,0\"><b>Registradores de la Propiedad:<\/b> Para actualizar el <a class=\"ng-star-inserted\" href=\"https:\/\/www.registradores.org\/\" target=\"_blank\" rel=\"noopener\" data-hveid=\"0\" data-ved=\"0CAAQ_4QMahgKEwiu8dP65MSRAxUAAAAAHQAAAAAQnQc\">Registro de la Propiedad<\/a>.<\/p><\/li><li><p data-path-to-node=\"25,2,0\"><b>Proveedores T\u00e9cnicos:<\/b> Nuestros proveedores de CRM y alojamiento web que ayudan a gestionar nuestras operaciones. <b><a class=\"ng-star-inserted\" href=\"https:\/\/brokla.com\/es\/anuncios-de-propiedades-en-la-costa-blanca\/\" target=\"_blank\" rel=\"noopener\" data-hveid=\"0\" data-ved=\"0CAAQ_4QMahgKEwiu8dP65MSRAxUAAAAAHQAAAAAQngc\">anuncios inmobiliarios de la Costa Blanca<\/a><\/b>.<\/p><\/li><\/ul><h2 data-path-to-node=\"26\"><b>6. Sus Derechos seg\u00fan el RGPD<\/b><\/h2><p data-path-to-node=\"27\">Nuestros <b>pol\u00edtica de privacidad de inmobiliaria en la Costa Blanca<\/b> El RGPD le garantiza control total sobre sus datos. Usted tiene derecho a:<\/p><ul data-path-to-node=\"28\"><li><p data-path-to-node=\"28,0,0\"><b>Acceso:<\/b> Ver qu\u00e9 datos guardamos sobre usted.<\/p><\/li><li><p data-path-to-node=\"28,1,0\"><b>Rectificaci\u00f3n:<\/b> Actualizar cualquier informaci\u00f3n incorrecta.<\/p><\/li><li><p data-path-to-node=\"28,2,0\"><b>Supresi\u00f3n:<\/b> Solicitar el \u201cDerecho al Olvido\u201d (Eliminaci\u00f3n).<\/p><\/li><li><p data-path-to-node=\"28,3,0\"><b>Objeto:<\/b> Deje de recibir nuestros boletines de marketing en cualquier momento.<\/p><\/li><\/ul><h2 data-path-to-node=\"29\"><b>7. Transferencias Internacionales de Datos<\/b><\/h2><p data-path-to-node=\"30\">Si es un comprador internacional fuera del EEE (Espacio Econ\u00f3mico Europeo), sus datos podr\u00e1n procesarse conforme a estrictos est\u00e1ndares de protecci\u00f3n aprobados por la UE, garantizando que <b>pol\u00edtica de privacidad de inmobiliaria en la Costa Blanca<\/b> sus derechos se mantengan intactos independientemente de su ubicaci\u00f3n.<\/p>\t\t\t\t\t\t\t\t<\/div>\n\t\t\t\t\t<\/div>\n\t\t\t\t<\/div>\n\t\t<div class=\"elementor-element elementor-element-16924a9 e-flex e-con-boxed e-con e-parent\" data-id=\"16924a9\" data-element_type=\"container\" data-e-type=\"container\">\n\t\t\t\t\t<div class=\"e-con-inner\">\n\t\t\t\t<div class=\"elementor-element elementor-element-363d63f elementor-widget elementor-widget-houzez_elementor_testimonials\" data-id=\"363d63f\" data-element_type=\"widget\" data-e-type=\"widget\" data-widget_type=\"houzez_elementor_testimonials.default\">\n\t\t\t\t<div class=\"elementor-widget-container\">\n\t\t\t\t\t\n            <div class=\"testimonials-module testimonials-module-v1\">\n                <div class=\"row\">\n                    \n                            <div class=\"col-md-4\">\n                                <div class=\"testimonial-item testimonial-item-v1 text-center mb-4\">\n\n\t        <div class=\"testimonial-thumb mb-2\">\n            <img decoding=\"async\" width=\"150\" height=\"150\" src=\"https:\/\/brokla.com\/wp-content\/uploads\/2026\/01\/Clients-1.jpg\" class=\"img-fluid rounded-circle\" alt=\"rese\u00f1a de cliente\" srcset=\"https:\/\/brokla.com\/wp-content\/uploads\/2026\/01\/Clients-1.jpg 1024w, https:\/\/brokla.com\/wp-content\/uploads\/2026\/01\/Clients-1-780x780.jpg 780w\" sizes=\"(max-width: 150px) 100vw, 150px\" title=\"\">        <\/div>\n    \n\t\n\t<div class=\"testimonial-body mb-2\">\n\t\tBrokla Realty me guio en cada paso del proceso de compra. Comunicaci\u00f3n excelente y un servicio realmente fiable. \u00a1Totalmente recomendable!\t<\/div><!-- testimonial-body -->\n\t<div class=\"testimonial-info\">\n\t\t<strong class=\"testimonial-name\">Marco<\/strong><br>\n\t\t<em class=\"testimonial-job\">Abogado<\/em>\n\t<\/div><!-- testimonial-info -->\n<\/div><!-- testimonial-item -->                            <\/div>\n                    \n                            <div class=\"col-md-4\">\n                                <div class=\"testimonial-item testimonial-item-v1 text-center mb-4\">\n\n\t        <div class=\"testimonial-thumb mb-2\">\n            <img decoding=\"async\" width=\"150\" height=\"150\" src=\"https:\/\/brokla.com\/wp-content\/uploads\/2026\/01\/Clients-4.jpg\" class=\"img-fluid rounded-circle\" alt=\"Rese\u00f1a de cliente\" srcset=\"https:\/\/brokla.com\/wp-content\/uploads\/2026\/01\/Clients-4.jpg 1024w, https:\/\/brokla.com\/wp-content\/uploads\/2026\/01\/Clients-4-780x780.jpg 780w\" sizes=\"(max-width: 150px) 100vw, 150px\" title=\"\">        <\/div>\n    \n\t\n\t<div class=\"testimonial-body mb-2\">\n\t\tTrabajar con Brokla Realty fue una gran experiencia. Entendieron exactamente lo que buscaba y me ayudaron a encontrar la propiedad adecuada r\u00e1pidamente.\t<\/div><!-- testimonial-body -->\n\t<div class=\"testimonial-info\">\n\t\t<strong class=\"testimonial-name\">Kim<\/strong><br>\n\t\t<em class=\"testimonial-job\">Fot\u00f3grafo, Aut\u00f3nomo<\/em>\n\t<\/div><!-- testimonial-info -->\n<\/div><!-- testimonial-item -->                            <\/div>\n                    \n                            <div class=\"col-md-4\">\n                                <div class=\"testimonial-item testimonial-item-v1 text-center mb-4\">\n\n\t        <div class=\"testimonial-thumb mb-2\">\n            <img decoding=\"async\" width=\"150\" height=\"150\" src=\"https:\/\/brokla.com\/wp-content\/uploads\/2026\/01\/Clients-5.jpg\" class=\"img-fluid rounded-circle\" alt=\"rese\u00f1a de cliente\" srcset=\"https:\/\/brokla.com\/wp-content\/uploads\/2026\/01\/Clients-5.jpg 1024w, https:\/\/brokla.com\/wp-content\/uploads\/2026\/01\/Clients-5-780x780.jpg 780w\" sizes=\"(max-width: 150px) 100vw, 150px\" title=\"\">        <\/div>\n    \n\t\n\t<div class=\"testimonial-body mb-2\">\n\t\tBrokla Realty simplific\u00f3 todo el proceso, haci\u00e9ndolo f\u00e1cil y sin estr\u00e9s. Su profesionalismo y atenci\u00f3n al detalle realmente superaron mis expectativas.\t<\/div><!-- testimonial-body -->\n\t<div class=\"testimonial-info\">\n\t\t<strong class=\"testimonial-name\">Diana<\/strong><br>\n\t\t<em class=\"testimonial-job\">Director General, Empresa REM<\/em>\n\t<\/div><!-- testimonial-info -->\n<\/div><!-- testimonial-item -->                            <\/div>\n                    \n                            <div class=\"col-md-4\">\n                                <div class=\"testimonial-item testimonial-item-v1 text-center mb-4\">\n\n\t        <div class=\"testimonial-thumb mb-2\">\n            <img loading=\"lazy\" decoding=\"async\" width=\"150\" height=\"150\" src=\"https:\/\/brokla.com\/wp-content\/uploads\/2026\/01\/Clients-3.jpg\" class=\"img-fluid rounded-circle\" alt=\"rese\u00f1a de cliente\" srcset=\"https:\/\/brokla.com\/wp-content\/uploads\/2026\/01\/Clients-3.jpg 1024w, https:\/\/brokla.com\/wp-content\/uploads\/2026\/01\/Clients-3-780x780.jpg 780w\" sizes=\"(max-width: 150px) 100vw, 150px\" title=\"\">        <\/div>\n    \n\t\n\t<div class=\"testimonial-body mb-2\">\n\t\t\u00a1Profesionales inmobiliarios y buena gente! Gran cantidad de propiedades en toda la Costa Blanca, especialmente en Benidorm.\t<\/div><!-- testimonial-body -->\n\t<div class=\"testimonial-info\">\n\t\t<strong class=\"testimonial-name\">Nicco<\/strong><br>\n\t\t<em class=\"testimonial-job\">Gerente<\/em>\n\t<\/div><!-- testimonial-info -->\n<\/div><!-- testimonial-item -->                            <\/div>\n                    \n                            <div class=\"col-md-4\">\n                                <div class=\"testimonial-item testimonial-item-v1 text-center mb-4\">\n\n\t        <div class=\"testimonial-thumb mb-2\">\n            <img loading=\"lazy\" decoding=\"async\" width=\"150\" height=\"150\" src=\"https:\/\/brokla.com\/wp-content\/uploads\/2026\/01\/Clients-6.jpg\" class=\"img-fluid rounded-circle\" alt=\"Rese\u00f1a de cliente\" srcset=\"https:\/\/brokla.com\/wp-content\/uploads\/2026\/01\/Clients-6.jpg 1024w, https:\/\/brokla.com\/wp-content\/uploads\/2026\/01\/Clients-6-780x780.jpg 780w\" sizes=\"(max-width: 150px) 100vw, 150px\" title=\"\">        <\/div>\n    \n\t\n\t<div class=\"testimonial-body mb-2\">\n\t\tBuen servicio, el proceso de compra fue sencillo. Pens\u00e9 que ser\u00eda m\u00e1s complicado. \u00a1Gracias a estas personas, ahora tengo una vista as\u00ed! https:\/\/maps.app.goo.gl\/V9jp9EvFYDDVGDiS9\t<\/div><!-- testimonial-body -->\n\t<div class=\"testimonial-info\">\n\t\t<strong class=\"testimonial-name\">D. Goldstein<\/strong><br>\n\t\t<em class=\"testimonial-job\">Propietario del negocio<\/em>\n\t<\/div><!-- testimonial-info -->\n<\/div><!-- testimonial-item -->                            <\/div>\n                                    <\/div>\n            <\/div><!-- testimonials-module -->\n\n        \n\n        \t\t\t\t<\/div>\n\t\t\t\t<\/div>\n\t\t\t\t\t<\/div>\n\t\t\t\t<\/div>\n\t\t\t\t<\/div>","protected":false},"excerpt":{"rendered":"<p>Costa Blanca Real Estate Privacy Policy Last Updated: 2025 year At Brokla, we take the protection of your personal information seriously. This Costa Blanca real estate privacy policy explains how we collect, use, and safeguard your data when you visit our website, inquire about listings, or use our services. We operate in full compliance with [&hellip;]<\/p>\n","protected":false},"author":1,"featured_media":18334,"parent":0,"menu_order":0,"comment_status":"closed","ping_status":"closed","template":"template\/template-page.php","meta":{"googlesitekit_rrm_CAowzI3FDA:productID":"","footnotes":""},"class_list":["post-748","page","type-page","status-publish","has-post-thumbnail","hentry"],"_links":{"self":[{"href":"https:\/\/brokla.com\/es\/wp-json\/wp\/v2\/pages\/748","targetHints":{"allow":["GET"]}}],"collection":[{"href":"https:\/\/brokla.com\/es\/wp-json\/wp\/v2\/pages"}],"about":[{"href":"https:\/\/brokla.com\/es\/wp-json\/wp\/v2\/types\/page"}],"author":[{"embeddable":true,"href":"https:\/\/brokla.com\/es\/wp-json\/wp\/v2\/users\/1"}],"replies":[{"embeddable":true,"href":"https:\/\/brokla.com\/es\/wp-json\/wp\/v2\/comments?post=748"}],"version-history":[{"count":0,"href":"https:\/\/brokla.com\/es\/wp-json\/wp\/v2\/pages\/748\/revisions"}],"wp:featuredmedia":[{"embeddable":true,"href":"https:\/\/brokla.com\/es\/wp-json\/wp\/v2\/media\/18334"}],"wp:attachment":[{"href":"https:\/\/brokla.com\/es\/wp-json\/wp\/v2\/media?parent=748"}],"curies":[{"name":"wp","href":"https:\/\/api.w.org\/{rel}","templated":true}]}}