{"id":17712,"date":"2023-02-02T16:08:20","date_gmt":"2023-02-02T16:08:20","guid":{"rendered":"https:\/\/demo01.houzez.co\/?page_id=17712"},"modified":"2026-02-06T15:19:05","modified_gmt":"2026-02-06T14:19:05","slug":"annonces-immobilieres-de-la-costa-blanca","status":"publish","type":"page","link":"https:\/\/brokla.com\/fr\/annonces-immobilieres-de-la-costa-blanca\/","title":{"rendered":"Annonces Immobili\u00e8res Costa Blanca"},"content":{"rendered":"<div data-elementor-type=\"wp-page\" data-elementor-id=\"17712\" class=\"elementor elementor-17712\">\n\t\t\t\t<div class=\"elementor-element elementor-element-dc6afca e-flex e-con-boxed e-con e-parent\" data-id=\"dc6afca\" data-element_type=\"container\" data-e-type=\"container\">\n\t\t\t\t\t<div class=\"e-con-inner\">\n\t\t\t\t<div class=\"elementor-element elementor-element-43c43c5 elementor-widget elementor-widget-text-editor\" data-id=\"43c43c5\" data-element_type=\"widget\" data-e-type=\"widget\" data-widget_type=\"text-editor.default\">\n\t\t\t\t\t\t\t\t\t<pre style=\"text-align: center;\"><strong>Annonces Immobili\u00e8res Costa Blanca<\/strong><\/pre><p data-path-to-node=\"8\">Acc\u00e9der aux annonces immobili\u00e8res les plus fiables <a href=\"https:\/\/brokla.com\/fr\/listings\/\"><b>Annonces immobili\u00e8res Costa Blanca<\/b><\/a> constitue la premi\u00e8re \u00e9tape pour concr\u00e9tiser votre r\u00eave de vie m\u00e9diterran\u00e9enne. S'\u00e9tendant sur plus de 200 kilom\u00e8tres de la magnifique c\u00f4te d'Alicante, cette r\u00e9gion demeure l'un des march\u00e9s immobiliers les plus r\u00e9silients et pris\u00e9s d'Europe. Selon les donn\u00e9es \u00e0 long terme de l' <a class=\"ng-star-inserted\" href=\"https:\/\/www.ine.es\/en\/\" target=\"_blank\" rel=\"noopener\" data-hveid=\"0\" data-ved=\"0CAAQ_4QMahgKEwiu8dP65MSRAxUAAAAAHQAAAAAQmAU\">Institut National de la Statistique espagnol (INE)<\/a>, la Communaut\u00e9 Valencienne se maintient en t\u00eate des transactions internationales gr\u00e2ce \u00e0 son microclimat unique et ses infrastructures de classe mondiale.<\/p><h2 data-path-to-node=\"8\">Base de donn\u00e9es d'annonces immobili\u00e8res sur la Costa Blanca<\/h2><p data-path-to-node=\"9\">Notre base de donn\u00e9es est con\u00e7ue pour offrir une exp\u00e9rience de recherche fluide \u00e0 ceux qui cherchent des <a class=\"ng-star-inserted\" href=\"https:\/\/brokla.com\/fr\/type-de-bien\/villa\/\" target=\"_blank\" rel=\"noopener\" data-hveid=\"0\" data-ved=\"0CAAQ_4QMahgKEwiu8dP65MSRAxUAAAAAHQAAAAAQmQU\">villas de luxe \u00e0 vendre<\/a> dans le nord montagneux ou des <a href=\"https:\/\/brokla.com\/fr\/type-de-bien\/appartement\/\">appartements<\/a> modernes en front de mer dans le sud dynamique. En centralisant les <b>Annonces immobili\u00e8res Costa Blanca<\/b>, annonces les plus actives, nous vous garantissons un acc\u00e8s imm\u00e9diat \u00e0 l'\u00e9volution des prix, aux nouvelles propri\u00e9t\u00e9s sur le march\u00e9 et aux opportunit\u00e9s exclusives de programmes neufs.<\/p><p data-path-to-node=\"10\">Que vous recherchiez une r\u00e9sidence permanente ou un investissement \u00e0 haut rendement, notre <a class=\"ng-star-inserted\" href=\"https:\/\/brokla.com\/fr\/guide-dachat-immobilier-le-plus-recent-pour-la-costa-blanca\/\" target=\"_blank\" rel=\"noopener\" data-hveid=\"0\" data-ved=\"0CAAQ_4QMahgKEwiu8dP65MSRAxUAAAAAHQAAAAAQmwU\">guide d'achat<\/a> fournit le cadre juridique et financier essentiel pour naviguer en toute confiance sur le march\u00e9 espagnol. Explorez notre inventaire complet ci-dessous pour trouver la propri\u00e9t\u00e9 id\u00e9ale sous le soleil.<\/p>\t\t\t\t\t\t\t\t<\/div>\n\t\t\t\t\t<\/div>\n\t\t\t\t<\/div>\n\t\t\t\t<\/div>","protected":false},"excerpt":{"rendered":"<p>Costa Blanca Real Estate Listings Accessing the most reliable Costa Blanca real estate listings is the first step toward securing your dream Mediterranean lifestyle. Spanning over 200 kilometers of the stunning Alicante coastline, this region remains one of Europe\u2019s most resilient and sought-after property markets. According to long-term data from the Spanish National Institute of [&hellip;]<\/p>\n","protected":false},"author":1,"featured_media":16167,"parent":0,"menu_order":0,"comment_status":"closed","ping_status":"closed","template":"template\/template-listing-list-v2-fullwidth.php","meta":{"googlesitekit_rrm_CAowzI3FDA:productID":"","footnotes":""},"class_list":["post-17712","page","type-page","status-publish","has-post-thumbnail","hentry"],"_links":{"self":[{"href":"https:\/\/brokla.com\/fr\/wp-json\/wp\/v2\/pages\/17712","targetHints":{"allow":["GET"]}}],"collection":[{"href":"https:\/\/brokla.com\/fr\/wp-json\/wp\/v2\/pages"}],"about":[{"href":"https:\/\/brokla.com\/fr\/wp-json\/wp\/v2\/types\/page"}],"author":[{"embeddable":true,"href":"https:\/\/brokla.com\/fr\/wp-json\/wp\/v2\/users\/1"}],"replies":[{"embeddable":true,"href":"https:\/\/brokla.com\/fr\/wp-json\/wp\/v2\/comments?post=17712"}],"version-history":[{"count":0,"href":"https:\/\/brokla.com\/fr\/wp-json\/wp\/v2\/pages\/17712\/revisions"}],"wp:featuredmedia":[{"embeddable":true,"href":"https:\/\/brokla.com\/fr\/wp-json\/wp\/v2\/media\/16167"}],"wp:attachment":[{"href":"https:\/\/brokla.com\/fr\/wp-json\/wp\/v2\/media?parent=17712"}],"curies":[{"name":"wc","href":"https:\/\/api.w.org\/{rel}","templated":true}]}}