{"id":20469,"date":"2026-01-28T21:40:05","date_gmt":"2026-01-28T20:40:05","guid":{"rendered":"https:\/\/brokla.com\/?page_id=20469"},"modified":"2026-02-01T19:23:26","modified_gmt":"2026-02-01T18:23:26","slug":"rapport-immobilier-de-benidorm-poniente-2026","status":"publish","type":"page","link":"https:\/\/brokla.com\/fr\/rapport-immobilier-de-benidorm-poniente-2026\/","title":{"rendered":"Le Rapport sur la Skyline de Benidorm 2026 : Pourquoi Poniente est le \u201c Nouveau Miami \u201d de l'Europe"},"content":{"rendered":"<p><strong><em>Si vous recherchez les meilleures opportunit\u00e9s immobili\u00e8res \u00e0 Benidorm Poniente en 2026, vous \u00eates au bon endroit.<\/em><\/strong><\/p>\n\n\n\n<figure class=\"wp-block-image size-full\"><img fetchpriority=\"high\" decoding=\"async\" width=\"2560\" height=\"1707\" src=\"https:\/\/brokla.com\/wp-content\/uploads\/2026\/01\/benidorm-poniente-real-estate-skyline.jpg.jpg\" alt=\"Vue panoramique sur les appartements de luxe de la skyline de Benidorm Poniente au coucher du soleil, \u00e9voquant un Miami m\u00e9diterran\u00e9en.\" class=\"wp-image-20470\" title=\"\" srcset=\"https:\/\/brokla.com\/wp-content\/uploads\/2026\/01\/benidorm-poniente-real-estate-skyline.jpg.jpg 2560w, https:\/\/brokla.com\/wp-content\/uploads\/2026\/01\/benidorm-poniente-real-estate-skyline.jpg-1536x1024.jpg 1536w, https:\/\/brokla.com\/wp-content\/uploads\/2026\/01\/benidorm-poniente-real-estate-skyline.jpg-2048x1366.jpg 2048w\" sizes=\"(max-width: 2560px) 100vw, 2560px\" \/><\/figure>\n\n\n\n<p><em>Benidorm Poniente : la destination verticale de luxe la plus iconique d'Europe.<\/em><\/p>\n\n\n\n<p>Pendant des d\u00e9cennies, Benidorm a \u00e9t\u00e9 c\u00e9l\u00e8bre pour son \u00e9nergie vibrante et son littoral m\u00e9diterran\u00e9en. Cependant, en cette ann\u00e9e 2026, une transformation structurelle profonde s'est achev\u00e9e. <strong>Playa de Poniente<\/strong> s'est officiellement mu\u00e9e en un rep\u00e8re architectural haut de gamme, attirant des capitaux internationaux autrefois r\u00e9serv\u00e9s \u00e0 Marbella ou \u00e0 la C\u00f4te d'Azur.<\/p>\n\n\n\n<p>Avec l'essor du \u201c Sky-Living \u201d et des tours r\u00e9sidentielles ultramodernes, le quartier de Poniente est d\u00e9sormais le kilom\u00e8tre carr\u00e9 le plus strat\u00e9gique pour les investisseurs immobiliers sur la <strong><a href=\"https:\/\/brokla.com\/fr\/listings\/\" target=\"_blank\" rel=\"noreferrer noopener\">Costa Blanca<\/a><\/strong>.<\/p>\n\n\n\n<div id=\"ez-toc-container\" class=\"ez-toc-v2_0_82_2 counter-hierarchy ez-toc-counter ez-toc-light-blue ez-toc-container-direction\">\n<div class=\"ez-toc-title-container\">\n<p class=\"ez-toc-title\" style=\"cursor:inherit\">Table des mati\u00e8res<\/p>\n<span class=\"ez-toc-title-toggle\"><a href=\"#\" class=\"ez-toc-pull-right ez-toc-btn ez-toc-btn-xs ez-toc-btn-default ez-toc-toggle\" aria-label=\"Basculer la Table des Mati\u00e8res\"><span class=\"ez-toc-js-icon-con\"><span class=\"\"><span class=\"eztoc-hide\" style=\"display:none;\">Basculer<\/span><span class=\"ez-toc-icon-toggle-span\"><svg style=\"fill: #999;color:#999\" xmlns=\"http:\/\/www.w3.org\/2000\/svg\" class=\"list-377408\" width=\"20px\" height=\"20px\" viewbox=\"0 0 24 24\" fill=\"none\"><path d=\"M6 6H4v2h2V6zm14 0H8v2h12V6zM4 11h2v2H4v-2zm16 0H8v2h12v-2zM4 16h2v2H4v-2zm16 0H8v2h12v-2z\" fill=\"currentColor\"><\/path><\/svg><svg style=\"fill: #999;color:#999\" class=\"arrow-unsorted-368013\" xmlns=\"http:\/\/www.w3.org\/2000\/svg\" width=\"10px\" height=\"10px\" viewbox=\"0 0 24 24\" version=\"1.2\" baseprofile=\"tiny\"><path d=\"M18.2 9.3l-6.2-6.3-6.2 6.3c-.2.2-.3.4-.3.7s.1.5.3.7c.2.2.4.3.7.3h11c.3 0 .5-.1.7-.3.2-.2.3-.5.3-.7s-.1-.5-.3-.7zM5.8 14.7l6.2 6.3 6.2-6.3c.2-.2.3-.5.3-.7s-.1-.5-.3-.7c-.2-.2-.4-.3-.7-.3h-11c-.3 0-.5.1-.7.3-.2.2-.3.5-.3.7s.1.5.3.7z\"\/><\/svg><\/span><\/span><\/span><\/a><\/span><\/div>\n<nav><ul class='ez-toc-list ez-toc-list-level-1' ><li class='ez-toc-page-1 ez-toc-heading-level-2'><a class=\"ez-toc-link ez-toc-heading-1\" href=\"https:\/\/brokla.com\/fr\/rapport-immobilier-de-benidorm-poniente-2026\/#1_The_Vertical_Revolution_Luxury_Above_the_Clouds\" >1. La R\u00e9volution Verticale : Le Luxe au-dessus des Nuages<\/a><\/li><li class='ez-toc-page-1 ez-toc-heading-level-2'><a class=\"ez-toc-link ez-toc-heading-2\" href=\"https:\/\/brokla.com\/fr\/rapport-immobilier-de-benidorm-poniente-2026\/#2_The_Investment_Case_Scarcity_and_Yield_in_2026\" >2. L'Argumentaire d'Investissement : Raret\u00e9 et Rendement en 2026<\/a><\/li><li class='ez-toc-page-1 ez-toc-heading-level-2'><a class=\"ez-toc-link ez-toc-heading-3\" href=\"https:\/\/brokla.com\/fr\/rapport-immobilier-de-benidorm-poniente-2026\/#3_The_Lifestyle_From_%E2%80%9CMass%E2%80%9D_to_%E2%80%9CClass%E2%80%9D\" >3. Le Style de Vie : Du \u201c Masse \u201d \u00e0 la \u201c Classe \u201d<\/a><\/li><li class='ez-toc-page-1 ez-toc-heading-level-2'><a class=\"ez-toc-link ez-toc-heading-4\" href=\"https:\/\/brokla.com\/fr\/rapport-immobilier-de-benidorm-poniente-2026\/#4_Why_Benidorm_Poniente_Real_Estate_is_a_2026_Smart_City_leader\" >4. Pourquoi l'Immobilier \u00e0 Benidorm Poniente est un leader de la Ville Intelligente en 2026<\/a><\/li><li class='ez-toc-page-1 ez-toc-heading-level-2'><a class=\"ez-toc-link ez-toc-heading-5\" href=\"https:\/\/brokla.com\/fr\/rapport-immobilier-de-benidorm-poniente-2026\/#5_FAQ_Investing_in_Benidorm_Poniente_Real_Estate_2026\" >5. FAQ : Investir dans l'Immobilier \u00e0 Benidorm Poniente (2026)<\/a><ul class='ez-toc-list-level-3' ><li class='ez-toc-heading-level-3'><a class=\"ez-toc-link ez-toc-heading-6\" href=\"https:\/\/brokla.com\/fr\/rapport-immobilier-de-benidorm-poniente-2026\/#Brokla_Realty_Your_Local_Authority_in_Altea_Benidorm\" >Brokla Realty : Votre R\u00e9f\u00e9rence Locale \u00e0 Altea &amp; Benidorm<\/a><\/li><\/ul><\/li><\/ul><\/nav><\/div>\n<h2 class=\"wp-block-heading\"><span class=\"ez-toc-section\" id=\"1_The_Vertical_Revolution_Luxury_Above_the_Clouds\"><\/span>1. La R\u00e9volution Verticale : Le Luxe au-dessus des Nuages<span class=\"ez-toc-section-end\"><\/span><\/h2>\n\n\n\n<p>La skyline de Poniente ne se d\u00e9finit plus seulement par sa hauteur ; elle se d\u00e9finit par son <strong>exclusivit\u00e9<\/strong>. Des ic\u00f4nes architecturales comme la <strong>Tour Intempo<\/strong>\u2014le plus haut gratte-ciel r\u00e9sidentiel de l'UE\u2014ont red\u00e9fini le concept de r\u00e9sidence cl\u00e9 en main.<\/p>\n\n\n\n<p>En 2026, ces r\u00e9sidences haut de gamme offrent un art de vivre rivalisant avec celui des h\u00f4tels 5 \u00e9toiles :<\/p>\n\n\n\n<ul class=\"wp-block-list\">\n<li><strong>Le Style de Vie \u00ab Blue Mind \u00bb :<\/strong> Les nouvelles r\u00e9sidences int\u00e8grent la science du \u201c Blue Mind \u201d, o\u00f9 des baies vitr\u00e9es du sol au plafond transforment la M\u00e9diterran\u00e9e en une \u0153uvre d'art vivante.<\/li>\n\n\n\n<li><strong>Clubs de Bien-\u00eatre Priv\u00e9s :<\/strong> Des salles de sport, saunas et piscines chauff\u00e9es au 40e \u00e9tage sont d\u00e9sormais la norme du luxe \u00e0 Poniente.<\/li>\n\n\n\n<li><strong>Int\u00e9gration Num\u00e9rique :<\/strong> Les r\u00e9sidences sont enti\u00e8rement \u00e9quip\u00e9es avec l'automatisation intelligente standard 2026, g\u00e9r\u00e9e via des applications communautaires centralis\u00e9es. Explorez nos derni\u00e8res <strong><a href=\"https:\/\/brokla.com\/fr\/ville\/benidorm\/\" target=\"_blank\" rel=\"noreferrer noopener\">annonces \u00e0 Benidorm<\/a><\/strong> pour voir ces fonctionnalit\u00e9s en action.<\/li>\n<\/ul>\n\n\n\n<figure class=\"wp-block-image size-full\"><img decoding=\"async\" width=\"2560\" height=\"1707\" src=\"https:\/\/brokla.com\/wp-content\/uploads\/2026\/01\/intempo-building-investment-benidorm.jpg.jpg\" alt=\"Ext\u00e9rieur de la Tour Intempo \u00e0 la fa\u00e7ade dor\u00e9e, une opportunit\u00e9 d&#039;investissement de premier ordre sur la plage de Poniente.\" class=\"wp-image-20471\" title=\"\" srcset=\"https:\/\/brokla.com\/wp-content\/uploads\/2026\/01\/intempo-building-investment-benidorm.jpg.jpg 2560w, https:\/\/brokla.com\/wp-content\/uploads\/2026\/01\/intempo-building-investment-benidorm.jpg-1536x1024.jpg 1536w, https:\/\/brokla.com\/wp-content\/uploads\/2026\/01\/intempo-building-investment-benidorm.jpg-2048x1366.jpg 2048w\" sizes=\"(max-width: 2560px) 100vw, 2560px\" \/><\/figure>\n\n\n\n<p><em>La Tour Intempo : La r\u00e9f\u00e9rence absolue en mati\u00e8re d'art de vivre et d'investissement de luxe.<\/em><\/p>\n\n\n\n<h2 class=\"wp-block-heading\"><span class=\"ez-toc-section\" id=\"2_The_Investment_Case_Scarcity_and_Yield_in_2026\"><\/span>2. L'Argumentaire d'Investissement : Raret\u00e9 et Rendement en 2026<span class=\"ez-toc-section-end\"><\/span><\/h2>\n\n\n\n<p>En 2026, les investisseurs recherchent des \u201c valeurs refuges \u201d, et le secteur de Poniente \u00e0 Benidorm offre un m\u00e9lange unique de haute liquidit\u00e9 et de raret\u00e9 structurelle.<\/p>\n\n\n\n<ul class=\"wp-block-list\">\n<li><strong>Plus-value :<\/strong> Les propri\u00e9t\u00e9s premium espagnoles surperforment la moyenne europ\u00e9enne. Poniente a enregistr\u00e9 une hausse annuelle de 8 \u00e0 10% alors que les terrains en premi\u00e8re ligne viennent \u00e0 dispara\u00eetre.<\/li>\n\n\n\n<li><strong>Rendement Locatif sur 365 Jours :<\/strong> Contrairement aux stations baln\u00e9aires saisonni\u00e8res, Benidorm est active toute l'ann\u00e9e. Cela garantit que les appartements de luxe 2 et 3 chambres g\u00e9n\u00e8rent des rendements bruts de 6,5% \u00e0 9%, port\u00e9s par l'essor des \u201c Tech Nomades \u201d.<\/li>\n\n\n\n<li><strong>Normes \u00c9co-Luxe :<\/strong> Les tours modernes de Poniente sont conformes aux derni\u00e8res directives \u00e9nerg\u00e9tiques de l'UE. Cela se traduit par des taxes I.B.I. plus basses et une valeur \u00e0 long terme sup\u00e9rieure par rapport au parc immobilier ancien et moins performant.<\/li>\n<\/ul>\n\n\n\n<h2 class=\"wp-block-heading\"><span class=\"ez-toc-section\" id=\"3_The_Lifestyle_From_%E2%80%9CMass%E2%80%9D_to_%E2%80%9CClass%E2%80%9D\"><\/span>3. Le Style de Vie : Du \u201c Masse \u201d \u00e0 la \u201c Classe \u201d<span class=\"ez-toc-section-end\"><\/span><\/h2>\n\n\n\n<p>La prim\u00e9e <strong><a href=\"https:\/\/en.visitbenidorm.es\/ver\/147\/poniente-beach-benidorm.html\" target=\"_blank\" rel=\"noreferrer noopener\">Promenade de Poniente<\/a><\/strong> a chang\u00e9 le rythme de la ville. Alors que la plage voisine de Levante reste le c\u0153ur du tourisme traditionnel, Poniente est la destination de pr\u00e9dilection pour la client\u00e8le \u201c Quiet Luxury \u201d.<\/p>\n\n\n\n<ul class=\"wp-block-list\">\n<li><strong>Sport &amp; Loisirs d'Exception :<\/strong> Vous \u00eates \u00e0 quelques minutes du <strong><a href=\"https:\/\/benidorm.lasrejasopenclub.com\/\" target=\"_blank\" rel=\"noreferrer noopener\">club de golf Las Rejas<\/a><\/strong> et des sentiers de randonn\u00e9e exclusifs de la Sierra Helada.<\/li>\n\n\n\n<li><strong>Gastronomie :<\/strong> Le secteur compte d\u00e9sormais des restaurants d'influence Michelin et des beach clubs sophistiqu\u00e9s privil\u00e9giant les produits m\u00e9diterran\u00e9ens locaux et bio.<\/li>\n\n\n\n<li><strong>Accessibilit\u00e9 \u00e0 Pied :<\/strong> Une agr\u00e9able promenade de 15 minutes le long de la jet\u00e9e relie les tours futuristes au charmant <strong><a href=\"https:\/\/brokla.com\/fr\/ville\/altea\/\" target=\"_blank\" rel=\"noreferrer noopener\">Vieux Ville<\/a><\/strong>, offrant un m\u00e9lange parfait de modernit\u00e9 et d'histoire.<\/li>\n<\/ul>\n\n\n\n<figure class=\"wp-block-image size-full\"><img decoding=\"async\" width=\"2560\" height=\"1707\" src=\"https:\/\/brokla.com\/wp-content\/uploads\/2026\/01\/luxury-apartments-benidorm-poniente-beach.jpg.jpg\" alt=\"La promenade architecturale color\u00e9e de la plage de Poniente, situ\u00e9e directement face aux appartements de luxe de Benidorm.\" class=\"wp-image-20472\" title=\"\" srcset=\"https:\/\/brokla.com\/wp-content\/uploads\/2026\/01\/luxury-apartments-benidorm-poniente-beach.jpg.jpg 2560w, https:\/\/brokla.com\/wp-content\/uploads\/2026\/01\/luxury-apartments-benidorm-poniente-beach.jpg-1536x1024.jpg 1536w, https:\/\/brokla.com\/wp-content\/uploads\/2026\/01\/luxury-apartments-benidorm-poniente-beach.jpg-2048x1366.jpg 2048w\" sizes=\"(max-width: 2560px) 100vw, 2560px\" \/><\/figure>\n\n\n\n<p><strong><em>\u00c0 Poniente, des infrastructures de classe mondiale rencontrent la M\u00e9diterran\u00e9e turquoise.<\/em><\/strong><\/p>\n\n\n\n<h2 class=\"wp-block-heading\"><span class=\"ez-toc-section\" id=\"4_Why_Benidorm_Poniente_Real_Estate_is_a_2026_Smart_City_leader\"><\/span>4. <strong>Pourquoi l'Immobilier \u00e0 Benidorm Poniente est un leader de la Ville Intelligente en 2026<\/strong><span class=\"ez-toc-section-end\"><\/span><\/h2>\n\n\n\n<p>Benidorm a massivement investi dans les infrastructures du quartier de Poniente. En 2026, la zone est un mod\u00e8le de \u201c Zones \u00e0 Faibles \u00c9missions \u201d, avec des rev\u00eatements phoniques et de vastes ceintures vertes. La connexion rapide \u00e0 l'a\u00e9roport d'Alicante (35 minutes) et la proximit\u00e9 de la gare AVE \u00e0 grande vitesse en font un hub mondial pour les cadres en t\u00e9l\u00e9travail.<\/p>\n\n\n\n<h2 class=\"wp-block-heading\"><span class=\"ez-toc-section\" id=\"5_FAQ_Investing_in_Benidorm_Poniente_Real_Estate_2026\"><\/span>5. FAQ : Investir dans l'Immobilier \u00e0 Benidorm Poniente (2026)<span class=\"ez-toc-section-end\"><\/span><\/h2>\n\n\n\n<p><strong>Q : Est-il facile d'obtenir une licence touristique pour les nouvelles tours ?<\/strong> Depuis 2026, les locations touristiques doivent \u00eatre enregistr\u00e9es via la plateforme nationale VUD (Ventanilla \u00danica Digital). Bien que de nombreuses tours de Poniente y soient \u00e9ligibles, vous devez v\u00e9rifier les r\u00e8glements sp\u00e9cifiques de chaque copropri\u00e9t\u00e9. <strong><a href=\"https:\/\/brokla.com\/fr\/contacts\/\" target=\"_blank\" rel=\"noreferrer noopener\">Contactez Brokla Realty<\/a><\/strong> pour un audit d\u00e9taill\u00e9, tour par tour.<\/p>\n\n\n\n<p><strong>Q : Le stationnement et le rangement sont-ils inclus dans ces prix ?<\/strong> Dans les zones \u00e0 forte densit\u00e9 comme Benidorm, un garage priv\u00e9 est un atout premium. En 2026, un garage ind\u00e9pendant \u00e0 Poniente est \u00e9valu\u00e9 \u00e0 plus de 30 000 \u20ac. La plupart de nos <strong><a href=\"https:\/\/brokla.com\/fr\/ville\/benidorm\/\" target=\"_blank\" rel=\"noreferrer noopener\">annonces immobili\u00e8res \u00e0 Benidorm<\/a><\/strong> les incluent dans le prix.<\/p>\n\n\n\n<p><strong>Q : Quels sont les taxes d'achat pour 2026 ?<\/strong> Pour les biens de revente dans la Communaut\u00e9 Valencienne, l'ITP (Imp\u00f4t sur les Transmissions Patrimoniales) est g\u00e9n\u00e9ralement de 10 %. Cependant, certaines r\u00e9ductions existent pour les acheteurs de moins de 35 ans \u2014 notre \u00e9quipe juridique peut fournir une analyse fiscale personnalis\u00e9e.<\/p>\n\n\n\n<h3 class=\"wp-block-heading\"><span class=\"ez-toc-section\" id=\"Brokla_Realty_Your_Local_Authority_in_Altea_Benidorm\"><\/span><strong>Brokla Realty : Votre R\u00e9f\u00e9rence Locale \u00e0 Altea &amp; Benidorm<\/strong><span class=\"ez-toc-section-end\"><\/span><\/h3>\n\n\n\n<p><strong>Une Expertise de Confiance<\/strong> Chez <strong><a target=\"_blank\" rel=\"noreferrer noopener\" href=\"https:\/\/brokla.com\/fr\/\">Brokla Realty<\/a><\/strong>, nous ne nous contentons pas de lister des propri\u00e9t\u00e9s ; nous fournissons l'expertise locale n\u00e9cessaire pour un investissement en toute confiance. Sp\u00e9cialis\u00e9s dans les actifs \u00e0 haut rendement et les \u201c Sky-Homes \u201d de luxe sur la Costa Blanca, notre \u00e9quipe allie des ann\u00e9es de donn\u00e9es du march\u00e9 local \u00e0 une compr\u00e9hension approfondie du paysage immobilier de 2026.<\/p>\n\n\n\n<p><strong>Notre Engagement Local<\/strong> Qu'il s'agisse d'identifier un projet de r\u00e9novation \u201c carte blanche \u201d sur l'Avenida Rey Jaime I ou de s\u00e9curiser une unit\u00e9 exclusive hors march\u00e9 dans les tours les plus embl\u00e9matiques de Benidorm, notre approche est fond\u00e9e sur la transparence, une recherche m\u00e9ticuleuse et un service personnalis\u00e9. Nous vivons ici, nous travaillons ici, et nous nous engageons \u00e0 aider nos clients \u00e0 trouver plus qu'une maison \u2014 nous les aidons \u00e0 b\u00e2tir un h\u00e9ritage.<\/p>\n\n\n\n<p><strong>Contactez un Expert<\/strong> Pr\u00eat \u00e0 franchir l'\u00e9tape suivante de votre investissement m\u00e9diterran\u00e9en ?<\/p>\n\n\n\n<ul class=\"wp-block-list\">\n<li><strong>D\u00e9couvrez notre <a href=\"https:\/\/brokla.com\/fr\/listings\/\" target=\"_blank\" rel=\"noreferrer noopener\">Portefeuille Immobilier Complet<\/a><\/strong><\/li>\n\n\n\n<li><strong>Des questions ? <a href=\"https:\/\/brokla.com\/fr\/contacts\/\" target=\"_blank\" rel=\"noreferrer noopener\">Contactez-nous pour une consultation priv\u00e9e<\/a><\/strong><\/li>\n<\/ul>","protected":false},"excerpt":{"rendered":"<p>If you are looking for the best Benidorm Poniente real estate opportunities in 2026, you have come to the right place. Benidorm Poniente: Europe\u2019s most iconic vertical luxury destination. For decades, Benidorm was famous for its vibrant energy and Mediterranean coastline. However, as we move through 2026, a profound structural shift has completed. The Playa [&hellip;]<\/p>\n","protected":false},"author":1,"featured_media":20472,"parent":0,"menu_order":0,"comment_status":"closed","ping_status":"closed","template":"","meta":{"googlesitekit_rrm_CAowzI3FDA:productID":"","footnotes":""},"class_list":["post-20469","page","type-page","status-publish","has-post-thumbnail","hentry"],"_links":{"self":[{"href":"https:\/\/brokla.com\/fr\/wp-json\/wp\/v2\/pages\/20469","targetHints":{"allow":["GET"]}}],"collection":[{"href":"https:\/\/brokla.com\/fr\/wp-json\/wp\/v2\/pages"}],"about":[{"href":"https:\/\/brokla.com\/fr\/wp-json\/wp\/v2\/types\/page"}],"author":[{"embeddable":true,"href":"https:\/\/brokla.com\/fr\/wp-json\/wp\/v2\/users\/1"}],"replies":[{"embeddable":true,"href":"https:\/\/brokla.com\/fr\/wp-json\/wp\/v2\/comments?post=20469"}],"version-history":[{"count":0,"href":"https:\/\/brokla.com\/fr\/wp-json\/wp\/v2\/pages\/20469\/revisions"}],"wp:featuredmedia":[{"embeddable":true,"href":"https:\/\/brokla.com\/fr\/wp-json\/wp\/v2\/media\/20472"}],"wp:attachment":[{"href":"https:\/\/brokla.com\/fr\/wp-json\/wp\/v2\/media?parent=20469"}],"curies":[{"name":"wc","href":"https:\/\/api.w.org\/{rel}","templated":true}]}}