{"id":20684,"date":"2026-02-02T14:04:44","date_gmt":"2026-02-02T13:04:44","guid":{"rendered":"https:\/\/brokla.com\/?page_id=20684"},"modified":"2026-02-02T14:06:12","modified_gmt":"2026-02-02T13:06:12","slug":"numero-nie-espagne-2026","status":"publish","type":"page","link":"https:\/\/brokla.com\/fr\/numero-nie-espagne-2026\/","title":{"rendered":"Num\u00e9ro NIE Espagne : Le Guide Ultime 2026 pour les Acheteurs Immobiliers"},"content":{"rendered":"<p><strong><em>Num\u00e9ro NIE Espagne 2026<\/em><\/strong>: Si vous envisagez d'acheter un bien immobilier sur la Costa Blanca, que ce soit un appartement moderne \u00e0 <strong>Benidorm<\/strong> ou une villa de luxe \u00e0 <strong>Altea<\/strong>, il y a une d\u00e9marche administrative que vous devez absolument effectuer avant toute chose : obtenir votre <strong>Num\u00e9ro de NIE<\/strong>.<\/p>\n\n\n\n<p>Chez <strong>Chez Brokla.com<\/strong>, nous constatons que de nombreux acheteurs internationaux \u2014 notamment des \u00c9tats-Unis, du Royaume-Uni et du Canada \u2014 retardent l'acquisition de la maison de leurs r\u00eaves parce qu'ils sous-estiment le temps n\u00e9cessaire pour obtenir ce document. Dans ce guide mis \u00e0 jour pour 2026, nous expliquons en d\u00e9tail ce qu'est un NIE, pourquoi vous en avez besoin et comment l'obtenir sans stress.<\/p>\n\n\n\n<div id=\"ez-toc-container\" class=\"ez-toc-v2_0_82_2 counter-hierarchy ez-toc-counter ez-toc-light-blue ez-toc-container-direction\">\n<div class=\"ez-toc-title-container\">\n<p class=\"ez-toc-title\" style=\"cursor:inherit\">Table des mati\u00e8res<\/p>\n<span class=\"ez-toc-title-toggle\"><a href=\"#\" class=\"ez-toc-pull-right ez-toc-btn ez-toc-btn-xs ez-toc-btn-default ez-toc-toggle\" aria-label=\"Basculer la Table des Mati\u00e8res\"><span class=\"ez-toc-js-icon-con\"><span class=\"\"><span class=\"eztoc-hide\" style=\"display:none;\">Basculer<\/span><span class=\"ez-toc-icon-toggle-span\"><svg style=\"fill: #999;color:#999\" xmlns=\"http:\/\/www.w3.org\/2000\/svg\" class=\"list-377408\" width=\"20px\" height=\"20px\" viewbox=\"0 0 24 24\" fill=\"none\"><path d=\"M6 6H4v2h2V6zm14 0H8v2h12V6zM4 11h2v2H4v-2zm16 0H8v2h12v-2zM4 16h2v2H4v-2zm16 0H8v2h12v-2z\" fill=\"currentColor\"><\/path><\/svg><svg style=\"fill: #999;color:#999\" class=\"arrow-unsorted-368013\" xmlns=\"http:\/\/www.w3.org\/2000\/svg\" width=\"10px\" height=\"10px\" viewbox=\"0 0 24 24\" version=\"1.2\" baseprofile=\"tiny\"><path d=\"M18.2 9.3l-6.2-6.3-6.2 6.3c-.2.2-.3.4-.3.7s.1.5.3.7c.2.2.4.3.7.3h11c.3 0 .5-.1.7-.3.2-.2.3-.5.3-.7s-.1-.5-.3-.7zM5.8 14.7l6.2 6.3 6.2-6.3c.2-.2.3-.5.3-.7s-.1-.5-.3-.7c-.2-.2-.4-.3-.7-.3h-11c-.3 0-.5.1-.7.3-.2.2-.3.5-.3.7s.1.5.3.7z\"\/><\/svg><\/span><\/span><\/span><\/a><\/span><\/div>\n<nav><ul class='ez-toc-list ez-toc-list-level-1' ><li class='ez-toc-page-1 ez-toc-heading-level-2'><a class=\"ez-toc-link ez-toc-heading-1\" href=\"https:\/\/brokla.com\/fr\/numero-nie-espagne-2026\/#What_is_an_NIE_Number\" >Qu'est-ce que le num\u00e9ro NIE ?<\/a><\/li><li class='ez-toc-page-1 ez-toc-heading-level-2'><a class=\"ez-toc-link ez-toc-heading-2\" href=\"https:\/\/brokla.com\/fr\/numero-nie-espagne-2026\/#Why_Do_You_Need_an_NIE_to_Buy_Property\" >Pourquoi avez-vous besoin d'un NIE pour acheter un bien immobilier ?<\/a><\/li><li class='ez-toc-page-1 ez-toc-heading-level-2'><a class=\"ez-toc-link ez-toc-heading-3\" href=\"https:\/\/brokla.com\/fr\/numero-nie-espagne-2026\/#How_to_Apply_for_an_NIE_Number_Spain_2026_Two_Main_Paths\" >Comment demander un num\u00e9ro NIE en Espagne en 2026 : Deux voies principales<\/a><ul class='ez-toc-list-level-3' ><li class='ez-toc-heading-level-3'><a class=\"ez-toc-link ez-toc-heading-4\" href=\"https:\/\/brokla.com\/fr\/numero-nie-espagne-2026\/#1_Applying_From_Outside_Spain_Recommended\" >1. Faire la demande depuis l'\u00e9tranger (recommand\u00e9)<\/a><\/li><li class='ez-toc-page-1 ez-toc-heading-level-3'><a class=\"ez-toc-link ez-toc-heading-5\" href=\"https:\/\/brokla.com\/fr\/numero-nie-espagne-2026\/#2_Applying_in_Spain_Alicante_Province\" >2. Faire la demande en Espagne (province d'Alicante)<\/a><\/li><\/ul><\/li><li class='ez-toc-page-1 ez-toc-heading-level-2'><a class=\"ez-toc-link ez-toc-heading-6\" href=\"https:\/\/brokla.com\/fr\/numero-nie-espagne-2026\/#Required_Documents_for_the_NIE_Application\" >Documents requis pour la demande de NIE<\/a><\/li><li class='ez-toc-page-1 ez-toc-heading-level-2'><a class=\"ez-toc-link ez-toc-heading-7\" href=\"https:\/\/brokla.com\/fr\/numero-nie-espagne-2026\/#Special_Advice_for_Americans_and_Canadians\" >Conseils sp\u00e9cifiques pour les Am\u00e9ricains et les Canadiens<\/a><\/li><li class='ez-toc-page-1 ez-toc-heading-level-2'><a class=\"ez-toc-link ez-toc-heading-8\" href=\"https:\/\/brokla.com\/fr\/numero-nie-espagne-2026\/#NIE_vs_TIE_Whats_the_Difference\" >NIE vs. TIE : Quelle est la diff\u00e9rence ?<\/a><\/li><li class='ez-toc-page-1 ez-toc-heading-level-2'><a class=\"ez-toc-link ez-toc-heading-9\" href=\"https:\/\/brokla.com\/fr\/numero-nie-espagne-2026\/#Common_Pitfalls_to_Avoid\" >Pi\u00e8ges courants \u00e0 \u00e9viter<\/a><\/li><li class='ez-toc-page-1 ez-toc-heading-level-2'><a class=\"ez-toc-link ez-toc-heading-10\" href=\"https:\/\/brokla.com\/fr\/numero-nie-espagne-2026\/#Frequently_Asked_Questions_FAQ\" >Questions fr\u00e9quemment pos\u00e9es (FAQ)<\/a><\/li><li class='ez-toc-page-1 ez-toc-heading-level-2'><a class=\"ez-toc-link ez-toc-heading-11\" href=\"https:\/\/brokla.com\/fr\/numero-nie-espagne-2026\/#Moving_Forward_with_Broklacom\" >Poursuivre avec Brokla.com<\/a><ul class='ez-toc-list-level-3' ><li class='ez-toc-heading-level-3'><a class=\"ez-toc-link ez-toc-heading-12\" href=\"https:\/\/brokla.com\/fr\/numero-nie-espagne-2026\/#Ready_to_Start_Your_Costa_Blanca_Journey\" >Pr\u00eat \u00e0 commencer votre aventure sur la Costa Blanca ?<\/a><\/li><\/ul><\/li><\/ul><\/nav><\/div>\n<h2 class=\"wp-block-heading\"><span class=\"ez-toc-section\" id=\"What_is_an_NIE_Number\"><\/span>Qu'est-ce que le num\u00e9ro NIE ?<span class=\"ez-toc-section-end\"><\/span><\/h2>\n\n\n\n<p>Le <em>N\u00famero de Identidad de Extranjero<\/em> (NIE) est un num\u00e9ro d'identification fiscale personnel, unique et s\u00e9quentiel pour les \u00e9trangers en Espagne. Consid\u00e9rez-le comme votre \u201c laissez-passer \u201d pour le syst\u00e8me administratif et financier espagnol.<\/p>\n\n\n\n<p>Il est important de noter que le NIE <strong>pas<\/strong> n'est pas un titre de s\u00e9jour. C'est simplement un num\u00e9ro qui vous identifie aupr\u00e8s de l'Agence fiscale espagnole (<em>Hacienda<\/em>). M\u00eame si vous ne pr\u00e9voyez jamais de vivre en Espagne \u00e0 temps plein, vous <strong>devez<\/strong> avoir ce num\u00e9ro pour acheter des actifs.<\/p>\n\n\n\n<figure class=\"wp-block-image size-full\"><img fetchpriority=\"high\" decoding=\"async\" width=\"2560\" height=\"1441\" src=\"https:\/\/brokla.com\/wp-content\/uploads\/2025\/12\/Costa-Blanca-Benidorm-scaled.jpg\" alt=\"Costa Blanca, Benidorm\" class=\"wp-image-18013\" title=\"\" srcset=\"https:\/\/brokla.com\/wp-content\/uploads\/2025\/12\/Costa-Blanca-Benidorm-scaled.jpg 2560w, https:\/\/brokla.com\/wp-content\/uploads\/2025\/12\/Costa-Blanca-Benidorm-1536x865.jpg 1536w, https:\/\/brokla.com\/wp-content\/uploads\/2025\/12\/Costa-Blanca-Benidorm-2048x1153.jpg 2048w\" sizes=\"(max-width: 2560px) 100vw, 2560px\" \/><\/figure>\n\n\n\n<blockquote class=\"wp-block-quote is-layout-flow wp-block-quote-is-layout-flow\">\n<p><strong><em>Vivre luxueusement \u00e0 Benidorm Costa Blanca<\/em><\/strong><\/p>\n<\/blockquote>\n\n\n\n<h2 class=\"wp-block-heading\"><span class=\"ez-toc-section\" id=\"Why_Do_You_Need_an_NIE_to_Buy_Property\"><\/span>Pourquoi avez-vous besoin d'un NIE pour acheter un bien immobilier ?<span class=\"ez-toc-section-end\"><\/span><\/h2>\n\n\n\n<p>En Espagne, vous ne pouvez pas l\u00e9galement finaliser une transaction immobili\u00e8re sans NIE. Vous en aurez besoin pour :<\/p>\n\n\n\n<ul class=\"wp-block-list\">\n<li><strong>Signer l'acte de propri\u00e9t\u00e9 :<\/strong> Le notaire n'autorisera pas la signature de l' <em>Escritura<\/em> sans NIE valide pour tous les acheteurs.<\/li>\n\n\n\n<li><strong>Payer les taxes :<\/strong> Pour payer l'ITP (taxe sur les transmissions patrimoniales) ou l'AJD, vous avez besoin d'un num\u00e9ro d'identification.<\/li>\n\n\n\n<li><strong>Mise en service des utilit\u00e9s :<\/strong> Contracter l'eau, l'\u00e9lectricit\u00e9 et l'internet haut d\u00e9bit dans votre nouveau logement.<\/li>\n\n\n\n<li><strong>Ouvrir un compte bancaire :<\/strong> La plupart des banques espagnoles exigent un NIE pour ouvrir un compte non-r\u00e9sident.<\/li>\n<\/ul>\n\n\n\n<p>Pour plus d'informations sur l'ensemble du processus, consultez notre <a href=\"https:\/\/brokla.com\/fr\/guide-de-lacheteur-espagne-2026\/\" target=\"_blank\" rel=\"noreferrer noopener\">Guide de l'acheteur en Espagne 2026<\/a>.<\/p>\n\n\n\n<h2 class=\"wp-block-heading\"><span class=\"ez-toc-section\" id=\"How_to_Apply_for_an_NIE_Number_Spain_2026_Two_Main_Paths\"><\/span>Comment demander un num\u00e9ro NIE en Espagne en 2026 : Deux voies principales<span class=\"ez-toc-section-end\"><\/span><\/h2>\n\n\n\n<p>La proc\u00e9dure diff\u00e8re l\u00e9g\u00e8rement selon que vous \u00eates actuellement en Espagne ou que vous faites la demande depuis l'\u00e9tranger.<\/p>\n\n\n\n<h3 class=\"wp-block-heading\"><span class=\"ez-toc-section\" id=\"1_Applying_From_Outside_Spain_Recommended\"><\/span>1. Faire la demande depuis l'\u00e9tranger (recommand\u00e9)<span class=\"ez-toc-section-end\"><\/span><\/h3>\n\n\n\n<p>C'est la m\u00e9thode la plus efficace pour les acheteurs nord-am\u00e9ricains et britanniques. Vous faites la demande via le consulat espagnol de votre pays d'origine (par exemple, New York, Los Angeles, Toronto ou Londres).<\/p>\n\n\n\n<ul class=\"wp-block-list\">\n<li><strong>\u00c9tape 1 :<\/strong> Prenez rendez-vous en ligne aupr\u00e8s de votre consulat local.<\/li>\n\n\n\n<li><strong>\u00c9tape 2 :<\/strong> Pr\u00e9sentez le formulaire EX-15 et votre passeport.<\/li>\n\n\n\n<li><strong>\u00c9tape 3 :<\/strong> Le NIE vous est g\u00e9n\u00e9ralement envoy\u00e9 par e-mail dans un d\u00e9lai de 1 \u00e0 3 semaines.<\/li>\n<\/ul>\n\n\n\n<h3 class=\"wp-block-heading\"><span class=\"ez-toc-section\" id=\"2_Applying_in_Spain_Alicante_Province\"><\/span>2. Faire la demande en Espagne (province d'Alicante)<span class=\"ez-toc-section-end\"><\/span><\/h3>\n\n\n\n<p>Si vous \u00eates d\u00e9j\u00e0 sur place pour visiter des biens \u00e0 <strong>Torrevieja<\/strong> soit <strong>Calpe<\/strong>, vous pouvez faire la demande \u00e0 la <em>Comisar\u00eda de Polic\u00eda<\/em>. Cependant, vous devez imp\u00e9rativement obtenir un <em>Cita Previa<\/em> (rendez-vous) via le <a href=\"https:\/\/sede.administracionespublicas.gob.es\" target=\"_blank\" rel=\"noreferrer noopener\">portail officiel du gouvernement<\/a>.<\/p>\n\n\n\n<h2 class=\"wp-block-heading\"><span class=\"ez-toc-section\" id=\"Required_Documents_for_the_NIE_Application\"><\/span>Documents requis pour la demande de NIE<span class=\"ez-toc-section-end\"><\/span><\/h2>\n\n\n\n<p>Pour \u00e9viter que votre demande ne soit rejet\u00e9e, vous devez pr\u00e9parer les documents suivants :<\/p>\n\n\n\n<ol start=\"1\" class=\"wp-block-list\">\n<li><strong>Formulaire de demande EX-15 :<\/strong> Doit \u00eatre rempli en espagnol. Vous pouvez le t\u00e9l\u00e9charger sur le <a href=\"https:\/\/www.interior.gob.es\/\" target=\"_blank\" rel=\"noreferrer noopener\">site officiel du minist\u00e8re de l'Int\u00e9rieur<\/a>.<\/li>\n\n\n\n<li><strong>Passeport en cours de validit\u00e9 :<\/strong> L'original et une photocopie int\u00e9grale de toutes les pages.<\/li>\n\n\n\n<li><strong>Justificatif d'int\u00e9r\u00eat \u00e9conomique :<\/strong> Une copie de votre contrat de r\u00e9servation avec Brokla.com ou une lettre d'un avocat attestant que vous \u00eates en cours d'achat d'un logement.<\/li>\n\n\n\n<li><strong>Mod\u00e8le 790-012 :<\/strong> C'est le formulaire fiscal utilis\u00e9 pour payer les frais administratifs (environ 10 \u20ac). Vous devez l'apporter \u00e0 une banque, payer les frais et rapporter le re\u00e7u tamponn\u00e9 au commissariat.<\/li>\n<\/ol>\n\n\n\n<h2 class=\"wp-block-heading\"><span class=\"ez-toc-section\" id=\"Special_Advice_for_Americans_and_Canadians\"><\/span>Conseils sp\u00e9cifiques pour les Am\u00e9ricains et les Canadiens<span class=\"ez-toc-section-end\"><\/span><\/h2>\n\n\n\n<p>En 2026, nous observons un afflux massif d'acheteurs nord-am\u00e9ricains. Contrairement aux citoyens de l'UE, les Am\u00e9ricains et les Canadiens sont soumis \u00e0 la <strong>r\u00e8gle des 90 jours<\/strong>. Bien que le NIE vous permette d'acheter un bien immobilier, il ne vous donne pas le droit de s\u00e9journer plus de 90 jours sur toute p\u00e9riode de 180 jours.<\/p>\n\n\n\n<p>Si vous envisagez de vivre en Espagne \u00e0 plus long terme, vous devriez vous renseigner sur le <a href=\"https:\/\/brokla.com\/fr\/guide-du-nomade-numerique-de-la-costa-blanca\/\" target=\"_blank\" rel=\"noreferrer noopener\">Guide du Nomade Num\u00e9rique<\/a> ou le Visa Non Lucratif. Pour les citoyens am\u00e9ricains et canadiens, certaines zones c\u00f4ti\u00e8res de la province d'Alicante peuvent \u00e9galement exiger un <strong>Permis Militaire<\/strong> pour les acheteurs non europ\u00e9ens. Il s'agit d'une d\u00e9marche distincte que nous pouvons vous aider \u00e0 accomplir.<\/p>\n\n\n\n<h2 class=\"wp-block-heading\"><span class=\"ez-toc-section\" id=\"NIE_vs_TIE_Whats_the_Difference\"><\/span>NIE vs. TIE : Quelle est la diff\u00e9rence ?<span class=\"ez-toc-section-end\"><\/span><\/h2>\n\n\n\n<p>Il est fr\u00e9quent que les acheteurs confondent ces deux termes.<\/p>\n\n\n\n<ul class=\"wp-block-list\">\n<li><strong>NIE :<\/strong> Le num\u00e9ro en lui-m\u00eame. Il n'expire jamais et vous suit \u00e0 vie.<\/li>\n\n\n\n<li><strong>TIE :<\/strong> La carte physique en plastique (<em>(Tarjeta de Identidad de Extranjero)<\/em>) qui contient votre photo et vos d\u00e9tails de r\u00e9sidence. Seuls les r\u00e9sidents ont besoin d'un TIE, mais tout le monde a besoin d'un NIE.<\/li>\n<\/ul>\n\n\n\n<h2 class=\"wp-block-heading\"><span class=\"ez-toc-section\" id=\"Common_Pitfalls_to_Avoid\"><\/span>Pi\u00e8ges courants \u00e0 \u00e9viter<span class=\"ez-toc-section-end\"><\/span><\/h2>\n\n\n\n<ul class=\"wp-block-list\">\n<li><strong>Utilisation de Passeports Expir\u00e9s :<\/strong> Votre passeport doit avoir une validit\u00e9 d'au moins 6 mois.<\/li>\n\n\n\n<li><strong>Erreurs de Remplissage du Formulaire :<\/strong> De petites erreurs sur le formulaire EX-15 peuvent entra\u00eener un rejet.<\/li>\n\n\n\n<li><strong>Omission de la Cita Previa :<\/strong> Dans les zones tr\u00e8s demand\u00e9es comme <strong>Alicante<\/strong> soit <strong>Denia<\/strong>, les rendez-vous peuvent \u00eatre complets plusieurs semaines \u00e0 l'avance. Anticipez !<\/li>\n<\/ul>\n\n\n\n<figure class=\"wp-block-image size-full\"><img decoding=\"async\" width=\"1620\" height=\"1080\" src=\"https:\/\/brokla.com\/wp-content\/uploads\/2026\/01\/Amazing-apartment-for-sale-in-Torrevieja-Alicante-Costa-Blanca-15.jpg\" alt=\"Documents de demande de num\u00e9ro NIE espagnol pour les acheteurs immobiliers\" class=\"wp-image-20605\" title=\"\" srcset=\"https:\/\/brokla.com\/wp-content\/uploads\/2026\/01\/Amazing-apartment-for-sale-in-Torrevieja-Alicante-Costa-Blanca-15.jpg 1620w, https:\/\/brokla.com\/wp-content\/uploads\/2026\/01\/Amazing-apartment-for-sale-in-Torrevieja-Alicante-Costa-Blanca-15-1536x1024.jpg 1536w\" sizes=\"(max-width: 1620px) 100vw, 1620px\" \/><\/figure>\n\n\n\n<h2 class=\"wp-block-heading\"><span class=\"ez-toc-section\" id=\"Frequently_Asked_Questions_FAQ\"><\/span>Questions fr\u00e9quemment pos\u00e9es (FAQ)<span class=\"ez-toc-section-end\"><\/span><\/h2>\n\n\n\n<p><strong>Combien de temps faut-il pour obtenir un NIE en 2026 ?<\/strong> Si vous faites la demande en personne en Espagne, vous pourriez l'obtenir le jour m\u00eame ou sous 5 jours. Si vous faites la demande via un consulat \u00e0 l'\u00e9tranger, pr\u00e9voyez 2 \u00e0 4 semaines.<\/p>\n\n\n\n<p><strong>Puis-je acheter un bien immobilier sans NIE ?<\/strong> Non. Vous pouvez signer un contrat de r\u00e9servation priv\u00e9, mais vous ne pouvez pas signer l'acte authentique chez le notaire.<\/p>\n\n\n\n<p><strong>Mon conjoint a-t-il besoin d'un NIE si seul mon nom figure sur l'acte ?<\/strong> Si une seule personne ach\u00e8te, seule cette personne a besoin d'un NIE. Cependant, nous recommandons que les deux partenaires en obtiennent un pour simplifier les futures factures de services ou les questions d'h\u00e9ritage.<\/p>\n\n\n\n<h2 class=\"wp-block-heading\"><span class=\"ez-toc-section\" id=\"Moving_Forward_with_Broklacom\"><\/span>Poursuivre avec Brokla.com<span class=\"ez-toc-section-end\"><\/span><\/h2>\n\n\n\n<p>Une fois votre NIE en poche, la partie amusante commence : trouver la maison de vos r\u00eaves. Que vous soyez int\u00e9ress\u00e9 par le luxe des gratte-ciel de <strong>Benidorm<\/strong>, le charme traditionnel de <strong>Villajoyosa<\/strong>, ou les collines sereines de <strong>La Nucia<\/strong>, nous sommes l\u00e0 pour vous guider.<\/p>\n\n\n\n<p>D\u00e9couvrez notre <a href=\"https:\/\/brokla.com\/fr\/strategie-dinvestissement-immobilier-sur-la-costa-blanca\/\" target=\"_blank\" rel=\"noreferrer noopener\">Strat\u00e9gie d'Investissement Immobilier<\/a> pour voir comment maximiser votre ROI sur le march\u00e9 2026 ou parcourez nos derni\u00e8res <a href=\"https:\/\/brokla.com\/fr\/ville\/albir\/\">annonces \u00e0 <strong>Albir<\/strong><\/a> et <strong><a href=\"https:\/\/brokla.com\/fr\/ville\/finestrat\/\">Finestrat<\/a><\/strong>.<\/p>\n\n\n\n<h3 class=\"wp-block-heading\"><span class=\"ez-toc-section\" id=\"Ready_to_Start_Your_Costa_Blanca_Journey\"><\/span><strong>Pr\u00eat \u00e0 commencer votre aventure sur la Costa Blanca ?<\/strong><span class=\"ez-toc-section-end\"><\/span><\/h3>\n\n\n\n<figure class=\"wp-block-image size-full\"><img decoding=\"async\" width=\"1920\" height=\"1361\" src=\"https:\/\/brokla.com\/wp-content\/uploads\/2026\/01\/Amazing-apartment-for-sale-in-Torrevieja-Alicante-Costa-Blanca-21.jpg\" alt=\"Avec votre NIE en main, vous pourriez r\u00e9cup\u00e9rer les cl\u00e9s d&#039;un appartement moderne comme celui-ci \u00e0 Torrevieja\" class=\"wp-image-20611\" title=\"\" srcset=\"https:\/\/brokla.com\/wp-content\/uploads\/2026\/01\/Amazing-apartment-for-sale-in-Torrevieja-Alicante-Costa-Blanca-21.jpg 1920w, https:\/\/brokla.com\/wp-content\/uploads\/2026\/01\/Amazing-apartment-for-sale-in-Torrevieja-Alicante-Costa-Blanca-21-1536x1089.jpg 1536w\" sizes=\"(max-width: 1920px) 100vw, 1920px\" \/><\/figure>\n\n\n\n<blockquote class=\"wp-block-quote is-layout-flow wp-block-quote-is-layout-flow\">\n<p><em>Avec votre NIE en main, vous pourriez r\u00e9cup\u00e9rer les cl\u00e9s d'un appartement moderne comme celui-ci \u00e0 Torrevieja<\/em><\/p>\n<\/blockquote>\n\n\n\n<p>Obtenir votre NIE n'est que la premi\u00e8re \u00e9tape vers la possession d'un coin de paradis m\u00e9diterran\u00e9en. Que vous cherchiez un appartement d'investissement \u00e9l\u00e9gant \u00e0 <strong>Benidorm<\/strong> ou une retraite paisible \u00e0 <strong>Villajoyosa<\/strong>, l'\u00e9quipe Brokla est l\u00e0 pour rendre le processus fluide.<\/p>\n\n\n\n<ul class=\"wp-block-list\">\n<li><strong>\u00c9tape 1 : Explorer le March\u00e9<\/strong> \u2013 Consultez nos <a href=\"https:\/\/brokla.com\/fr\/annonces-immobilieres-de-la-costa-blanca\/\" target=\"_blank\" rel=\"noreferrer noopener\">Derni\u00e8res Annonces Immobili\u00e8res sur la Costa Blanca<\/a>.<\/li>\n\n\n\n<li><strong>\u00c9tape 2 : Obtenir des Conseils d'Expert<\/strong> \u2013 Vous ne savez pas quelle zone correspond \u00e0 votre style de vie ? Lisez notre <a href=\"https:\/\/brokla.com\/fr\/costa-blanca-nord-contre-sud\/\" target=\"_blank\" rel=\"noreferrer noopener\">Comparatif Costa Blanca Nord vs Sud<\/a>.<\/li>\n\n\n\n<li><strong>\u00c9tape 3 : Nous Contacter<\/strong> \u2013 Vous avez des questions sur le NIE ou le processus d'achat ? <a href=\"https:\/\/brokla.com\/fr\/contactez-lagence-immobiliere-costa-blanca\/\" target=\"_blank\" rel=\"noreferrer noopener\">Envoyez-nous un message d\u00e8s aujourd'hui<\/a>, et commen\u00e7ons.<\/li>\n<\/ul>\n\n\n\n<p><strong>Num\u00e9ro NIE Espagne 2026 par <a href=\"https:\/\/brokla.com\/fr\/agence-immobiliere-costa-blanca\/\">Brokla Realty<\/a><\/strong><\/p>","protected":false},"excerpt":{"rendered":"<p>NIE Number Spain 2026: If you are planning to purchase property in the Costa Blanca, whether it is a modern apartment in Benidorm or a luxury villa in Altea, there is one administrative hurdle you must clear before anything else: obtaining your NIE Number. At Brokla.com, we see many international buyers\u2014especially from the US, UK, [&hellip;]<\/p>\n","protected":false},"author":1,"featured_media":20686,"parent":0,"menu_order":0,"comment_status":"closed","ping_status":"closed","template":"","meta":{"googlesitekit_rrm_CAowzI3FDA:productID":"","footnotes":""},"class_list":["post-20684","page","type-page","status-publish","has-post-thumbnail","hentry"],"_links":{"self":[{"href":"https:\/\/brokla.com\/fr\/wp-json\/wp\/v2\/pages\/20684","targetHints":{"allow":["GET"]}}],"collection":[{"href":"https:\/\/brokla.com\/fr\/wp-json\/wp\/v2\/pages"}],"about":[{"href":"https:\/\/brokla.com\/fr\/wp-json\/wp\/v2\/types\/page"}],"author":[{"embeddable":true,"href":"https:\/\/brokla.com\/fr\/wp-json\/wp\/v2\/users\/1"}],"replies":[{"embeddable":true,"href":"https:\/\/brokla.com\/fr\/wp-json\/wp\/v2\/comments?post=20684"}],"version-history":[{"count":0,"href":"https:\/\/brokla.com\/fr\/wp-json\/wp\/v2\/pages\/20684\/revisions"}],"wp:featuredmedia":[{"embeddable":true,"href":"https:\/\/brokla.com\/fr\/wp-json\/wp\/v2\/media\/20686"}],"wp:attachment":[{"href":"https:\/\/brokla.com\/fr\/wp-json\/wp\/v2\/media?parent=20684"}],"curies":[{"name":"wc","href":"https:\/\/api.w.org\/{rel}","templated":true}]}}