{"id":54,"date":"2020-02-18T11:54:46","date_gmt":"2020-02-18T11:54:46","guid":{"rendered":"https:\/\/demo01.houzez.co\/?page_id=54"},"modified":"2026-01-29T16:14:57","modified_gmt":"2026-01-29T15:14:57","slug":"carte-des-proprietes-de-la-costa-blanca","status":"publish","type":"page","link":"https:\/\/brokla.com\/fr\/carte-des-proprietes-de-la-costa-blanca\/","title":{"rendered":"Carte Immobili\u00e8re de la Costa Blanca"},"content":{"rendered":"<div data-elementor-type=\"wp-page\" data-elementor-id=\"54\" class=\"elementor elementor-54\">\n\t\t\t\t<div class=\"elementor-element elementor-element-15806d19 e-flex e-con-boxed e-con e-parent\" data-id=\"15806d19\" data-element_type=\"container\" data-e-type=\"container\">\n\t\t\t\t\t<div class=\"e-con-inner\">\n\t\t\t\t<div class=\"elementor-element elementor-element-35c5a44f elementor-widget elementor-widget-text-editor\" data-id=\"35c5a44f\" data-element_type=\"widget\" data-e-type=\"widget\" data-widget_type=\"text-editor.default\">\n\t\t\t\t\t\t\t\t\t\n<div id=\"ez-toc-container\" class=\"ez-toc-v2_0_82_2 counter-hierarchy ez-toc-counter ez-toc-light-blue ez-toc-container-direction\">\n<div class=\"ez-toc-title-container\">\n<p class=\"ez-toc-title\" style=\"cursor:inherit\">Table des mati\u00e8res<\/p>\n<span class=\"ez-toc-title-toggle\"><a href=\"#\" class=\"ez-toc-pull-right ez-toc-btn ez-toc-btn-xs ez-toc-btn-default ez-toc-toggle\" aria-label=\"Basculer la Table des Mati\u00e8res\"><span class=\"ez-toc-js-icon-con\"><span class=\"\"><span class=\"eztoc-hide\" style=\"display:none;\">Basculer<\/span><span class=\"ez-toc-icon-toggle-span\"><svg style=\"fill: #999;color:#999\" xmlns=\"http:\/\/www.w3.org\/2000\/svg\" class=\"list-377408\" width=\"20px\" height=\"20px\" viewbox=\"0 0 24 24\" fill=\"none\"><path d=\"M6 6H4v2h2V6zm14 0H8v2h12V6zM4 11h2v2H4v-2zm16 0H8v2h12v-2zM4 16h2v2H4v-2zm16 0H8v2h12v-2z\" fill=\"currentColor\"><\/path><\/svg><svg style=\"fill: #999;color:#999\" class=\"arrow-unsorted-368013\" xmlns=\"http:\/\/www.w3.org\/2000\/svg\" width=\"10px\" height=\"10px\" viewbox=\"0 0 24 24\" version=\"1.2\" baseprofile=\"tiny\"><path d=\"M18.2 9.3l-6.2-6.3-6.2 6.3c-.2.2-.3.4-.3.7s.1.5.3.7c.2.2.4.3.7.3h11c.3 0 .5-.1.7-.3.2-.2.3-.5.3-.7s-.1-.5-.3-.7zM5.8 14.7l6.2 6.3 6.2-6.3c.2-.2.3-.5.3-.7s-.1-.5-.3-.7c-.2-.2-.4-.3-.7-.3h-11c-.3 0-.5.1-.7.3-.2.2-.3.5-.3.7s.1.5.3.7z\"\/><\/svg><\/span><\/span><\/span><\/a><\/span><\/div>\n<nav><ul class='ez-toc-list ez-toc-list-level-1' ><li class='ez-toc-page-1 ez-toc-heading-level-1'><a class=\"ez-toc-link ez-toc-heading-1\" href=\"https:\/\/brokla.com\/fr\/carte-des-proprietes-de-la-costa-blanca\/#Costa_Blanca_Property_Map\" >Carte Immobili\u00e8re de la Costa Blanca<\/a><ul class='ez-toc-list-level-2' ><li class='ez-toc-heading-level-2'><a class=\"ez-toc-link ez-toc-heading-2\" href=\"https:\/\/brokla.com\/fr\/carte-des-proprietes-de-la-costa-blanca\/#Interactive_Costa_Blanca_Property_Map\" >Carte interactive des biens de la Costa Blanca<\/a><ul class='ez-toc-list-level-3' ><li class='ez-toc-heading-level-3'><a class=\"ez-toc-link ez-toc-heading-3\" href=\"https:\/\/brokla.com\/fr\/carte-des-proprietes-de-la-costa-blanca\/#Our_Costa_Blanca_property_map\" >Notre carte immobili\u00e8re de la Costa Blanca<\/a><\/li><\/ul><\/li><\/ul><\/li><\/ul><\/nav><\/div>\n<h1 class=\"wp-block-heading\" style=\"text-align: center;\"><span class=\"ez-toc-section\" id=\"Costa_Blanca_Property_Map\"><\/span>Carte Immobili\u00e8re de la Costa Blanca<span class=\"ez-toc-section-end\"><\/span><\/h1>\n<h2 class=\"wp-block-heading\" style=\"font-size: 38px; line-height: 1.4; text-align: center;\"><span class=\"ez-toc-section\" id=\"Interactive_Costa_Blanca_Property_Map\"><\/span>Carte interactive des biens de la Costa Blanca<span class=\"ez-toc-section-end\"><\/span><\/h2>\n\n<p data-path-to-node=\"9\">Trouver votre maison id\u00e9ale en Espagne est d\u00e9sormais plus simple gr\u00e2ce \u00e0 notre <b>carte immobili\u00e8re compl\u00e8te de la Costa Blanca<\/b>. Cet outil interactif vous permet de visualiser pr\u00e9cis\u00e9ment o\u00f9 se situe votre prochain investissement, qu'il s'agisse d'une <a href=\"https:\/\/brokla.com\/fr\/type-de-bien\/villa\/\">villa<\/a> en <a href=\"https:\/\/brokla.com\/fr\/ville\/javea\/\">Javea<\/a> premi\u00e8re ligne ou d'un <a href=\"https:\/\/brokla.com\/fr\/type-de-bien\/appartement\/\">appartement<\/a> en <a href=\"https:\/\/brokla.com\/fr\/ville\/alicante\/\">Alicante<\/a>. moderne. L'emplacement est le facteur le plus d\u00e9terminant dans la valeur immobili\u00e8re ; selon le <a class=\"ng-star-inserted\" href=\"https:\/\/www.registradores.org\/\" target=\"_blank\" rel=\"noopener\" data-hveid=\"0\" data-ved=\"0CAAQ_4QMahgKEwiu8dP65MSRAxUAAAAAHQAAAAAQuwU\">Coll\u00e8ge des Registres en Espagne<\/a>, la proximit\u00e9 du littoral et des commodit\u00e9s locales reste le principal moteur de la plus-value \u00e0 long terme dans la Communaut\u00e9 Valencienne.<\/p>\n<h3 data-path-to-node=\"10\"><span class=\"ez-toc-section\" id=\"Our_Costa_Blanca_property_map\"><\/span><strong>Notre<\/strong> <b>carte immobili\u00e8re compl\u00e8te de la Costa Blanca<\/b><span class=\"ez-toc-section-end\"><\/span><\/h3>\n<p data-path-to-node=\"10\">est mise \u00e0 jour en temps r\u00e9el, vous garantissant de visualiser les derni\u00e8res disponibilit\u00e9s dans les r\u00e9gions du Nord et du Sud. Gr\u00e2ce \u00e0 la vue cartographique, vous pouvez facilement identifier les propri\u00e9t\u00e9s \u00e0 proximit\u00e9 des meilleures \u00e9coles internationales, des terrains de golf et des c\u00e9l\u00e8bres plages Pavillon Bleu de la r\u00e9gion.<\/p>\n<p data-path-to-node=\"11\">Que vous soyez \u00e0 la recherche d'un investissement locatif \u00e0 haut rendement ou d'une retraite paisible, notre <a class=\"ng-star-inserted\" href=\"https:\/\/brokla.com\/fr\/guide-dachat-immobilier-le-plus-recent-pour-la-costa-blanca\/\" target=\"_blank\" rel=\"noopener\" data-hveid=\"0\" data-ved=\"0CAAQ_4QMahgKEwiu8dP65MSRAxUAAAAAHQAAAAAQvAU\">guide d'achat<\/a> vous offre toutes les informations locales n\u00e9cessaires pour prendre une d\u00e9cision \u00e9clair\u00e9e. Lancez votre recherche visuelle d\u00e8s aujourd'hui et d\u00e9couvrez pourquoi la Costa Blanca demeure la destination privil\u00e9gi\u00e9e en Europe pour vivre la dolce vita m\u00e9diterran\u00e9enne.<\/p>\n\n<p>\u00a0<\/p>\n\n<p>\u00a0<\/p>\n\n<p>\u00a0<\/p>\n\n<p>\u00a0<\/p>\n\n<p>\u00a0<\/p>\n\n<p>\u00a0<\/p>\n\n<p>\u00a0<\/p>\n\n<p>\u00a0<\/p>\n\n<p>\u00a0<\/p>\n\t\t\t\t\t\t\t\t<\/div>\n\t\t\t\t\t<\/div>\n\t\t\t\t<\/div>\n\t\t\t\t<\/div>","protected":false},"excerpt":{"rendered":"<p>Costa Blanca Property Map Interactive Costa Blanca Property Map Finding your ideal home in Spain is now easier with our comprehensive Costa Blanca property map. This interactive tool allows you to visualize exactly where your next investment sits, whether it\u2019s a frontline villa in Javea or a modern apartment in Alicante. Location is the most [&hellip;]<\/p>\n","protected":false},"author":1,"featured_media":18068,"parent":0,"menu_order":0,"comment_status":"closed","ping_status":"closed","template":"template\/property-listings-map.php","meta":{"googlesitekit_rrm_CAowzI3FDA:productID":"","footnotes":""},"class_list":["post-54","page","type-page","status-publish","has-post-thumbnail","hentry"],"_links":{"self":[{"href":"https:\/\/brokla.com\/fr\/wp-json\/wp\/v2\/pages\/54","targetHints":{"allow":["GET"]}}],"collection":[{"href":"https:\/\/brokla.com\/fr\/wp-json\/wp\/v2\/pages"}],"about":[{"href":"https:\/\/brokla.com\/fr\/wp-json\/wp\/v2\/types\/page"}],"author":[{"embeddable":true,"href":"https:\/\/brokla.com\/fr\/wp-json\/wp\/v2\/users\/1"}],"replies":[{"embeddable":true,"href":"https:\/\/brokla.com\/fr\/wp-json\/wp\/v2\/comments?post=54"}],"version-history":[{"count":0,"href":"https:\/\/brokla.com\/fr\/wp-json\/wp\/v2\/pages\/54\/revisions"}],"wp:featuredmedia":[{"embeddable":true,"href":"https:\/\/brokla.com\/fr\/wp-json\/wp\/v2\/media\/18068"}],"wp:attachment":[{"href":"https:\/\/brokla.com\/fr\/wp-json\/wp\/v2\/media?parent=54"}],"curies":[{"name":"wc","href":"https:\/\/api.w.org\/{rel}","templated":true}]}}