{"id":745,"date":"2016-03-10T18:51:46","date_gmt":"2016-03-10T18:51:46","guid":{"rendered":"https:\/\/default.houzez.co\/?page_id=745"},"modified":"2026-01-29T16:38:27","modified_gmt":"2026-01-29T15:38:27","slug":"conditions-generales-de-vente-immobiliere-de-la-costa-blanca","status":"publish","type":"page","link":"https:\/\/brokla.com\/fr\/conditions-generales-de-vente-immobiliere-de-la-costa-blanca\/","title":{"rendered":"Conditions g\u00e9n\u00e9rales de Costa Blanca Real Estate"},"content":{"rendered":"<div data-elementor-type=\"wp-page\" data-elementor-id=\"745\" class=\"elementor elementor-745\">\n\t\t\t\t<div class=\"elementor-element elementor-element-1dfd055b e-flex e-con-boxed e-con e-parent\" data-id=\"1dfd055b\" data-element_type=\"container\" data-e-type=\"container\">\n\t\t\t\t\t<div class=\"e-con-inner\">\n\t\t\t\t<div class=\"elementor-element elementor-element-276cc055 elementor-widget elementor-widget-text-editor\" data-id=\"276cc055\" data-element_type=\"widget\" data-e-type=\"widget\" data-widget_type=\"text-editor.default\">\n\t\t\t\t\t\t\t\t\t<p style=\"text-align: center;\" data-path-to-node=\"7\"><em><strong>Conditions g\u00e9n\u00e9rales de Costa Blanca Real Estate<\/strong><\/em><\/p><p data-path-to-node=\"8\"><b>Derni\u00e8re mise \u00e0 jour : ann\u00e9e 2025<\/b><\/p><p data-path-to-node=\"9\">Bienvenue chez Brokla. En acc\u00e9dant \u00e0 notre site web et en utilisant nos services, vous acceptez de respecter et d'\u00eatre li\u00e9 par les <b>conditions g\u00e9n\u00e9rales immobili\u00e8res de la Costa Blanca<\/b>. Ces conditions r\u00e9gissent la relation entre Brokla et nos utilisateurs concernant ce site web et les services immobiliers que nous fournissons dans la province d'Alicante.<\/p><h2 data-path-to-node=\"10\"><b>1. Acceptation des conditions g\u00e9n\u00e9rales<\/b><\/h2><p data-path-to-node=\"11\">Votre utilisation de ce site web constitue votre acceptation pleine et enti\u00e8re de ces <b>conditions g\u00e9n\u00e9rales immobili\u00e8res de la Costa Blanca<\/b>. Si vous n'\u00eates pas d'accord avec une partie de ces conditions, vous ne devez pas utiliser notre site. Nous op\u00e9rons sous le droit espagnol, en respectant sp\u00e9cifiquement la <a class=\"ng-star-inserted\" href=\"https:\/\/www.boe.es\/buscar\/act.php?id=BOE-A-2002-13758\" target=\"_blank\" rel=\"noopener\" data-hveid=\"0\" data-ved=\"0CAAQ_4QMahgKEwiu8dP65MSRAxUAAAAAHQAAAAAQ1Ac\">Loi sur les Services de la Soci\u00e9t\u00e9 de l'Information et du Commerce \u00c9lectronique (LSSI-CE)<\/a>.<\/p><h2 data-path-to-node=\"12\"><b>2. Exactitude des annonces immobili\u00e8res<\/b><\/h2><p data-path-to-node=\"13\">Brokla s'efforce de garantir que toutes les <b><a class=\"ng-star-inserted\" href=\"https:\/\/brokla.com\/fr\/annonces-immobilieres-de-la-costa-blanca\/\" target=\"_blank\" rel=\"noopener\" data-hveid=\"0\" data-ved=\"0CAAQ_4QMahgKEwiu8dP65MSRAxUAAAAAHQAAAAAQ1Qc\">Annonces immobili\u00e8res Costa Blanca<\/a><\/b> informations sont exactes et \u00e0 jour. Cependant, les informations fournies \u2014 y compris les prix, dimensions et disponibilit\u00e9s \u2014 le sont \u00e0 titre informatif uniquement.<\/p><ul data-path-to-node=\"14\"><li><p data-path-to-node=\"14,0,0\"><b>Aucune valeur contractuelle :<\/b> Les d\u00e9tails des biens sur ce site ne constituent pas une offre formelle ni un contrat.<\/p><\/li><li><p data-path-to-node=\"14,1,0\"><b>Donn\u00e9es tierces :<\/b> Certaines informations sont fournies par des promoteurs ou vendeurs priv\u00e9s. Bien que nous v\u00e9rifiions les donn\u00e9es, nous ne pouvons garantir leur absolue exactitude.<\/p><\/li><li><p data-path-to-node=\"14,2,0\"><b>Modifications de prix :<\/b> Les prix sont sujets aux fluctuations du march\u00e9 et \u00e0 la discr\u00e9tion du vendeur.<\/p><\/li><\/ul><h2 data-path-to-node=\"15\"><b>3. Droits de propri\u00e9t\u00e9 intellectuelle<\/b><\/h2><p data-path-to-node=\"16\">Tout contenu inclus sur ce site, tel que texte, graphiques, logos, images et notre <b><a class=\"ng-star-inserted\" href=\"https:\/\/brokla.com\/fr\/carte-des-proprietes-de-la-costa-blanca\/\" target=\"_blank\" rel=\"noopener\" data-hveid=\"0\" data-ved=\"0CAAQ_4QMahgKEwiu8dP65MSRAxUAAAAAHQAAAAAQ1gc\">carte immobili\u00e8re compl\u00e8te de la Costa Blanca<\/a><\/b>, est la propri\u00e9t\u00e9 de Brokla ou de ses fournisseurs de contenu et est prot\u00e9g\u00e9 par les lois espagnoles et internationales sur le droit d'auteur. Toute utilisation, reproduction ou distribution non autoris\u00e9e de tout mat\u00e9riel de ce site est strictement interdite.<\/p><h2 data-path-to-node=\"17\"><b>4. Comportement et responsabilit\u00e9s de l'utilisateur<\/b><\/h2><p data-path-to-node=\"18\">En utilisant nos services, vous acceptez de :<\/p><ol start=\"1\" data-path-to-node=\"19\"><li><p data-path-to-node=\"19,0,0\">Fournir des informations exactes lors de l'utilisation de nos <b><a class=\"ng-star-inserted\" href=\"https:\/\/brokla.com\/fr\/contactez-lagence-immobiliere-costa-blanca\/\" target=\"_blank\" rel=\"noopener\" data-hveid=\"0\" data-ved=\"0CAAQ_4QMahgKEwiu8dP65MSRAxUAAAAAHQAAAAAQ1wc\">formulaires de contact<\/a><\/b>.<\/p><\/li><li><p data-path-to-node=\"19,1,0\">Ne pas utiliser le site d'une mani\u00e8re qui cause, ou pourrait causer, des dommages au site ou une alt\u00e9ration de la disponibilit\u00e9 ou de l'accessibilit\u00e9 du service.<\/p><\/li><li><p data-path-to-node=\"19,2,0\">Ne pas utiliser notre site pour copier, stocker, h\u00e9berger, transmettre, envoyer, utiliser, publier ou distribuer tout mat\u00e9riel constitu\u00e9 de (ou li\u00e9 \u00e0) tout logiciel espion, virus informatique ou autre logiciel malveillant.<\/p><\/li><\/ol><h2 data-path-to-node=\"20\"><b>5. Limitation de responsabilit\u00e9<\/b><\/h2><p data-path-to-node=\"21\">Brokla ne sera pas responsable de toute perte ou dommage direct, indirect ou cons\u00e9cutif d\u00e9coulant de ces <b>conditions g\u00e9n\u00e9rales immobili\u00e8res de la Costa Blanca<\/b> conditions ou en lien avec notre site. Nous ne garantissons pas que le site sera constamment disponible ou que les informations sur ce site sont compl\u00e8tes, vraies ou non trompeuses. Pour des conseils juridiques et financiers officiels, nous recommandons de consulter un avocat ind\u00e9pendant, comme mentionn\u00e9 dans nos <b><a class=\"ng-star-inserted\" href=\"https:\/\/brokla.com\/fr\/actualites-immobilieres-de-la-costa-blanca\/\" target=\"_blank\" rel=\"noopener\" data-hveid=\"0\" data-ved=\"0CAAQ_4QMahgKEwiu8dP65MSRAxUAAAAAHQAAAAAQ2Ac\">actualit\u00e9s et mises \u00e0 jour du blog<\/a><\/b>.<\/p><h2 data-path-to-node=\"22\"><b>6. Liens vers des ressources tierces<\/b><\/h2><p data-path-to-node=\"23\">Pour votre commodit\u00e9, nous pouvons fournir des liens vers des sites externes, tels que le <a class=\"ng-star-inserted\" href=\"https:\/\/www.registradores.org\/\" target=\"_blank\" rel=\"noopener\" data-hveid=\"0\" data-ved=\"0CAAQ_4QMahgKEwiu8dP65MSRAxUAAAAAHQAAAAAQ2Qc\">Registre Foncier Espagnol (Registradores)<\/a>. Brokla n'a aucun contr\u00f4le sur le contenu de ces sites et n'accepte aucune responsabilit\u00e9 \u00e0 leur \u00e9gard ou pour toute perte ou dommage pouvant r\u00e9sulter de leur utilisation.<\/p><h2 data-path-to-node=\"24\"><b>7. Droit applicable et juridiction<\/b><\/h2><p data-path-to-node=\"25\">Ces <b>conditions g\u00e9n\u00e9rales immobili\u00e8res de la Costa Blanca<\/b> sont r\u00e9gis et interpr\u00e9t\u00e9s conform\u00e9ment au droit espagnol. Tout litige relatif \u00e0 ces conditions g\u00e9n\u00e9rales sera de la comp\u00e9tence exclusive des tribunaux d'Alicante, Espagne.<\/p><h2 data-path-to-node=\"26\"><b>8. Modifications du Service<\/b><\/h2><p data-path-to-node=\"27\">Brokla se r\u00e9serve le droit de modifier ou supprimer tout mat\u00e9riel soumis \u00e0 ce site, stock\u00e9 sur nos serveurs, ou h\u00e9berg\u00e9 ou publi\u00e9 sur ce site \u00e0 tout moment et sans pr\u00e9avis.<\/p><p style=\"text-align: center;\" data-path-to-node=\"27\"><strong>Conditions g\u00e9n\u00e9rales de l'immobilier Costa Blanca @ <a href=\"https:\/\/brokla.com\/fr\/\">Brokla Realty<\/a><\/strong><\/p>\t\t\t\t\t\t\t\t<\/div>\n\t\t\t\t\t<\/div>\n\t\t\t\t<\/div>\n\t\t<div class=\"elementor-element elementor-element-18026e4 e-flex e-con-boxed e-con e-parent\" data-id=\"18026e4\" data-element_type=\"container\" data-e-type=\"container\">\n\t\t\t\t\t<div class=\"e-con-inner\">\n\t\t\t\t<div class=\"elementor-element elementor-element-e2ea7f9 elementor-widget elementor-widget-houzez_elementor_testimonials_v3\" data-id=\"e2ea7f9\" data-element_type=\"widget\" data-e-type=\"widget\" data-widget_type=\"houzez_elementor_testimonials_v3.default\">\n\t\t\t\t<div class=\"elementor-widget-container\">\n\t\t\t\t\t\n        <div class=\"testimonials-module testimonials-module-slider-v3 testimonials-module-v3\">\n            <div class=\"testimonials-slider-wrap-v3\">\n                <div class=\"testimonial-item testimonial-item-v3\">\n    <div class=\"testimonial-body\">\n        Brokla Realty m'a accompagn\u00e9 \u00e0 chaque \u00e9tape du processus d'achat. Une communication excellente et un service vraiment fiable. Je recommande sans r\u00e9serve !    <\/div><!-- testimonial-body -->\n    <div class=\"d-flex align-items-center\">\n                <div class=\"testimonial-thumb\">\n            <img decoding=\"async\" width=\"150\" height=\"150\" src=\"https:\/\/brokla.com\/wp-content\/uploads\/2026\/01\/Clients-1.jpg\" class=\"img-fluid rounded-circle\" alt=\"Avis client\" srcset=\"https:\/\/brokla.com\/wp-content\/uploads\/2026\/01\/Clients-1.jpg 1024w, https:\/\/brokla.com\/wp-content\/uploads\/2026\/01\/Clients-1-780x780.jpg 780w\" sizes=\"(max-width: 150px) 100vw, 150px\" title=\"\">        <\/div><!-- testimonial-thumb -->\n                <div class=\"testimonial-info\">\n            <strong class=\"testimonial-name\">Marco<\/strong><br>\n                        <em class=\"testimonial-position\">Avocat<\/em>\n                    <\/div><!-- testimonial-info -->\n    <\/div><!-- d-flex -->\n<\/div><!-- testimonial-item --><div class=\"testimonial-item testimonial-item-v3\">\n    <div class=\"testimonial-body\">\n        Travailler avec Brokla Realty a \u00e9t\u00e9 une excellente exp\u00e9rience. Ils ont parfaitement compris ce que je recherchais et m'ont aid\u00e9 \u00e0 trouver la propri\u00e9t\u00e9 id\u00e9ale rapidement.    <\/div><!-- testimonial-body -->\n    <div class=\"d-flex align-items-center\">\n                <div class=\"testimonial-thumb\">\n            <img decoding=\"async\" width=\"150\" height=\"150\" src=\"https:\/\/brokla.com\/wp-content\/uploads\/2026\/01\/Clients-4.jpg\" class=\"img-fluid rounded-circle\" alt=\"Avis client\" srcset=\"https:\/\/brokla.com\/wp-content\/uploads\/2026\/01\/Clients-4.jpg 1024w, https:\/\/brokla.com\/wp-content\/uploads\/2026\/01\/Clients-4-780x780.jpg 780w\" sizes=\"(max-width: 150px) 100vw, 150px\" title=\"\">        <\/div><!-- testimonial-thumb -->\n                <div class=\"testimonial-info\">\n            <strong class=\"testimonial-name\">Kim<\/strong><br>\n                        <em class=\"testimonial-job\">Ind\u00e9pendant<\/em>\n                    <\/div><!-- testimonial-info -->\n    <\/div><!-- d-flex -->\n<\/div><!-- testimonial-item --><div class=\"testimonial-item testimonial-item-v3\">\n    <div class=\"testimonial-body\">\n        Brokla Realty a rendu l'ensemble du processus simple et sans stress. Leur professionnalisme et leur souci du d\u00e9tail ont v\u00e9ritablement d\u00e9pass\u00e9 mes attentes.    <\/div><!-- testimonial-body -->\n    <div class=\"d-flex align-items-center\">\n                <div class=\"testimonial-thumb\">\n            <img decoding=\"async\" width=\"150\" height=\"150\" src=\"https:\/\/brokla.com\/wp-content\/uploads\/2026\/01\/Clients-5.jpg\" class=\"img-fluid rounded-circle\" alt=\"Avis client\" srcset=\"https:\/\/brokla.com\/wp-content\/uploads\/2026\/01\/Clients-5.jpg 1024w, https:\/\/brokla.com\/wp-content\/uploads\/2026\/01\/Clients-5-780x780.jpg 780w\" sizes=\"(max-width: 150px) 100vw, 150px\" title=\"\">        <\/div><!-- testimonial-thumb -->\n                <div class=\"testimonial-info\">\n            <strong class=\"testimonial-name\">Diana<\/strong><br>\n                        <em class=\"testimonial-job\">Soci\u00e9t\u00e9 REM<\/em>\n                    <\/div><!-- testimonial-info -->\n    <\/div><!-- d-flex -->\n<\/div><!-- testimonial-item --><div class=\"testimonial-item testimonial-item-v3\">\n    <div class=\"testimonial-body\">\n        Des professionnels de l'immobilier et des personnes bien ! De nombreuses propri\u00e9t\u00e9s sur toute la Costa Blanca, notamment \u00e0 Benidorm.    <\/div><!-- testimonial-body -->\n    <div class=\"d-flex align-items-center\">\n                <div class=\"testimonial-thumb\">\n            <img loading=\"lazy\" decoding=\"async\" width=\"150\" height=\"150\" src=\"https:\/\/brokla.com\/wp-content\/uploads\/2026\/01\/Clients-3.jpg\" class=\"img-fluid rounded-circle\" alt=\"Avis client\" srcset=\"https:\/\/brokla.com\/wp-content\/uploads\/2026\/01\/Clients-3.jpg 1024w, https:\/\/brokla.com\/wp-content\/uploads\/2026\/01\/Clients-3-780x780.jpg 780w\" sizes=\"(max-width: 150px) 100vw, 150px\" title=\"\">        <\/div><!-- testimonial-thumb -->\n                <div class=\"testimonial-info\">\n            <strong class=\"testimonial-name\">Nicco<\/strong><br>\n                        <em class=\"testimonial-position\">G\u00e9rant<\/em>\n                    <\/div><!-- testimonial-info -->\n    <\/div><!-- d-flex -->\n<\/div><!-- testimonial-item --><div class=\"testimonial-item testimonial-item-v3\">\n    <div class=\"testimonial-body\">\n        Bon service, le processus d'achat a \u00e9t\u00e9 simple. Je pensais que ce serait plus compliqu\u00e9. Gr\u00e2ce \u00e0 ces personnes, j'ai maintenant une vue comme celle-ci ! https:\/\/maps.app.goo.gl\/V9jp9EvFYDDVGDiS9    <\/div><!-- testimonial-body -->\n    <div class=\"d-flex align-items-center\">\n                <div class=\"testimonial-thumb\">\n            <img loading=\"lazy\" decoding=\"async\" width=\"150\" height=\"150\" src=\"https:\/\/brokla.com\/wp-content\/uploads\/2026\/01\/Clients-6.jpg\" class=\"img-fluid rounded-circle\" alt=\"Avis client\" srcset=\"https:\/\/brokla.com\/wp-content\/uploads\/2026\/01\/Clients-6.jpg 1024w, https:\/\/brokla.com\/wp-content\/uploads\/2026\/01\/Clients-6-780x780.jpg 780w\" sizes=\"(max-width: 150px) 100vw, 150px\" title=\"\">        <\/div><!-- testimonial-thumb -->\n                <div class=\"testimonial-info\">\n            <strong class=\"testimonial-name\">D. Goldstein<\/strong><br>\n                        <em class=\"testimonial-position\">Chef d'entreprise<\/em>\n                    <\/div><!-- testimonial-info -->\n    <\/div><!-- d-flex -->\n<\/div><!-- testimonial-item -->            <\/div><!-- testimonials-slider -->\n            <div class=\"testimonials-slider-buttons-wrap testimonials-slider-wrap-v3-arrows\"><\/div><!-- .custom-carousel-module-header-right -->\n        <\/div><!-- testimonials-module -->\n\n        \t\t\t\t<\/div>\n\t\t\t\t<\/div>\n\t\t\t\t\t<\/div>\n\t\t\t\t<\/div>\n\t\t\t\t<\/div>","protected":false},"excerpt":{"rendered":"<p>Costa Blanca Real Estate Terms and Conditions Last Updated: 2025 Year Welcome to Brokla. By accessing our website and using our services, you agree to comply with and be bound by the following Costa Blanca real estate terms and conditions. These terms govern the relationship between Brokla and our users in relation to this website [&hellip;]<\/p>\n","protected":false},"author":1,"featured_media":18355,"parent":0,"menu_order":0,"comment_status":"closed","ping_status":"closed","template":"","meta":{"googlesitekit_rrm_CAowzI3FDA:productID":"","footnotes":""},"class_list":["post-745","page","type-page","status-publish","has-post-thumbnail","hentry"],"_links":{"self":[{"href":"https:\/\/brokla.com\/fr\/wp-json\/wp\/v2\/pages\/745","targetHints":{"allow":["GET"]}}],"collection":[{"href":"https:\/\/brokla.com\/fr\/wp-json\/wp\/v2\/pages"}],"about":[{"href":"https:\/\/brokla.com\/fr\/wp-json\/wp\/v2\/types\/page"}],"author":[{"embeddable":true,"href":"https:\/\/brokla.com\/fr\/wp-json\/wp\/v2\/users\/1"}],"replies":[{"embeddable":true,"href":"https:\/\/brokla.com\/fr\/wp-json\/wp\/v2\/comments?post=745"}],"version-history":[{"count":0,"href":"https:\/\/brokla.com\/fr\/wp-json\/wp\/v2\/pages\/745\/revisions"}],"wp:featuredmedia":[{"embeddable":true,"href":"https:\/\/brokla.com\/fr\/wp-json\/wp\/v2\/media\/18355"}],"wp:attachment":[{"href":"https:\/\/brokla.com\/fr\/wp-json\/wp\/v2\/media?parent=745"}],"curies":[{"name":"wc","href":"https:\/\/api.w.org\/{rel}","templated":true}]}}