{"id":17712,"date":"2023-02-02T16:08:20","date_gmt":"2023-02-02T16:08:20","guid":{"rendered":"https:\/\/demo01.houzez.co\/?page_id=17712"},"modified":"2026-02-06T15:19:05","modified_gmt":"2026-02-06T14:19:05","slug":"ogloszenia-nieruchomosci-na-costa-blanca","status":"publish","type":"page","link":"https:\/\/brokla.com\/pl\/ogloszenia-nieruchomosci-na-costa-blanca\/","title":{"rendered":"Og\u0142oszenia nieruchomo\u015bci Costa Blanca"},"content":{"rendered":"<div data-elementor-type=\"wp-page\" data-elementor-id=\"17712\" class=\"elementor elementor-17712\">\n\t\t\t\t<div class=\"elementor-element elementor-element-dc6afca e-flex e-con-boxed e-con e-parent\" data-id=\"dc6afca\" data-element_type=\"container\" data-e-type=\"container\">\n\t\t\t\t\t<div class=\"e-con-inner\">\n\t\t\t\t<div class=\"elementor-element elementor-element-43c43c5 elementor-widget elementor-widget-text-editor\" data-id=\"43c43c5\" data-element_type=\"widget\" data-e-type=\"widget\" data-widget_type=\"text-editor.default\">\n\t\t\t\t\t\t\t\t\t<pre style=\"text-align: center;\"><strong>Og\u0142oszenia nieruchomo\u015bci Costa Blanca<\/strong><\/pre><p data-path-to-node=\"8\">Dost\u0119p do najbardziej wiarygodnych <a href=\"https:\/\/brokla.com\/pl\/listings\/\"><b>oferty nieruchomo\u015bci na Costa Blanca<\/b><\/a> to pierwszy krok do zabezpieczenia wymarzonego \u015br\u00f3dziemnomorskiego stylu \u017cycia. Rozci\u0105gaj\u0105ca si\u0119 na ponad 200 kilometrach osza\u0142amiaj\u0105cego wybrze\u017ca Alicante, ta okolica pozostaje jednym z najbardziej odpornych i po\u017c\u0105danych rynk\u00f3w nieruchomo\u015bci w Europie. Wed\u0142ug d\u0142ugoterminowych danych <a class=\"ng-star-inserted\" href=\"https:\/\/www.ine.es\/en\/\" target=\"_blank\" rel=\"noopener\" data-hveid=\"0\" data-ved=\"0CAAQ_4QMahgKEwiu8dP65MSRAxUAAAAAHQAAAAAQmAU\">Hiszpa\u0144skiego Narodowego Instytutu Statystycznego (INE)<\/a>, Wsp\u00f3lnota Walencka konsekwentnie przoduje w transakcjach mi\u0119dzynarodowych dzi\u0119ki unikalnemu mikroklimatowi i infrastrukturze \u015bwiatowej klasy.<\/p><h2 data-path-to-node=\"8\">Og\u0142oszenia nieruchomo\u015bci Costa Blanca \u2013 baza danych<\/h2><p data-path-to-node=\"9\">Nasza baza danych zosta\u0142a zaprojektowana, aby zapewni\u0107 p\u0142ynne wyszukiwanie dla tych, kt\u00f3rzy poszukuj\u0105 <a class=\"ng-star-inserted\" href=\"https:\/\/brokla.com\/pl\/rodzaj-nieruchomosci\/willa\/\" target=\"_blank\" rel=\"noopener\" data-hveid=\"0\" data-ved=\"0CAAQ_4QMahgKEwiu8dP65MSRAxUAAAAAHQAAAAAQmQU\">luksusowych willi na sprzeda\u017c<\/a> w g\u00f3rzystej p\u00f3\u0142nocy lub nowoczesnych apartament\u00f3w <a href=\"https:\/\/brokla.com\/pl\/rodzaj-nieruchomosci\/apartament\/\">nad sam\u0105 pla\u017c\u0105<\/a> na t\u0119tni\u0105cym \u017cyciem po\u0142udniu. Centralizuj\u0105c najbardziej aktywne <b>oferty nieruchomo\u015bci na Costa Blanca<\/b>, zapewniamy natychmiastowy dost\u0119p do zmian cen, nowych ofert na rynku oraz ekskluzywnych okazji deweloperskich.<\/p><p data-path-to-node=\"10\">Niezale\u017cnie od tego, czy szukasz sta\u0142ego miejsca zamieszkania, czy dochodowej inwestycji, nasz <a class=\"ng-star-inserted\" href=\"https:\/\/brokla.com\/pl\/najnowszy-przewodnik-po-zakupie-nieruchomosci-na-costa-blance\/\" target=\"_blank\" rel=\"noopener\" data-hveid=\"0\" data-ved=\"0CAAQ_4QMahgKEwiu8dP65MSRAxUAAAAAHQAAAAAQmwU\">przewodnik zakupu<\/a> dostarcza niezb\u0119dnych ram prawnych i finansowych, aby z pewno\u015bci\u0105 porusza\u0107 si\u0119 po hiszpa\u0144skim rynku. Przejrzyj nasz\u0105 pe\u0142n\u0105 ofert\u0119 poni\u017cej, aby znale\u017a\u0107 idealn\u0105 nieruchomo\u015b\u0107 w s\u0142o\u0144cu.<\/p>\t\t\t\t\t\t\t\t<\/div>\n\t\t\t\t\t<\/div>\n\t\t\t\t<\/div>\n\t\t\t\t<\/div>","protected":false},"excerpt":{"rendered":"<p>Costa Blanca Real Estate Listings Accessing the most reliable Costa Blanca real estate listings is the first step toward securing your dream Mediterranean lifestyle. Spanning over 200 kilometers of the stunning Alicante coastline, this region remains one of Europe\u2019s most resilient and sought-after property markets. According to long-term data from the Spanish National Institute of [&hellip;]<\/p>\n","protected":false},"author":1,"featured_media":16167,"parent":0,"menu_order":0,"comment_status":"closed","ping_status":"closed","template":"template\/template-listing-list-v2-fullwidth.php","meta":{"googlesitekit_rrm_CAowzI3FDA:productID":"","footnotes":""},"class_list":["post-17712","page","type-page","status-publish","has-post-thumbnail","hentry"],"_links":{"self":[{"href":"https:\/\/brokla.com\/pl\/wp-json\/wp\/v2\/pages\/17712","targetHints":{"allow":["GET"]}}],"collection":[{"href":"https:\/\/brokla.com\/pl\/wp-json\/wp\/v2\/pages"}],"about":[{"href":"https:\/\/brokla.com\/pl\/wp-json\/wp\/v2\/types\/page"}],"author":[{"embeddable":true,"href":"https:\/\/brokla.com\/pl\/wp-json\/wp\/v2\/users\/1"}],"replies":[{"embeddable":true,"href":"https:\/\/brokla.com\/pl\/wp-json\/wp\/v2\/comments?post=17712"}],"version-history":[{"count":0,"href":"https:\/\/brokla.com\/pl\/wp-json\/wp\/v2\/pages\/17712\/revisions"}],"wp:featuredmedia":[{"embeddable":true,"href":"https:\/\/brokla.com\/pl\/wp-json\/wp\/v2\/media\/16167"}],"wp:attachment":[{"href":"https:\/\/brokla.com\/pl\/wp-json\/wp\/v2\/media?parent=17712"}],"curies":[{"name":"wp","href":"https:\/\/api.w.org\/{rel}","templated":true}]}}