{"id":54,"date":"2020-02-18T11:54:46","date_gmt":"2020-02-18T11:54:46","guid":{"rendered":"https:\/\/demo01.houzez.co\/?page_id=54"},"modified":"2026-01-29T16:14:57","modified_gmt":"2026-01-29T15:14:57","slug":"mapa-nieruchomosci-costa-blanca","status":"publish","type":"page","link":"https:\/\/brokla.com\/pl\/mapa-nieruchomosci-costa-blanca\/","title":{"rendered":"Mapa Nieruchomo\u015bci Costa Blanca"},"content":{"rendered":"<div data-elementor-type=\"wp-page\" data-elementor-id=\"54\" class=\"elementor elementor-54\">\n\t\t\t\t<div class=\"elementor-element elementor-element-15806d19 e-flex e-con-boxed e-con e-parent\" data-id=\"15806d19\" data-element_type=\"container\" data-e-type=\"container\">\n\t\t\t\t\t<div class=\"e-con-inner\">\n\t\t\t\t<div class=\"elementor-element elementor-element-35c5a44f elementor-widget elementor-widget-text-editor\" data-id=\"35c5a44f\" data-element_type=\"widget\" data-e-type=\"widget\" data-widget_type=\"text-editor.default\">\n\t\t\t\t\t\t\t\t\t\n<div id=\"ez-toc-container\" class=\"ez-toc-v2_0_82_2 counter-hierarchy ez-toc-counter ez-toc-light-blue ez-toc-container-direction\">\n<div class=\"ez-toc-title-container\">\n<p class=\"ez-toc-title\" style=\"cursor:inherit\">Spis tre\u015bci<\/p>\n<span class=\"ez-toc-title-toggle\"><a href=\"#\" class=\"ez-toc-pull-right ez-toc-btn ez-toc-btn-xs ez-toc-btn-default ez-toc-toggle\" aria-label=\"Prze\u0142\u0105cznik Spisu Tre\u015bci\"><span class=\"ez-toc-js-icon-con\"><span class=\"\"><span class=\"eztoc-hide\" style=\"display:none;\">Prze\u0142\u0105cz<\/span><span class=\"ez-toc-icon-toggle-span\"><svg style=\"fill: #999;color:#999\" xmlns=\"http:\/\/www.w3.org\/2000\/svg\" class=\"list-377408\" width=\"20px\" height=\"20px\" viewbox=\"0 0 24 24\" fill=\"none\"><path d=\"M6 6H4v2h2V6zm14 0H8v2h12V6zM4 11h2v2H4v-2zm16 0H8v2h12v-2zM4 16h2v2H4v-2zm16 0H8v2h12v-2z\" fill=\"currentColor\"><\/path><\/svg><svg style=\"fill: #999;color:#999\" class=\"arrow-unsorted-368013\" xmlns=\"http:\/\/www.w3.org\/2000\/svg\" width=\"10px\" height=\"10px\" viewbox=\"0 0 24 24\" version=\"1.2\" baseprofile=\"tiny\"><path d=\"M18.2 9.3l-6.2-6.3-6.2 6.3c-.2.2-.3.4-.3.7s.1.5.3.7c.2.2.4.3.7.3h11c.3 0 .5-.1.7-.3.2-.2.3-.5.3-.7s-.1-.5-.3-.7zM5.8 14.7l6.2 6.3 6.2-6.3c.2-.2.3-.5.3-.7s-.1-.5-.3-.7c-.2-.2-.4-.3-.7-.3h-11c-.3 0-.5.1-.7.3-.2.2-.3.5-.3.7s.1.5.3.7z\"\/><\/svg><\/span><\/span><\/span><\/a><\/span><\/div>\n<nav><ul class='ez-toc-list ez-toc-list-level-1' ><li class='ez-toc-page-1 ez-toc-heading-level-1'><a class=\"ez-toc-link ez-toc-heading-1\" href=\"https:\/\/brokla.com\/pl\/mapa-nieruchomosci-costa-blanca\/#Costa_Blanca_Property_Map\" >Mapa Nieruchomo\u015bci Costa Blanca<\/a><ul class='ez-toc-list-level-2' ><li class='ez-toc-heading-level-2'><a class=\"ez-toc-link ez-toc-heading-2\" href=\"https:\/\/brokla.com\/pl\/mapa-nieruchomosci-costa-blanca\/#Interactive_Costa_Blanca_Property_Map\" >Interaktywna Mapa Nieruchomo\u015bci Costa Blanca<\/a><ul class='ez-toc-list-level-3' ><li class='ez-toc-heading-level-3'><a class=\"ez-toc-link ez-toc-heading-3\" href=\"https:\/\/brokla.com\/pl\/mapa-nieruchomosci-costa-blanca\/#Our_Costa_Blanca_property_map\" >Nasza mapa nieruchomo\u015bci Costa Blanca<\/a><\/li><\/ul><\/li><\/ul><\/li><\/ul><\/nav><\/div>\n<h1 class=\"wp-block-heading\" style=\"text-align: center;\"><span class=\"ez-toc-section\" id=\"Costa_Blanca_Property_Map\"><\/span>Mapa Nieruchomo\u015bci Costa Blanca<span class=\"ez-toc-section-end\"><\/span><\/h1>\n<h2 class=\"wp-block-heading\" style=\"font-size: 38px; line-height: 1.4; text-align: center;\"><span class=\"ez-toc-section\" id=\"Interactive_Costa_Blanca_Property_Map\"><\/span>Interaktywna Mapa Nieruchomo\u015bci Costa Blanca<span class=\"ez-toc-section-end\"><\/span><\/h2>\n\n<p data-path-to-node=\"9\">Znalezienie wymarzonego domu w Hiszpanii jest teraz \u0142atwiejsze dzi\u0119ki naszej szczeg\u00f3\u0142owej <b>mapa nieruchomo\u015bci Costa Blanca<\/b>. To interaktywne narz\u0119dzie pozwala dok\u0142adnie zobaczy\u0107, gdzie znajduje si\u0119 Twoja kolejna inwestycja, czy to willa z pierwszej linii brzegowej <a href=\"https:\/\/brokla.com\/pl\/rodzaj-nieruchomosci\/willa\/\">willa<\/a> w <a href=\"https:\/\/brokla.com\/pl\/miasto\/javea\/\">Javea<\/a> czy nowoczesne <a href=\"https:\/\/brokla.com\/pl\/rodzaj-nieruchomosci\/apartament\/\">apartament<\/a> w <a href=\"https:\/\/brokla.com\/pl\/miasto\/alicante\/\">Alicante<\/a>. Lokalizacja jest kluczowym czynnikiem warto\u015bci nieruchomo\u015bci; wed\u0142ug <a class=\"ng-star-inserted\" href=\"https:\/\/www.registradores.org\/\" target=\"_blank\" rel=\"noopener\" data-hveid=\"0\" data-ved=\"0CAAQ_4QMahgKEwiu8dP65MSRAxUAAAAAHQAAAAAQuwU\">Kolegium Rejestrator\u00f3w w Hiszpanii<\/a>, blisko\u015b\u0107 wybrze\u017ca i lokalnej infrastruktury pozostaje g\u0142\u00f3wnym motorem d\u0142ugoterminowego wzrostu warto\u015bci nieruchomo\u015bci we Wsp\u00f3lnocie Walenckiej.<\/p>\n<h3 data-path-to-node=\"10\"><span class=\"ez-toc-section\" id=\"Our_Costa_Blanca_property_map\"><\/span><strong>Nasza<\/strong> <b>mapa nieruchomo\u015bci Costa Blanca<\/b><span class=\"ez-toc-section-end\"><\/span><\/h3>\n<p data-path-to-node=\"10\">jest aktualizowana na bie\u017c\u0105co, zapewniaj\u0105c dost\u0119p do najnowszych ofert w regionach p\u00f3\u0142nocnych i po\u0142udniowych. Korzystaj\u0105c z widoku mapy, mo\u017cna \u0142atwo zlokalizowa\u0107 nieruchomo\u015bci w pobli\u017cu renomowanych szk\u00f3\u0142 mi\u0119dzynarodowych, p\u00f3l golfowych i s\u0142ynnych pla\u017c z B\u0142\u0119kitn\u0105 Flag\u0105.<\/p>\n<p data-path-to-node=\"11\">Niezale\u017cnie od tego, czy szukasz inwestycji na wynajem o wysokiej stopie zwrotu, czy spokojnego miejsca na emerytur\u0119, nasz <a class=\"ng-star-inserted\" href=\"https:\/\/brokla.com\/pl\/najnowszy-przewodnik-po-zakupie-nieruchomosci-na-costa-blance\/\" target=\"_blank\" rel=\"noopener\" data-hveid=\"0\" data-ved=\"0CAAQ_4QMahgKEwiu8dP65MSRAxUAAAAAHQAAAAAQvAU\">przewodnik zakupu<\/a> dostarczy wszystkich lokalnych informacji potrzebnych do podj\u0119cia \u015bwiadomej decyzji. Rozpocznij wizualne poszukiwania ju\u017c dzi\u015b i odkryj, dlaczego Costa Blanca pozostaje czo\u0142owym europejskim celem dla \u017cycia \u015br\u00f3dziemnomorskiego.<\/p>\n\n<p>\u00a0<\/p>\n\n<p>\u00a0<\/p>\n\n<p>\u00a0<\/p>\n\n<p>\u00a0<\/p>\n\n<p>\u00a0<\/p>\n\n<p>\u00a0<\/p>\n\n<p>\u00a0<\/p>\n\n<p>\u00a0<\/p>\n\n<p>\u00a0<\/p>\n\t\t\t\t\t\t\t\t<\/div>\n\t\t\t\t\t<\/div>\n\t\t\t\t<\/div>\n\t\t\t\t<\/div>","protected":false},"excerpt":{"rendered":"<p>Costa Blanca Property Map Interactive Costa Blanca Property Map Finding your ideal home in Spain is now easier with our comprehensive Costa Blanca property map. This interactive tool allows you to visualize exactly where your next investment sits, whether it\u2019s a frontline villa in Javea or a modern apartment in Alicante. Location is the most [&hellip;]<\/p>\n","protected":false},"author":1,"featured_media":18068,"parent":0,"menu_order":0,"comment_status":"closed","ping_status":"closed","template":"template\/property-listings-map.php","meta":{"googlesitekit_rrm_CAowzI3FDA:productID":"","footnotes":""},"class_list":["post-54","page","type-page","status-publish","has-post-thumbnail","hentry"],"_links":{"self":[{"href":"https:\/\/brokla.com\/pl\/wp-json\/wp\/v2\/pages\/54","targetHints":{"allow":["GET"]}}],"collection":[{"href":"https:\/\/brokla.com\/pl\/wp-json\/wp\/v2\/pages"}],"about":[{"href":"https:\/\/brokla.com\/pl\/wp-json\/wp\/v2\/types\/page"}],"author":[{"embeddable":true,"href":"https:\/\/brokla.com\/pl\/wp-json\/wp\/v2\/users\/1"}],"replies":[{"embeddable":true,"href":"https:\/\/brokla.com\/pl\/wp-json\/wp\/v2\/comments?post=54"}],"version-history":[{"count":0,"href":"https:\/\/brokla.com\/pl\/wp-json\/wp\/v2\/pages\/54\/revisions"}],"wp:featuredmedia":[{"embeddable":true,"href":"https:\/\/brokla.com\/pl\/wp-json\/wp\/v2\/media\/18068"}],"wp:attachment":[{"href":"https:\/\/brokla.com\/pl\/wp-json\/wp\/v2\/media?parent=54"}],"curies":[{"name":"wp","href":"https:\/\/api.w.org\/{rel}","templated":true}]}}