{"id":745,"date":"2016-03-10T18:51:46","date_gmt":"2016-03-10T18:51:46","guid":{"rendered":"https:\/\/default.houzez.co\/?page_id=745"},"modified":"2026-01-29T16:38:27","modified_gmt":"2026-01-29T15:38:27","slug":"warunki-i-zasady-dotyczace-nieruchomosci-na-costa-blanca","status":"publish","type":"page","link":"https:\/\/brokla.com\/pl\/warunki-i-zasady-dotyczace-nieruchomosci-na-costa-blanca\/","title":{"rendered":"Regulamin Costa Blanca Real Estate"},"content":{"rendered":"<div data-elementor-type=\"wp-page\" data-elementor-id=\"745\" class=\"elementor elementor-745\">\n\t\t\t\t<div class=\"elementor-element elementor-element-1dfd055b e-flex e-con-boxed e-con e-parent\" data-id=\"1dfd055b\" data-element_type=\"container\" data-e-type=\"container\">\n\t\t\t\t\t<div class=\"e-con-inner\">\n\t\t\t\t<div class=\"elementor-element elementor-element-276cc055 elementor-widget elementor-widget-text-editor\" data-id=\"276cc055\" data-element_type=\"widget\" data-e-type=\"widget\" data-widget_type=\"text-editor.default\">\n\t\t\t\t\t\t\t\t\t<p style=\"text-align: center;\" data-path-to-node=\"7\"><em><strong>Regulamin Costa Blanca Real Estate<\/strong><\/em><\/p><p data-path-to-node=\"8\"><b>Ostatnia aktualizacja: rok 2025<\/b><\/p><p data-path-to-node=\"9\">Witamy w Brokla. Korzystaj\u0105c z naszej strony internetowej i us\u0142ug, zgadzasz si\u0119 przestrzega\u0107 poni\u017cszych warunk\u00f3w oraz by\u0107 przez nie zwi\u0105zany. <b>Warunki korzystania z us\u0142ug nieruchomo\u015bci na Costa Blanca<\/b>. Niniejsze warunki reguluj\u0105 relacje mi\u0119dzy Brokla a naszymi u\u017cytkownikami w odniesieniu do tej strony internetowej oraz us\u0142ug nieruchomo\u015bci \u015bwiadczonych na terenie prowincji Alicante.<\/p><h2 data-path-to-node=\"10\"><b>1. Akceptacja Warunk\u00f3w<\/b><\/h2><p data-path-to-node=\"11\">Korzystanie z tej witryny oznacza pe\u0142n\u0105 akceptacj\u0119 poni\u017cszych warunk\u00f3w. <b>Warunki korzystania z us\u0142ug nieruchomo\u015bci na Costa Blanca<\/b>. Je\u015bli nie zgadzasz si\u0119 z jak\u0105kolwiek cz\u0119\u015bci\u0105 tych warunk\u00f3w, nie powiniene\u015b korzysta\u0107 z naszej strony. Dzia\u0142amy zgodnie z prawem hiszpa\u0144skim, w szczeg\u00f3lno\u015bci przestrzegaj\u0105c <a class=\"ng-star-inserted\" href=\"https:\/\/www.boe.es\/buscar\/act.php?id=BOE-A-2002-13758\" target=\"_blank\" rel=\"noopener\" data-hveid=\"0\" data-ved=\"0CAAQ_4QMahgKEwiu8dP65MSRAxUAAAAAHQAAAAAQ1Ac\">Ustawy o us\u0142ugach spo\u0142ecze\u0144stwa informacyjnego i handlu elektronicznym (LSSI-CE).<\/a>.<\/p><h2 data-path-to-node=\"12\"><b>2. Rzetelno\u015b\u0107 Ofert Nieruchomo\u015bci<\/b><\/h2><p data-path-to-node=\"13\">Brokla dok\u0142ada wszelkich stara\u0144, aby wszystkie <b><a class=\"ng-star-inserted\" href=\"https:\/\/brokla.com\/pl\/ogloszenia-nieruchomosci-na-costa-blanca\/\" target=\"_blank\" rel=\"noopener\" data-hveid=\"0\" data-ved=\"0CAAQ_4QMahgKEwiu8dP65MSRAxUAAAAAHQAAAAAQ1Qc\">oferty nieruchomo\u015bci na Costa Blanca<\/a><\/b> by\u0142y dok\u0142adne i aktualne. Jednak informacje podane \u2013 w tym ceny, wymiary i dost\u0119pno\u015b\u0107 \u2013 maj\u0105 wy\u0142\u0105cznie charakter informacyjny.<\/p><ul data-path-to-node=\"14\"><li><p data-path-to-node=\"14,0,0\"><b>Brak warto\u015bci umownej:<\/b> Szczeg\u00f3\u0142y nieruchomo\u015bci na tej stronie nie stanowi\u0105 formalnej oferty ani umowy.<\/p><\/li><li><p data-path-to-node=\"14,1,0\"><b>Dane os\u00f3b trzecich:<\/b> Cz\u0119\u015b\u0107 informacji jest dostarczana przez deweloper\u00f3w lub prywatnych sprzedawc\u00f3w. Chocia\u017c weryfikujemy dane, nie mo\u017cemy zagwarantowa\u0107 ich ca\u0142kowitej bezb\u0142\u0119dno\u015bci.<\/p><\/li><li><p data-path-to-node=\"14,2,0\"><b>Zmiany cen:<\/b> Ceny podlegaj\u0105 wahaniom rynkowym i s\u0105 ustalane wed\u0142ug uznania sprzedaj\u0105cego.<\/p><\/li><\/ul><h2 data-path-to-node=\"15\"><b>3. Prawa W\u0142asno\u015bci Intelektualnej<\/b><\/h2><p data-path-to-node=\"16\">Ca\u0142a zawarto\u015b\u0107 tej strony, taka jak tekst, grafika, logo, obrazy oraz nasza <b><a class=\"ng-star-inserted\" href=\"https:\/\/brokla.com\/pl\/mapa-nieruchomosci-costa-blanca\/\" target=\"_blank\" rel=\"noopener\" data-hveid=\"0\" data-ved=\"0CAAQ_4QMahgKEwiu8dP65MSRAxUAAAAAHQAAAAAQ1gc\">mapa nieruchomo\u015bci Costa Blanca<\/a><\/b>, jest w\u0142asno\u015bci\u0105 Brokla lub jej dostawc\u00f3w tre\u015bci i jest chroniona hiszpa\u0144skim i mi\u0119dzynarodowym prawem autorskim. Nieautoryzowane u\u017cycie, reprodukcja lub rozpowszechnianie jakichkolwiek materia\u0142\u00f3w z tej strony jest surowo zabronione.<\/p><h2 data-path-to-node=\"17\"><b>4. Zachowanie i Obowi\u0105zki U\u017cytkownika<\/b><\/h2><p data-path-to-node=\"18\">Korzystaj\u0105c z naszych us\u0142ug, zgadzasz si\u0119 na:<\/p><ol start=\"1\" data-path-to-node=\"19\"><li><p data-path-to-node=\"19,0,0\">Podawanie prawdziwych informacji podczas korzystania z naszych <b><a class=\"ng-star-inserted\" href=\"https:\/\/brokla.com\/pl\/skontaktuj-sie-z-costa-blanca-real-estate\/\" target=\"_blank\" rel=\"noopener\" data-hveid=\"0\" data-ved=\"0CAAQ_4QMahgKEwiu8dP65MSRAxUAAAAAHQAAAAAQ1wc\">formularzy kontaktowych<\/a><\/b>.<\/p><\/li><li><p data-path-to-node=\"19,1,0\">Niekorzystanie ze strony w spos\u00f3b, kt\u00f3ry powoduje lub mo\u017ce powodowa\u0107 uszkodzenie witryny lub utrudnienie dost\u0119pno\u015bci us\u0142ugi.<\/p><\/li><li><p data-path-to-node=\"19,2,0\">Niekorzystanie z naszej strony w celu kopiowania, przechowywania, hostowania, przesy\u0142ania, wysy\u0142ania, u\u017cywania, publikowania lub rozpowszechniania jakichkolwiek materia\u0142\u00f3w zawieraj\u0105cych (lub powi\u0105zanych z) oprogramowaniem szpieguj\u0105cym, wirusami komputerowymi lub innym z\u0142o\u015bliwym oprogramowaniem.<\/p><\/li><\/ol><h2 data-path-to-node=\"20\"><b>5. Ograniczenie Odpowiedzialno\u015bci<\/b><\/h2><p data-path-to-node=\"21\">Brokla nie ponosi odpowiedzialno\u015bci za jakiekolwiek bezpo\u015brednie, po\u015brednie lub wynikowe straty lub szkody powsta\u0142e na podstawie tych <b>Warunki korzystania z us\u0142ug nieruchomo\u015bci na Costa Blanca<\/b> warunk\u00f3w lub w zwi\u0105zku z nasz\u0105 stron\u0105 internetow\u0105. Nie gwarantujemy, \u017ce strona b\u0119dzie stale dost\u0119pna lub \u017ce informacje na niej s\u0105 kompletne, prawdziwe lub nie wprowadzaj\u0105ce w b\u0142\u0105d. W sprawach oficjalnych porad prawnych i finansowych zalecamy konsultacj\u0119 z niezale\u017cnym prawnikiem, jak wspomniano w naszych <b><a class=\"ng-star-inserted\" href=\"https:\/\/brokla.com\/pl\/aktualnosci-z-rynku-nieruchomosci-costa-blanca\/\" target=\"_blank\" rel=\"noopener\" data-hveid=\"0\" data-ved=\"0CAAQ_4QMahgKEwiu8dP65MSRAxUAAAAAHQAAAAAQ2Ac\">aktualno\u015bciach i wpisach na blogu<\/a><\/b>.<\/p><h2 data-path-to-node=\"22\"><b>6. Linki do Zasob\u00f3w Stron Trzecich<\/b><\/h2><p data-path-to-node=\"23\">Dla Twojej wygody mo\u017cemy udost\u0119pnia\u0107 linki do zewn\u0119trznych stron internetowych, takich jak <a class=\"ng-star-inserted\" href=\"https:\/\/www.registradores.org\/\" target=\"_blank\" rel=\"noopener\" data-hveid=\"0\" data-ved=\"0CAAQ_4QMahgKEwiu8dP65MSRAxUAAAAAHQAAAAAQ2Qc\">Hiszpa\u0144ski Rejestr Grunt\u00f3w (Registradores)<\/a>. Brokla nie ma kontroli nad tre\u015bci\u0105 tych stron i nie ponosi odpowiedzialno\u015bci za nie ani za jakiekolwiek straty lub szkody wynikaj\u0105ce z ich u\u017cywania.<\/p><h2 data-path-to-node=\"24\"><b>7. Prawo w\u0142a\u015bciwe i jurysdykcja<\/b><\/h2><p data-path-to-node=\"25\">Niniejsze <b>Warunki korzystania z us\u0142ug nieruchomo\u015bci na Costa Blanca<\/b> podlegaj\u0105 prawu hiszpa\u0144skiemu i s\u0105 w jego \u015bwietle interpretowane. Wszelkie spory zwi\u0105zane z niniejszymi warunkami podlegaj\u0105 wy\u0142\u0105cznej jurysdykcji s\u0105d\u00f3w w Alicante, Hiszpania.<\/p><h2 data-path-to-node=\"26\"><b>8. Modyfikacje Us\u0142ugi<\/b><\/h2><p data-path-to-node=\"27\">Brokla zastrzega sobie prawo do edycji lub usuni\u0119cia jakichkolwiek materia\u0142\u00f3w przes\u0142anych na t\u0119 stron\u0119, przechowywanych na naszych serwerach lub hostowanych lub publikowanych na tej stronie w dowolnym momencie, bez uprzedzenia.<\/p><p style=\"text-align: center;\" data-path-to-node=\"27\"><strong>warunkami i regulaminem nieruchomo\u015bci na Costa Blanca @ <a href=\"https:\/\/brokla.com\/pl\/\">Brokla Realty<\/a><\/strong><\/p>\t\t\t\t\t\t\t\t<\/div>\n\t\t\t\t\t<\/div>\n\t\t\t\t<\/div>\n\t\t<div class=\"elementor-element elementor-element-18026e4 e-flex e-con-boxed e-con e-parent\" data-id=\"18026e4\" data-element_type=\"container\" data-e-type=\"container\">\n\t\t\t\t\t<div class=\"e-con-inner\">\n\t\t\t\t<div class=\"elementor-element elementor-element-e2ea7f9 elementor-widget elementor-widget-houzez_elementor_testimonials_v3\" data-id=\"e2ea7f9\" data-element_type=\"widget\" data-e-type=\"widget\" data-widget_type=\"houzez_elementor_testimonials_v3.default\">\n\t\t\t\t<div class=\"elementor-widget-container\">\n\t\t\t\t\t\n        <div class=\"testimonials-module testimonials-module-slider-v3 testimonials-module-v3\">\n            <div class=\"testimonials-slider-wrap-v3\">\n                <div class=\"testimonial-item testimonial-item-v3\">\n    <div class=\"testimonial-body\">\n        Brokla Realty przeprowadzi\u0142a mnie przez ka\u017cdy etap procesu zakupu. Doskona\u0142a komunikacja i naprawd\u0119 rzetelna obs\u0142uga. Polecam z ca\u0142ego serca!    <\/div><!-- testimonial-body -->\n    <div class=\"d-flex align-items-center\">\n                <div class=\"testimonial-thumb\">\n            <img decoding=\"async\" width=\"150\" height=\"150\" src=\"https:\/\/brokla.com\/wp-content\/uploads\/2026\/01\/Clients-1.jpg\" class=\"img-fluid rounded-circle\" alt=\"opinia klienta\" srcset=\"https:\/\/brokla.com\/wp-content\/uploads\/2026\/01\/Clients-1.jpg 1024w, https:\/\/brokla.com\/wp-content\/uploads\/2026\/01\/Clients-1-780x780.jpg 780w\" sizes=\"(max-width: 150px) 100vw, 150px\" title=\"\">        <\/div><!-- testimonial-thumb -->\n                <div class=\"testimonial-info\">\n            <strong class=\"testimonial-name\">Marek<\/strong><br>\n                        <em class=\"testimonial-position\">Prawnik<\/em>\n                    <\/div><!-- testimonial-info -->\n    <\/div><!-- d-flex -->\n<\/div><!-- testimonial-item --><div class=\"testimonial-item testimonial-item-v3\">\n    <div class=\"testimonial-body\">\n        Wsp\u00f3\u0142praca z Brokla Realty to by\u0142o \u015bwietne do\u015bwiadczenie. Dok\u0142adnie zrozumieli, czego szukam, i szybko pomogli mi znale\u017a\u0107 odpowiedni\u0105 nieruchomo\u015b\u0107    <\/div><!-- testimonial-body -->\n    <div class=\"d-flex align-items-center\">\n                <div class=\"testimonial-thumb\">\n            <img decoding=\"async\" width=\"150\" height=\"150\" src=\"https:\/\/brokla.com\/wp-content\/uploads\/2026\/01\/Clients-4.jpg\" class=\"img-fluid rounded-circle\" alt=\"Opinia klienta\" srcset=\"https:\/\/brokla.com\/wp-content\/uploads\/2026\/01\/Clients-4.jpg 1024w, https:\/\/brokla.com\/wp-content\/uploads\/2026\/01\/Clients-4-780x780.jpg 780w\" sizes=\"(max-width: 150px) 100vw, 150px\" title=\"\">        <\/div><!-- testimonial-thumb -->\n                <div class=\"testimonial-info\">\n            <strong class=\"testimonial-name\">Kim<\/strong><br>\n                        <em class=\"testimonial-job\">Pracownik W\u0142asnej Firmy<\/em>\n                    <\/div><!-- testimonial-info -->\n    <\/div><!-- d-flex -->\n<\/div><!-- testimonial-item --><div class=\"testimonial-item testimonial-item-v3\">\n    <div class=\"testimonial-body\">\n        Brokla Realty sprawi\u0142a, \u017ce ca\u0142y proces by\u0142 prosty i bezstresowy. Ich profesjonalizm i dba\u0142o\u015b\u0107 o szczeg\u00f3\u0142y naprawd\u0119 przeros\u0142y moje oczekiwania    <\/div><!-- testimonial-body -->\n    <div class=\"d-flex align-items-center\">\n                <div class=\"testimonial-thumb\">\n            <img decoding=\"async\" width=\"150\" height=\"150\" src=\"https:\/\/brokla.com\/wp-content\/uploads\/2026\/01\/Clients-5.jpg\" class=\"img-fluid rounded-circle\" alt=\"opinia klienta\" srcset=\"https:\/\/brokla.com\/wp-content\/uploads\/2026\/01\/Clients-5.jpg 1024w, https:\/\/brokla.com\/wp-content\/uploads\/2026\/01\/Clients-5-780x780.jpg 780w\" sizes=\"(max-width: 150px) 100vw, 150px\" title=\"\">        <\/div><!-- testimonial-thumb -->\n                <div class=\"testimonial-info\">\n            <strong class=\"testimonial-name\">Diana<\/strong><br>\n                        <em class=\"testimonial-job\">Firma REM<\/em>\n                    <\/div><!-- testimonial-info -->\n    <\/div><!-- d-flex -->\n<\/div><!-- testimonial-item --><div class=\"testimonial-item testimonial-item-v3\">\n    <div class=\"testimonial-body\">\n        Drodzy specjali\u015bci rynku nieruchomo\u015bci i wszyscy zainteresowani! Mn\u00f3stwo ofert na Costa Blance, szczeg\u00f3lnie w Benidorm.    <\/div><!-- testimonial-body -->\n    <div class=\"d-flex align-items-center\">\n                <div class=\"testimonial-thumb\">\n            <img loading=\"lazy\" decoding=\"async\" width=\"150\" height=\"150\" src=\"https:\/\/brokla.com\/wp-content\/uploads\/2026\/01\/Clients-3.jpg\" class=\"img-fluid rounded-circle\" alt=\"opinia klienta\" srcset=\"https:\/\/brokla.com\/wp-content\/uploads\/2026\/01\/Clients-3.jpg 1024w, https:\/\/brokla.com\/wp-content\/uploads\/2026\/01\/Clients-3-780x780.jpg 780w\" sizes=\"(max-width: 150px) 100vw, 150px\" title=\"\">        <\/div><!-- testimonial-thumb -->\n                <div class=\"testimonial-info\">\n            <strong class=\"testimonial-name\">Nicco<\/strong><br>\n                        <em class=\"testimonial-position\">Kierownik<\/em>\n                    <\/div><!-- testimonial-info -->\n    <\/div><!-- d-flex -->\n<\/div><!-- testimonial-item --><div class=\"testimonial-item testimonial-item-v3\">\n    <div class=\"testimonial-body\">\n        Dobra obs\u0142uga, proces zakupu by\u0142 \u0142atwy. My\u015bla\u0142em, \u017ce b\u0119dzie bardziej skomplikowany. Dzi\u0119ki tym ludziom mam teraz taki widok! https:\/\/maps.app.goo.gl\/V9jp9EvFYDDVGDiS9    <\/div><!-- testimonial-body -->\n    <div class=\"d-flex align-items-center\">\n                <div class=\"testimonial-thumb\">\n            <img loading=\"lazy\" decoding=\"async\" width=\"150\" height=\"150\" src=\"https:\/\/brokla.com\/wp-content\/uploads\/2026\/01\/Clients-6.jpg\" class=\"img-fluid rounded-circle\" alt=\"Opinia klienta\" srcset=\"https:\/\/brokla.com\/wp-content\/uploads\/2026\/01\/Clients-6.jpg 1024w, https:\/\/brokla.com\/wp-content\/uploads\/2026\/01\/Clients-6-780x780.jpg 780w\" sizes=\"(max-width: 150px) 100vw, 150px\" title=\"\">        <\/div><!-- testimonial-thumb -->\n                <div class=\"testimonial-info\">\n            <strong class=\"testimonial-name\">D. Goldstein<\/strong><br>\n                        <em class=\"testimonial-position\">W\u0142a\u015bciciel Firmy<\/em>\n                    <\/div><!-- testimonial-info -->\n    <\/div><!-- d-flex -->\n<\/div><!-- testimonial-item -->            <\/div><!-- testimonials-slider -->\n            <div class=\"testimonials-slider-buttons-wrap testimonials-slider-wrap-v3-arrows\"><\/div><!-- .custom-carousel-module-header-right -->\n        <\/div><!-- testimonials-module -->\n\n        \t\t\t\t<\/div>\n\t\t\t\t<\/div>\n\t\t\t\t\t<\/div>\n\t\t\t\t<\/div>\n\t\t\t\t<\/div>","protected":false},"excerpt":{"rendered":"<p>Costa Blanca Real Estate Terms and Conditions Last Updated: 2025 Year Welcome to Brokla. By accessing our website and using our services, you agree to comply with and be bound by the following Costa Blanca real estate terms and conditions. These terms govern the relationship between Brokla and our users in relation to this website [&hellip;]<\/p>\n","protected":false},"author":1,"featured_media":18355,"parent":0,"menu_order":0,"comment_status":"closed","ping_status":"closed","template":"","meta":{"googlesitekit_rrm_CAowzI3FDA:productID":"","footnotes":""},"class_list":["post-745","page","type-page","status-publish","has-post-thumbnail","hentry"],"_links":{"self":[{"href":"https:\/\/brokla.com\/pl\/wp-json\/wp\/v2\/pages\/745","targetHints":{"allow":["GET"]}}],"collection":[{"href":"https:\/\/brokla.com\/pl\/wp-json\/wp\/v2\/pages"}],"about":[{"href":"https:\/\/brokla.com\/pl\/wp-json\/wp\/v2\/types\/page"}],"author":[{"embeddable":true,"href":"https:\/\/brokla.com\/pl\/wp-json\/wp\/v2\/users\/1"}],"replies":[{"embeddable":true,"href":"https:\/\/brokla.com\/pl\/wp-json\/wp\/v2\/comments?post=745"}],"version-history":[{"count":0,"href":"https:\/\/brokla.com\/pl\/wp-json\/wp\/v2\/pages\/745\/revisions"}],"wp:featuredmedia":[{"embeddable":true,"href":"https:\/\/brokla.com\/pl\/wp-json\/wp\/v2\/media\/18355"}],"wp:attachment":[{"href":"https:\/\/brokla.com\/pl\/wp-json\/wp\/v2\/media?parent=745"}],"curies":[{"name":"wp","href":"https:\/\/api.w.org\/{rel}","templated":true}]}}