{"id":748,"date":"2016-03-10T18:52:12","date_gmt":"2016-03-10T18:52:12","guid":{"rendered":"https:\/\/default.houzez.co\/?page_id=748"},"modified":"2026-01-29T16:37:59","modified_gmt":"2026-01-29T15:37:59","slug":"polityka-prywatnosci-nieruchomosci-costa-blanca","status":"publish","type":"page","link":"https:\/\/brokla.com\/pl\/polityka-prywatnosci-nieruchomosci-costa-blanca\/","title":{"rendered":"Polityka Prywatno\u015bci Costa Blanca Real Estate"},"content":{"rendered":"<div data-elementor-type=\"wp-page\" data-elementor-id=\"748\" class=\"elementor elementor-748\">\n\t\t\t\t<div class=\"elementor-element elementor-element-7ac536b4 e-flex e-con-boxed e-con e-parent\" data-id=\"7ac536b4\" data-element_type=\"container\" data-e-type=\"container\">\n\t\t\t\t\t<div class=\"e-con-inner\">\n\t\t\t\t<div class=\"elementor-element elementor-element-299c3244 elementor-widget elementor-widget-text-editor\" data-id=\"299c3244\" data-element_type=\"widget\" data-e-type=\"widget\" data-widget_type=\"text-editor.default\">\n\t\t\t\t\t\t\t\t\t<p data-path-to-node=\"7\"><em><strong>Polityka Prywatno\u015bci Costa Blanca Real Estate<\/strong><\/em><\/p><p data-path-to-node=\"8\"><b>Ostatnia aktualizacja: rok 2025<\/b><\/p><p data-path-to-node=\"9\">W Brokla powa\u017cnie podchodzimy do ochrony Twoich danych osobowych. Niniejsza <b>polityka prywatno\u015bci nieruchomo\u015bci na Costa Blanca<\/b> wyja\u015bnia, w jaki spos\u00f3b zbieramy, wykorzystujemy i zabezpieczamy Twoje dane podczas odwiedzania naszej strony internetowej, zapyta\u0144 o oferty lub korzystania z naszych us\u0142ug. Dzia\u0142amy w pe\u0142nej zgodno\u015bci z <b>Og\u00f3lnym Rozporz\u0105dzeniem o Ochronie Danych (RODO)<\/b> oraz hiszpa\u0144sk\u0105 <b>Ustaw\u0105 organiczn\u0105 3\/2018 (LOPD-GDD)<\/b>.<\/p><h2 data-path-to-node=\"10\"><b>1. Administrator Danych i Nadz\u00f3r<\/b><\/h2><p data-path-to-node=\"11\">Podmiotem odpowiedzialnym za Twoje dane (\u201cAdministratorem Danych\u201d) jest Brokla, wiod\u0105ca agencja specjalizuj\u0105ca si\u0119 w hiszpa\u0144skim rynku nieruchomo\u015bci. Je\u015bli masz jakiekolwiek pytania dotycz\u0105ce naszej <b>polityka prywatno\u015bci nieruchomo\u015bci na Costa Blanca<\/b>, prosimy o <a class=\"ng-star-inserted\" href=\"https:\/\/www.google.com\/search?q=https:\/\/brokla.com\/contact-us\" target=\"_blank\" rel=\"noopener\" data-hveid=\"0\" data-ved=\"0CAAQ_4QMahgKEwiu8dP65MSRAxUAAAAAHQAAAAAQmAc\">bezpo\u015bredni kontakt z naszym zespo\u0142em<\/a> .<\/p><ul data-path-to-node=\"12\"><li><p data-path-to-node=\"12,0,0\"><b>Nazwa Firmy:<\/b> Brokla Realty<\/p><\/li><li><p data-path-to-node=\"12,2,0\"><b>Oficjalny Adres E-mail:<\/b> info@brokla.com<\/p><\/li><li><p data-path-to-node=\"12,3,0\"><b>Adres:<\/b> Avinguda Masnou, 3, 03710 Calp (Alicante), Hiszpania<\/p><\/li><\/ul><h2 data-path-to-node=\"13\"><b>2. Dlaczego Zbieramy Twoje Informacje<\/b><\/h2><p data-path-to-node=\"14\">Zbieramy dane osobowe, aby zapewni\u0107 spersonalizowane do\u015bwiadczenie wyszukiwania nieruchomo\u015bci. Jako wyspecjalizowana <b>biurem nieruchomo\u015bci na Costa Blanca<\/b>, agencja, musimy gromadzi\u0107 okre\u015blone informacje, aby przestrzega\u0107 hiszpa\u0144skich przepis\u00f3w przeciwdzia\u0142ania praniu pieni\u0119dzy (AML) oraz u\u0142atwi\u0107 legalny zakup nieruchomo\u015bci.<\/p><h3 data-path-to-node=\"15\"><b>Rodzaje Gromadzonych Danych<\/b><\/h3><ul data-path-to-node=\"16\"><li><p data-path-to-node=\"16,0,0\"><b>Dane Identyfikacyjne:<\/b> Imi\u0119 i nazwisko, numer paszportu\/NIE oraz status pobytu.<\/p><\/li><li><p data-path-to-node=\"16,1,0\"><b>Dane Kontaktowe:<\/b> Adres e-mail, numer telefonu i adres fizyczny do korespondencji.<\/p><\/li><li><p data-path-to-node=\"16,2,0\"><b>Dane Finansowe:<\/b> Wymagania bud\u017cetowe oraz dow\u00f3d posiadania \u015brodk\u00f3w (niezb\u0119dny przy niekt\u00f3rych ogl\u0119dzinach).<\/p><\/li><li><p data-path-to-node=\"16,3,0\"><b>Dane Techniczne:<\/b> Adres IP i zachowanie podczas przegl\u0105dania (za pomoc\u0105 plik\u00f3w cookie) w celu ulepszenia naszej <b><a class=\"ng-star-inserted\" href=\"https:\/\/brokla.com\/pl\/mapa-nieruchomosci-costa-blanca\/\" target=\"_blank\" rel=\"noopener\" data-hveid=\"0\" data-ved=\"0CAAQ_4QMahgKEwiu8dP65MSRAxUAAAAAHQAAAAAQmQc\">mapa nieruchomo\u015bci Costa Blanca<\/a><\/b> strony i interfejsu u\u017cytkownika.<\/p><\/li><\/ul><h2 data-path-to-node=\"17\"><b>3. Podstawa Prawna Przetwarzania<\/b><\/h2><p data-path-to-node=\"18\">Zgodnie z <b>polityka prywatno\u015bci nieruchomo\u015bci na Costa Blanca<\/b>, przepisami, przetwarzamy Twoje dane wy\u0142\u0105cznie wtedy, gdy mamy ku temu podstaw\u0119 prawn\u0105:<\/p><ol start=\"1\" data-path-to-node=\"19\"><li><p data-path-to-node=\"19,0,0\"><b>Zgoda:<\/b> Kiedy zapisujesz si\u0119 na nasz <a class=\"ng-star-inserted\" href=\"https:\/\/brokla.com\/pl\/aktualnosci-z-rynku-nieruchomosci-costa-blanca\/\" target=\"_blank\" rel=\"noopener\" data-hveid=\"0\" data-ved=\"0CAAQ_4QMahgKEwiu8dP65MSRAxUAAAAAHQAAAAAQmgc\">newsletter i blog rynkowy<\/a>.<\/p><\/li><li><p data-path-to-node=\"19,1,0\"><b>Konieczno\u015b\u0107 Wykonania Umowy:<\/b> Kiedy zarz\u0105dzamy sprzeda\u017c\u0105 lub zakupem Twojego domu.<\/p><\/li><li><p data-path-to-node=\"19,2,0\"><b>Obowi\u0105zek Prawny:<\/b> W celu weryfikacji to\u017csamo\u015bci zgodnie z wymogami <a class=\"ng-star-inserted\" href=\"https:\/\/www.agenciatributaria.es\/\" target=\"_blank\" rel=\"noopener\" data-hveid=\"0\" data-ved=\"0CAAQ_4QMahgKEwiu8dP65MSRAxUAAAAAHQAAAAAQmwc\">Hiszpa\u0144skiej Agencji Podatkowej (Agencia Tributaria)<\/a>.<\/p><\/li><\/ol><h2 data-path-to-node=\"20\"><b>4. Przechowywanie Danych i \u015arodki Bezpiecze\u0144stwa<\/b><\/h2><p data-path-to-node=\"21\">Czas przechowywania Twoich informacji zale\u017cy od charakteru naszej relacji. W przypadku podstawowych zapyta\u0144 dane s\u0105 przechowywane przez 2 lata. W przypadku zako\u0144czonych transakcji nieruchomo\u015bci, prawo hiszpa\u0144skie wymaga od nas przechowywania dokumentacji przez co najmniej <b>5 do 7 lat<\/b>.<\/p><p data-path-to-node=\"22\">Stosujemy zaawansowane <b>szyfrowanie SSL<\/b> i bezpieczne serwery, aby zapewni\u0107 ochron\u0119 ka\u017cdej interakcji obj\u0119tej t\u0105 <b>polityka prywatno\u015bci nieruchomo\u015bci na Costa Blanca<\/b> polityk\u0105 przed nieautoryzowanym dost\u0119pem. Kierujemy si\u0119 wytycznymi <a class=\"ng-star-inserted\" href=\"https:\/\/www.aepd.es\/en\" target=\"_blank\" rel=\"noopener\" data-hveid=\"0\" data-ved=\"0CAAQ_4QMahgKEwiu8dP65MSRAxUAAAAAHQAAAAAQnAc\">Hiszpa\u0144skiej Agencji Ochrony Danych (AEPD)<\/a> , aby utrzyma\u0107 najwy\u017csze standardy bezpiecze\u0144stwa.<\/p><h2 data-path-to-node=\"23\"><b>5. Udost\u0119pnianie Danych Podmiotom Trzecim<\/b><\/h2><p data-path-to-node=\"24\">Nigdy nie sprzedajemy Twoich danych firmom marketingowym. Jednak\u017ce, aby sfinalizowa\u0107 sprzeda\u017c nieruchomo\u015bci w Hiszpanii, musimy udost\u0119pni\u0107 odpowiednie dane:<\/p><ul data-path-to-node=\"25\"><li><p data-path-to-node=\"25,0,0\"><b>Notariuszom i Prawnikom:<\/b> W celu sporz\u0105dzenia \u201cEscritury\u201d (Aktu Notarialnego \/ Tytu\u0142u W\u0142asno\u015bci).<\/p><\/li><li><p data-path-to-node=\"25,1,0\"><b>Rejestratorom Nieruchomo\u015bci:<\/b> W celu aktualizacji <a class=\"ng-star-inserted\" href=\"https:\/\/www.registradores.org\/\" target=\"_blank\" rel=\"noopener\" data-hveid=\"0\" data-ved=\"0CAAQ_4QMahgKEwiu8dP65MSRAxUAAAAAHQAAAAAQnQc\">Rejestru W\u0142asno\u015bci (Registro de la Propiedad)<\/a>.<\/p><\/li><li><p data-path-to-node=\"25,2,0\"><b>Dostawcom Us\u0142ug Technicznych:<\/b> Naszym dostawcom CRM i hostingu strony internetowej, kt\u00f3rzy pomagaj\u0105 w zarz\u0105dzaniu nasz\u0105 dzia\u0142alno\u015bci\u0105. <b><a class=\"ng-star-inserted\" href=\"https:\/\/brokla.com\/pl\/ogloszenia-nieruchomosci-na-costa-blanca\/\" target=\"_blank\" rel=\"noopener\" data-hveid=\"0\" data-ved=\"0CAAQ_4QMahgKEwiu8dP65MSRAxUAAAAAHQAAAAAQngc\">oferty nieruchomo\u015bci na Costa Blanca<\/a><\/b>.<\/p><\/li><\/ul><h2 data-path-to-node=\"26\"><b>6. Twoje Prawa na Mocy RODO<\/b><\/h2><p data-path-to-node=\"27\">Nasza <b>polityka prywatno\u015bci nieruchomo\u015bci na Costa Blanca<\/b> RODO gwarantuje Ci pe\u0142n\u0105 kontrol\u0119 nad Twoimi danymi. Masz prawo do:<\/p><ul data-path-to-node=\"28\"><li><p data-path-to-node=\"28,0,0\"><b>Dost\u0119pu:<\/b> Sprawdzenia, jakie dane o Tobie posiadamy.<\/p><\/li><li><p data-path-to-node=\"28,1,0\"><b>Sprostowania:<\/b> Aktualizacji wszelkich nieprawid\u0142owych informacji.<\/p><\/li><li><p data-path-to-node=\"28,2,0\"><b>Usuni\u0119cia:<\/b> Wniosek o \u201cPrawo do bycia zapomnianym\u201d (usuni\u0119cie danych).<\/p><\/li><li><p data-path-to-node=\"28,3,0\"><b>Sprzeciw:<\/b> W ka\u017cdej chwili mo\u017cesz zrezygnowa\u0107 z otrzymywania naszych newsletter\u00f3w marketingowych.<\/p><\/li><\/ul><h2 data-path-to-node=\"29\"><b>7. Mi\u0119dzynarodowe Transfery Danych<\/b><\/h2><p data-path-to-node=\"30\">Je\u015bli jeste\u015b mi\u0119dzynarodowym nabywc\u0105 spoza EOG (Europejskiego Obszaru Gospodarczego), Twoje dane mog\u0105 by\u0107 przetwarzane zgodnie z rygorystycznymi standardami ochrony zatwierdzonymi przez UE, aby zapewni\u0107, <b>polityka prywatno\u015bci nieruchomo\u015bci na Costa Blanca<\/b> \u017ce Twoje prawa pozostaj\u0105 nienaruszone niezale\u017cnie od lokalizacji.<\/p>\t\t\t\t\t\t\t\t<\/div>\n\t\t\t\t\t<\/div>\n\t\t\t\t<\/div>\n\t\t<div class=\"elementor-element elementor-element-16924a9 e-flex e-con-boxed e-con e-parent\" data-id=\"16924a9\" data-element_type=\"container\" data-e-type=\"container\">\n\t\t\t\t\t<div class=\"e-con-inner\">\n\t\t\t\t<div class=\"elementor-element elementor-element-363d63f elementor-widget elementor-widget-houzez_elementor_testimonials\" data-id=\"363d63f\" data-element_type=\"widget\" data-e-type=\"widget\" data-widget_type=\"houzez_elementor_testimonials.default\">\n\t\t\t\t<div class=\"elementor-widget-container\">\n\t\t\t\t\t\n            <div class=\"testimonials-module testimonials-module-v1\">\n                <div class=\"row\">\n                    \n                            <div class=\"col-md-4\">\n                                <div class=\"testimonial-item testimonial-item-v1 text-center mb-4\">\n\n\t        <div class=\"testimonial-thumb mb-2\">\n            <img decoding=\"async\" width=\"150\" height=\"150\" src=\"https:\/\/brokla.com\/wp-content\/uploads\/2026\/01\/Clients-1.jpg\" class=\"img-fluid rounded-circle\" alt=\"opinia klienta\" srcset=\"https:\/\/brokla.com\/wp-content\/uploads\/2026\/01\/Clients-1.jpg 1024w, https:\/\/brokla.com\/wp-content\/uploads\/2026\/01\/Clients-1-780x780.jpg 780w\" sizes=\"(max-width: 150px) 100vw, 150px\" title=\"\">        <\/div>\n    \n\t\n\t<div class=\"testimonial-body mb-2\">\n\t\tBrokla Realty przeprowadzi\u0142a mnie przez ka\u017cdy etap procesu zakupu. Doskona\u0142a komunikacja i naprawd\u0119 rzetelna obs\u0142uga. Polecam z ca\u0142ego serca!\t<\/div><!-- testimonial-body -->\n\t<div class=\"testimonial-info\">\n\t\t<strong class=\"testimonial-name\">Marek<\/strong><br>\n\t\t<em class=\"testimonial-job\">Prawnik<\/em>\n\t<\/div><!-- testimonial-info -->\n<\/div><!-- testimonial-item -->                            <\/div>\n                    \n                            <div class=\"col-md-4\">\n                                <div class=\"testimonial-item testimonial-item-v1 text-center mb-4\">\n\n\t        <div class=\"testimonial-thumb mb-2\">\n            <img decoding=\"async\" width=\"150\" height=\"150\" src=\"https:\/\/brokla.com\/wp-content\/uploads\/2026\/01\/Clients-4.jpg\" class=\"img-fluid rounded-circle\" alt=\"Opinia klienta\" srcset=\"https:\/\/brokla.com\/wp-content\/uploads\/2026\/01\/Clients-4.jpg 1024w, https:\/\/brokla.com\/wp-content\/uploads\/2026\/01\/Clients-4-780x780.jpg 780w\" sizes=\"(max-width: 150px) 100vw, 150px\" title=\"\">        <\/div>\n    \n\t\n\t<div class=\"testimonial-body mb-2\">\n\t\tWsp\u00f3\u0142praca z Brokla Realty to by\u0142o \u015bwietne do\u015bwiadczenie. Dok\u0142adnie zrozumieli, czego szukam, i szybko pomogli mi znale\u017a\u0107 odpowiedni\u0105 nieruchomo\u015b\u0107\t<\/div><!-- testimonial-body -->\n\t<div class=\"testimonial-info\">\n\t\t<strong class=\"testimonial-name\">Kim<\/strong><br>\n\t\t<em class=\"testimonial-job\">Fotograf, Prowadz\u0105cy dzia\u0142alno\u015b\u0107 na w\u0142asny rachunek<\/em>\n\t<\/div><!-- testimonial-info -->\n<\/div><!-- testimonial-item -->                            <\/div>\n                    \n                            <div class=\"col-md-4\">\n                                <div class=\"testimonial-item testimonial-item-v1 text-center mb-4\">\n\n\t        <div class=\"testimonial-thumb mb-2\">\n            <img decoding=\"async\" width=\"150\" height=\"150\" src=\"https:\/\/brokla.com\/wp-content\/uploads\/2026\/01\/Clients-5.jpg\" class=\"img-fluid rounded-circle\" alt=\"opinia klienta\" srcset=\"https:\/\/brokla.com\/wp-content\/uploads\/2026\/01\/Clients-5.jpg 1024w, https:\/\/brokla.com\/wp-content\/uploads\/2026\/01\/Clients-5-780x780.jpg 780w\" sizes=\"(max-width: 150px) 100vw, 150px\" title=\"\">        <\/div>\n    \n\t\n\t<div class=\"testimonial-body mb-2\">\n\t\tBrokla Realty sprawi\u0142a, \u017ce ca\u0142y proces by\u0142 prosty i bezstresowy. Ich profesjonalizm i dba\u0142o\u015b\u0107 o szczeg\u00f3\u0142y naprawd\u0119 przeros\u0142y moje oczekiwania\t<\/div><!-- testimonial-body -->\n\t<div class=\"testimonial-info\">\n\t\t<strong class=\"testimonial-name\">Diana<\/strong><br>\n\t\t<em class=\"testimonial-job\">Prezes, Firma REM<\/em>\n\t<\/div><!-- testimonial-info -->\n<\/div><!-- testimonial-item -->                            <\/div>\n                    \n                            <div class=\"col-md-4\">\n                                <div class=\"testimonial-item testimonial-item-v1 text-center mb-4\">\n\n\t        <div class=\"testimonial-thumb mb-2\">\n            <img loading=\"lazy\" decoding=\"async\" width=\"150\" height=\"150\" src=\"https:\/\/brokla.com\/wp-content\/uploads\/2026\/01\/Clients-3.jpg\" class=\"img-fluid rounded-circle\" alt=\"opinia klienta\" srcset=\"https:\/\/brokla.com\/wp-content\/uploads\/2026\/01\/Clients-3.jpg 1024w, https:\/\/brokla.com\/wp-content\/uploads\/2026\/01\/Clients-3-780x780.jpg 780w\" sizes=\"(max-width: 150px) 100vw, 150px\" title=\"\">        <\/div>\n    \n\t\n\t<div class=\"testimonial-body mb-2\">\n\t\tDrodzy specjali\u015bci rynku nieruchomo\u015bci i wszyscy zainteresowani! Mn\u00f3stwo ofert na Costa Blance, szczeg\u00f3lnie w Benidorm.\t<\/div><!-- testimonial-body -->\n\t<div class=\"testimonial-info\">\n\t\t<strong class=\"testimonial-name\">Nicco<\/strong><br>\n\t\t<em class=\"testimonial-job\">Kierownik<\/em>\n\t<\/div><!-- testimonial-info -->\n<\/div><!-- testimonial-item -->                            <\/div>\n                    \n                            <div class=\"col-md-4\">\n                                <div class=\"testimonial-item testimonial-item-v1 text-center mb-4\">\n\n\t        <div class=\"testimonial-thumb mb-2\">\n            <img loading=\"lazy\" decoding=\"async\" width=\"150\" height=\"150\" src=\"https:\/\/brokla.com\/wp-content\/uploads\/2026\/01\/Clients-6.jpg\" class=\"img-fluid rounded-circle\" alt=\"Opinia klienta\" srcset=\"https:\/\/brokla.com\/wp-content\/uploads\/2026\/01\/Clients-6.jpg 1024w, https:\/\/brokla.com\/wp-content\/uploads\/2026\/01\/Clients-6-780x780.jpg 780w\" sizes=\"(max-width: 150px) 100vw, 150px\" title=\"\">        <\/div>\n    \n\t\n\t<div class=\"testimonial-body mb-2\">\n\t\tDobra obs\u0142uga, proces zakupu by\u0142 \u0142atwy. My\u015bla\u0142em, \u017ce b\u0119dzie bardziej skomplikowany. Dzi\u0119ki tym ludziom mam teraz taki widok! https:\/\/maps.app.goo.gl\/V9jp9EvFYDDVGDiS9\t<\/div><!-- testimonial-body -->\n\t<div class=\"testimonial-info\">\n\t\t<strong class=\"testimonial-name\">D. Goldstein<\/strong><br>\n\t\t<em class=\"testimonial-job\">W\u0142a\u015bciciel Firmy<\/em>\n\t<\/div><!-- testimonial-info -->\n<\/div><!-- testimonial-item -->                            <\/div>\n                                    <\/div>\n            <\/div><!-- testimonials-module -->\n\n        \n\n        \t\t\t\t<\/div>\n\t\t\t\t<\/div>\n\t\t\t\t\t<\/div>\n\t\t\t\t<\/div>\n\t\t\t\t<\/div>","protected":false},"excerpt":{"rendered":"<p>Costa Blanca Real Estate Privacy Policy Last Updated: 2025 year At Brokla, we take the protection of your personal information seriously. This Costa Blanca real estate privacy policy explains how we collect, use, and safeguard your data when you visit our website, inquire about listings, or use our services. We operate in full compliance with [&hellip;]<\/p>\n","protected":false},"author":1,"featured_media":18334,"parent":0,"menu_order":0,"comment_status":"closed","ping_status":"closed","template":"template\/template-page.php","meta":{"googlesitekit_rrm_CAowzI3FDA:productID":"","footnotes":""},"class_list":["post-748","page","type-page","status-publish","has-post-thumbnail","hentry"],"_links":{"self":[{"href":"https:\/\/brokla.com\/pl\/wp-json\/wp\/v2\/pages\/748","targetHints":{"allow":["GET"]}}],"collection":[{"href":"https:\/\/brokla.com\/pl\/wp-json\/wp\/v2\/pages"}],"about":[{"href":"https:\/\/brokla.com\/pl\/wp-json\/wp\/v2\/types\/page"}],"author":[{"embeddable":true,"href":"https:\/\/brokla.com\/pl\/wp-json\/wp\/v2\/users\/1"}],"replies":[{"embeddable":true,"href":"https:\/\/brokla.com\/pl\/wp-json\/wp\/v2\/comments?post=748"}],"version-history":[{"count":0,"href":"https:\/\/brokla.com\/pl\/wp-json\/wp\/v2\/pages\/748\/revisions"}],"wp:featuredmedia":[{"embeddable":true,"href":"https:\/\/brokla.com\/pl\/wp-json\/wp\/v2\/media\/18334"}],"wp:attachment":[{"href":"https:\/\/brokla.com\/pl\/wp-json\/wp\/v2\/media?parent=748"}],"curies":[{"name":"wp","href":"https:\/\/api.w.org\/{rel}","templated":true}]}}